{"id":79998,"date":"2025-04-12T14:45:58","date_gmt":"2025-04-12T14:45:58","guid":{"rendered":"https:\/\/brandss.com.py\/index\/?post_type=product&#038;p=79998"},"modified":"2025-05-10T12:58:27","modified_gmt":"2025-05-10T12:58:27","slug":"perfume-masculino-brand-collection-dream-n135-life-water-men-edp-25ml","status":"publish","type":"product","link":"https:\/\/brandss.com.py\/index\/producto\/perfume-masculino-brand-collection-dream-n135-life-water-men-edp-25ml\/","title":{"rendered":"PERFUME MASCULINO BRAND COLLECTION DREAM N\u00b0135 LIFE WATER MEN EDP 25ML"},"content":{"rendered":"<p><img loading=\"lazy\" decoding=\"async\" class=\"\" src=\"https:\/\/brandcollectionperfume.com\/cdn\/shop\/files\/Untitled_design_1.png?v=1687781756&amp;width=500\" alt=\"Terms of Service \u2013 YouSmellSoGood\" width=\"144\" height=\"81\" \/><\/p>\n<h1>DREAM N\u00b0135 LIFE WATER MEN<\/h1>\n<p align=\"start\"><span>Es una fragancia aut\u00e9ntica y \u00fanica que expresa una originalidad incuestionable y buen gusto. Una deliciosa armon\u00eda contrastante hace de este perfume uno de los m\u00e1s deseados de los \u00faltimos a\u00f1os.<\/span><\/p>\n<p align=\"start\"><span>Una evidencia de perfume.\u00a0\u00a0<\/span>135 Life Water\u00a0<span>\u00a0elige el agua, elemento esencial, fuente de pureza, frescura y vitalidad como fuente de inspiraci\u00f3n para este incre\u00edble perfume. Una aut\u00e9ntica revoluci\u00f3n olfativa, se ha convertido en un gran cl\u00e1sico de la perfumer\u00eda.\u00a0<\/span><\/p>\n<p align=\"start\"><span>Con total discreci\u00f3n,\u00a0135 Life Water\u00a0\u00a0se ha convertido en una referencia de elegancia y exclusividad en el mundo de la perfumer\u00eda masculina. Muy innovadora, esta fragancia c\u00edtrica con foco en especias y madera, ha llegado al p\u00fablico general con gran \u00e9xito. Su evidente frescura y originalidad revelan el car\u00e1cter masculino tradicional.\u00a0<\/span><\/p>\n<p align=\"start\"><span>La nota de salida contiene la fragancia ex\u00f3tica de Yuzu (lim\u00f3n japon\u00e9s). En su coraz\u00f3n hay notas especiadas de canela y nuez moscada. Y en la nota de fondo hay s\u00e1ndalo.<\/span><\/p>\n<h3 align=\"start\">Notas Olfativas<\/h3>\n<p align=\"start\" data-spm-anchor-id=\"a2g0o.detail.1000023.i0.13dcU9mWU9mWjv\"><span>\u00a0\u00a1La fragancia masculina m\u00e1s atrevida, elegante y cautivadora de todos los tiempos!<\/span><\/p>\n<p data-pm-slice=\"1 1 []\"><strong><span>Notas de salida:<\/span><\/strong><span>\u00a0Yuzu, lim\u00f3n, bergamota, verbena de lim\u00f3n, mandarina, cipr\u00e9s, calone, cilantro, estrag\u00f3n y salvia;<\/span><\/p>\n<p><strong><span>Notas de coraz\u00f3n:<\/span><\/strong><span>\u00a0loto azul, nuez moscada, lirio de los valles, azafr\u00e1n, geranio borb\u00f3n, canela de Ceil\u00e1n y reseda;<\/span><\/p>\n<p><strong><span>Notas de fondo:<\/span><\/strong><span>\u00a0vetiver de Tahit\u00ed, almizcle, cedro, s\u00e1ndalo, tabaco y \u00e1mbar.<\/span><\/p>\n","protected":false},"excerpt":{"rendered":"<p>DREAM N\u00b0135 LIFE WATER MEN Es una fragancia aut\u00e9ntica y \u00fanica que expresa una originalidad incuestionable y buen gusto. Una<\/p>\n","protected":false},"featured_media":79999,"comment_status":"open","ping_status":"closed","template":"","meta":{"nf_dc_page":""},"product_brand":[],"product_cat":[84],"product_tag":[],"class_list":{"0":"post-79998","1":"product","2":"type-product","3":"status-publish","4":"has-post-thumbnail","6":"product_cat-perfumeria","8":"first","9":"instock","10":"shipping-taxable","11":"purchasable","12":"product-type-simple"},"_links":{"self":[{"href":"https:\/\/brandss.com.py\/index\/wp-json\/wp\/v2\/product\/79998","targetHints":{"allow":["GET"]}}],"collection":[{"href":"https:\/\/brandss.com.py\/index\/wp-json\/wp\/v2\/product"}],"about":[{"href":"https:\/\/brandss.com.py\/index\/wp-json\/wp\/v2\/types\/product"}],"replies":[{"embeddable":true,"href":"https:\/\/brandss.com.py\/index\/wp-json\/wp\/v2\/comments?post=79998"}],"version-history":[{"count":1,"href":"https:\/\/brandss.com.py\/index\/wp-json\/wp\/v2\/product\/79998\/revisions"}],"predecessor-version":[{"id":80003,"href":"https:\/\/brandss.com.py\/index\/wp-json\/wp\/v2\/product\/79998\/revisions\/80003"}],"wp:featuredmedia":[{"embeddable":true,"href":"https:\/\/brandss.com.py\/index\/wp-json\/wp\/v2\/media\/79999"}],"wp:attachment":[{"href":"https:\/\/brandss.com.py\/index\/wp-json\/wp\/v2\/media?parent=79998"}],"wp:term":[{"taxonomy":"product_brand","embeddable":true,"href":"https:\/\/brandss.com.py\/index\/wp-json\/wp\/v2\/product_brand?post=79998"},{"taxonomy":"product_cat","embeddable":true,"href":"https:\/\/brandss.com.py\/index\/wp-json\/wp\/v2\/product_cat?post=79998"},{"taxonomy":"product_tag","embeddable":true,"href":"https:\/\/brandss.com.py\/index\/wp-json\/wp\/v2\/product_tag?post=79998"}],"curies":[{"name":"wp","href":"https:\/\/api.w.org\/{rel}","templated":true}]}}