{"id":80010,"date":"2025-04-12T18:17:11","date_gmt":"2025-04-12T18:17:11","guid":{"rendered":"https:\/\/brandss.com.py\/index\/?post_type=product&#038;p=80010"},"modified":"2025-08-23T16:30:24","modified_gmt":"2025-08-23T16:30:24","slug":"perfume-femenino-brand-collection-dream-n138-love-love-edp-25ml","status":"publish","type":"product","link":"https:\/\/brandss.com.py\/index\/producto\/perfume-femenino-brand-collection-dream-n138-love-love-edp-25ml\/","title":{"rendered":"PERFUME FEMENINO BRAND COLLECTION DREAM N\u00b0138 LOVE LOVE EDP 25ML"},"content":{"rendered":"<p><img loading=\"lazy\" decoding=\"async\" class=\"\" src=\"https:\/\/brandcollectionperfume.com\/cdn\/shop\/files\/Untitled_design_1.png?v=1687781756&amp;width=500\" alt=\"Terms of Service \u2013 YouSmellSoGood\" width=\"105\" height=\"59\" \/><\/p>\n<h1>DREAM N\u00b0138 LOVE LOVE<\/h1>\n<p><span>Es una fragancia oriental afrutada que irradia energ\u00eda, frescura y un toque de sensualidad. Creado para la mujer moderna, este perfume es perfecto para quienes aman vivir la vida con intensidad y estilo. Perfume <\/span>Love Love<span>\u00a0es la elecci\u00f3n ideal para las mujeres que buscan una fragancia que sea vibrante y atractiva, que refleje su personalidad divertida y rom\u00e1ntica.<\/span><\/p>\n<p><span>La composici\u00f3n <\/span><span>es una aut\u00e9ntica explosi\u00f3n de notas frutales y florales que capturan la esencia de la feminidad de una manera \u00fanica. La apertura est\u00e1 dominada por una refrescante combinaci\u00f3n de\u00a0<\/span>grosella negra,\u00a0naranja,\u00a0mandarina\u00a0y\u00a0pomelo, que aportan una sensaci\u00f3n de frescura y vitalidad. Estas notas frutales se entrelazan con\u00a0casia\u00a0y\u00a0bergamota<span>, que aportan un toque ligeramente picante y c\u00edtrico, d\u00e1ndole una complejidad fascinante desde el principio.<\/span><\/p>\n<p><span>A medida que se desarrolla<\/span><span>, las notas de coraz\u00f3n comienzan a destacarse, aportando una suavidad floral que evoca delicadeza y romanticismo. La combinaci\u00f3n de\u00a0<\/span>rosa,\u00a0albaricoque,\u00a0jazm\u00edn,\u00a0lirio\u00a0y\u00a0lirio de los valles\u00a0crea una armon\u00eda perfecta, haciendo que la fragancia sea m\u00e1s cautivadora y cautivadora. El\u00a0Perfume Love Love<span>\u00a0exuda una feminidad refinada, que es al mismo tiempo suave y llamativa, como un abrazo acogedor y delicado.<\/span><\/p>\n<p><span>En el fondo, las notas m\u00e1s profundas<\/span><span>\u00a0revelan la presencia envolvente de\u00a0<\/span>vainilla,\u00a0haba tonka,\u00a0almizcle,\u00a0\u00e1mbar\u00a0y\u00a0cedro de Virginia. Estas notas le dan a la fragancia una base c\u00e1lida y sensual, creando un aura de sofisticaci\u00f3n y elegancia que perdura durante horas. La vainilla\u00a0aporta una dulzura c\u00e1lida, mientras que\u00a0el haba tonka\u00a0y\u00a0el almizcle a\u00f1aden\u00a0una<span>\u00a0riqueza y suavidad que equilibra la frescura de las notas frutales y florales.<\/span><\/p>\n<p><span>Love Love es ideal para mujeres que aman celebrar la vida, la pasi\u00f3n y la belleza de los momentos especiales. Su fragancia dulce y envolvente es perfecta para usar durante encuentros rom\u00e1nticos o en ocasiones que requieran un toque de glamour y elegancia. Con cada aplicaci\u00f3n, <\/span><span>revela una personalidad \u00fanica, capaz de cautivar a todos los que te rodean y dejar una impresi\u00f3n inolvidable.<\/span><\/p>\n<p><span>El dise\u00f1o del frasco <\/span><span>refleja la propuesta de la fragancia: moderna, sofisticada y encantadora. Su elegante forma y colores vibrantes transmiten una sensaci\u00f3n de frescura y feminidad, combinando perfectamente con la esencia de la fragancia que contiene.<\/span><\/p>\n<h3>Notas Olfativas<\/h3>\n<p>Love Love <span>es una fragancia ideal para mujeres divertidas, rom\u00e1nticas y apasionadas por la vida. Su combinaci\u00f3n \u00fanica de notas frutales, florales y orientales crea una experiencia sensorial inmersiva e inolvidable. Si buscas un perfume que resalte tu personalidad moderna y vibrante, <\/span>Love Love<span>\u00a0es la elecci\u00f3n perfecta para acompa\u00f1arte en todos los momentos especiales.<\/span><\/p>\n<p>&nbsp;<\/p>\n<p><strong><span>Notas de salida:<\/span><\/strong><span> grosella negra, naranja, mandarina, pomelo, casia y bergamota.<\/span><\/p>\n<p><strong><span>Notas de Coraz\u00f3n:<\/span><\/strong><span> Rosa, Albaricoque, Jazm\u00edn, Lirio y Lirio de los Valles.<\/span><\/p>\n<p><strong><span>Notas de fondo:<\/span><\/strong><span>\u00a0vainilla, haba tonka, almizcle, \u00e1mbar y cedro de Virginia.<\/span><\/p>\n","protected":false},"excerpt":{"rendered":"<p>DREAM N\u00b0138 LOVE LOVE Es una fragancia oriental afrutada que irradia energ\u00eda, frescura y un toque de sensualidad. Creado para<\/p>\n","protected":false},"featured_media":80011,"comment_status":"open","ping_status":"closed","template":"","meta":{"nf_dc_page":""},"product_brand":[],"product_cat":[84],"product_tag":[],"class_list":{"0":"post-80010","1":"product","2":"type-product","3":"status-publish","4":"has-post-thumbnail","6":"product_cat-perfumeria","8":"first","9":"outofstock","10":"shipping-taxable","11":"purchasable","12":"product-type-simple"},"_links":{"self":[{"href":"https:\/\/brandss.com.py\/index\/wp-json\/wp\/v2\/product\/80010","targetHints":{"allow":["GET"]}}],"collection":[{"href":"https:\/\/brandss.com.py\/index\/wp-json\/wp\/v2\/product"}],"about":[{"href":"https:\/\/brandss.com.py\/index\/wp-json\/wp\/v2\/types\/product"}],"replies":[{"embeddable":true,"href":"https:\/\/brandss.com.py\/index\/wp-json\/wp\/v2\/comments?post=80010"}],"version-history":[{"count":1,"href":"https:\/\/brandss.com.py\/index\/wp-json\/wp\/v2\/product\/80010\/revisions"}],"predecessor-version":[{"id":80015,"href":"https:\/\/brandss.com.py\/index\/wp-json\/wp\/v2\/product\/80010\/revisions\/80015"}],"wp:featuredmedia":[{"embeddable":true,"href":"https:\/\/brandss.com.py\/index\/wp-json\/wp\/v2\/media\/80011"}],"wp:attachment":[{"href":"https:\/\/brandss.com.py\/index\/wp-json\/wp\/v2\/media?parent=80010"}],"wp:term":[{"taxonomy":"product_brand","embeddable":true,"href":"https:\/\/brandss.com.py\/index\/wp-json\/wp\/v2\/product_brand?post=80010"},{"taxonomy":"product_cat","embeddable":true,"href":"https:\/\/brandss.com.py\/index\/wp-json\/wp\/v2\/product_cat?post=80010"},{"taxonomy":"product_tag","embeddable":true,"href":"https:\/\/brandss.com.py\/index\/wp-json\/wp\/v2\/product_tag?post=80010"}],"curies":[{"name":"wp","href":"https:\/\/api.w.org\/{rel}","templated":true}]}}