{"id":80016,"date":"2025-04-12T19:18:40","date_gmt":"2025-04-12T19:18:40","guid":{"rendered":"https:\/\/brandss.com.py\/index\/?post_type=product&#038;p=80016"},"modified":"2026-03-14T11:26:01","modified_gmt":"2026-03-14T11:26:01","slug":"perfume-masculino-brand-collection-dream-n141-dior-cologne-edp-25ml","status":"publish","type":"product","link":"https:\/\/brandss.com.py\/index\/producto\/perfume-masculino-brand-collection-dream-n141-dior-cologne-edp-25ml\/","title":{"rendered":"PERFUME MASCULINO BRAND COLLECTION DREAM N\u00b0141 DIOR COLOGNE EDP 25ML"},"content":{"rendered":"<p><img loading=\"lazy\" decoding=\"async\" class=\"\" src=\"https:\/\/brandcollectionperfume.com\/cdn\/shop\/files\/Untitled_design_1.png?v=1687781756&amp;width=500\" alt=\"Terms of Service \u2013 YouSmellSoGood\" width=\"135\" height=\"76\" \/><\/p>\n<h1>DREAM N\u00b0141 DIOR COLOGNE<\/h1>\n<p><span>Es una fragancia sofisticada y refinada, desarrollada especialmente para hombres que buscan un aroma \u00fanico y cautivador. Con su excepcional mezcla de notas <\/span>amaderadas,\u00a0especiadas\u00a0y\u00a0c\u00edtricas, este perfume proporciona una experiencia olfativa sorprendente, ideal para quienes desean transmitir una imagen de confianza, elegancia y autenticidad. Dior\u00a0Cologne<span>\u00a0es la elecci\u00f3n perfecta para el hombre moderno que valora la sofisticaci\u00f3n en cada detalle.<\/span><\/p>\n<p>Dior Cologne<span>\u00a0destaca por su composici\u00f3n equilibrada y vers\u00e1til, que combina frescura y profundidad. Las\u00a0<\/span>notas\u00a0de salida c\u00edtricas proporcionan una apertura vibrante y vigorizante, aportando la energ\u00eda del\u00a0lim\u00f3n\u00a0y\u00a0la bergamota<span>, dando una frescura inmediata y agradable. Estas notas iniciales son ideales para quienes buscan un perfume ligero y llamativo, perfecto para el d\u00eda a d\u00eda o para ocasiones m\u00e1s relajadas. <\/span><span>En el coraz\u00f3n <\/span><span>comienzan a revelarse, aportando un toque de complejidad a la fragancia.\u00a0<\/span>La pimienta negra\u00a0y\u00a0otras especias le confieren un car\u00e1cter vibrante y din\u00e1mico, equilibrando perfectamente con la frescura de las notas c\u00edtricas. Estos matices especiados hacen que el perfume sea a\u00fan m\u00e1s sofisticado e interesante, sin perder la elegancia que caracteriza\u00a0a Dior Cologne.<\/p>\n<p><span>Las\u00a0<\/span>notas amaderadas\u00a0presentes en las notas de fondo aseguran que el perfume tenga una base s\u00f3lida y duradera. El cedro\u00a0y\u00a0el vetiver ofrecen una sensaci\u00f3n de calidez y profundidad,<span> d\u00e1ndole al perfume un toque refinado y masculino. Estas notas amaderadas son perfectas para crear una sensaci\u00f3n de permanencia, haciendo de\u00a0Dior Cologne una excelente opci\u00f3n para quienes desean una fragancia que dure todo el d\u00eda y sea recordada por quienes los rodean.<\/span><\/p>\n<p><span>El frasco<\/span><span> es ideal para quienes est\u00e1n siempre en movimiento, ya que permite retoques r\u00e1pidos a lo largo del d\u00eda. Su tama\u00f1o compacto hace que el perfume sea f\u00e1cil de llevar, ya sea en el bolsillo o en el bolso, para que siempre puedas tener esta sofisticada fragancia a mano. Incluso con un n\u00famero reducido de pulverizaciones la fragancia <\/span><span>ofrece una presencia sorprendente, garantizando que te noten dondequiera que est\u00e9s.<\/span><\/p>\n<p><span>Adem\u00e1s de ser una fragancia de alta calidad, <\/span>Dior Cologne <span>tambi\u00e9n destaca por su exclusividad. Si eres un hombre que busca un perfume que combine frescura, sofisticaci\u00f3n y un toque de misterio,\u00a0<\/span>Dior Cologne<span>\u00a0es la elecci\u00f3n correcta. Es ideal para una variedad de ocasiones, desde el lugar de trabajo hasta una cena m\u00e1s elegante, transmitiendo una sensaci\u00f3n de elegancia y clase en cada momento.<\/span><\/p>\n<h3>Notas Olfativas<\/h3>\n<p>Dior Cologne<span>\u00a0es la fragancia perfecta para los hombres que desean expresar confianza y elegancia. Con sus notas c\u00edtricas, especiadas y amaderadas, este perfume ofrece una experiencia olfativa impactante y sofisticada, que se adapta perfectamente a las necesidades del hombre moderno. Ya sea para el uso diario o para ocasiones especiales,\u00a0<\/span>Dior Cologne<span>\u00a0es la elecci\u00f3n que dejar\u00e1 una impresi\u00f3n duradera y \u00fanica.<\/span><\/p>\n<p>&nbsp;<\/p>\n<p data-pm-slice=\"1 1 []\"><strong><span>Notas de salida:<\/span><\/strong><span> cidra, naranja sanguina y pomelo.<\/span><\/p>\n<p><strong><span>Notas de Coraz\u00f3n:<\/span><\/strong><span> Nuez moscada y pimienta negra.<\/span><\/p>\n<p><strong><span>Notas de fondo:<\/span><\/strong><span>\u00a0S\u00e1ndalo y vetiver.<\/span><\/p>\n","protected":false},"excerpt":{"rendered":"<p>DREAM N\u00b0141 DIOR COLOGNE Es una fragancia sofisticada y refinada, desarrollada especialmente para hombres que buscan un aroma \u00fanico y<\/p>\n","protected":false},"featured_media":80017,"comment_status":"open","ping_status":"closed","template":"","meta":{"nf_dc_page":""},"product_brand":[],"product_cat":[84],"product_tag":[],"class_list":{"0":"post-80016","1":"product","2":"type-product","3":"status-publish","4":"has-post-thumbnail","6":"product_cat-perfumeria","8":"first","9":"outofstock","10":"shipping-taxable","11":"purchasable","12":"product-type-simple"},"_links":{"self":[{"href":"https:\/\/brandss.com.py\/index\/wp-json\/wp\/v2\/product\/80016","targetHints":{"allow":["GET"]}}],"collection":[{"href":"https:\/\/brandss.com.py\/index\/wp-json\/wp\/v2\/product"}],"about":[{"href":"https:\/\/brandss.com.py\/index\/wp-json\/wp\/v2\/types\/product"}],"replies":[{"embeddable":true,"href":"https:\/\/brandss.com.py\/index\/wp-json\/wp\/v2\/comments?post=80016"}],"version-history":[{"count":1,"href":"https:\/\/brandss.com.py\/index\/wp-json\/wp\/v2\/product\/80016\/revisions"}],"predecessor-version":[{"id":80019,"href":"https:\/\/brandss.com.py\/index\/wp-json\/wp\/v2\/product\/80016\/revisions\/80019"}],"wp:featuredmedia":[{"embeddable":true,"href":"https:\/\/brandss.com.py\/index\/wp-json\/wp\/v2\/media\/80017"}],"wp:attachment":[{"href":"https:\/\/brandss.com.py\/index\/wp-json\/wp\/v2\/media?parent=80016"}],"wp:term":[{"taxonomy":"product_brand","embeddable":true,"href":"https:\/\/brandss.com.py\/index\/wp-json\/wp\/v2\/product_brand?post=80016"},{"taxonomy":"product_cat","embeddable":true,"href":"https:\/\/brandss.com.py\/index\/wp-json\/wp\/v2\/product_cat?post=80016"},{"taxonomy":"product_tag","embeddable":true,"href":"https:\/\/brandss.com.py\/index\/wp-json\/wp\/v2\/product_tag?post=80016"}],"curies":[{"name":"wp","href":"https:\/\/api.w.org\/{rel}","templated":true}]}}