{"id":80020,"date":"2025-04-14T11:09:24","date_gmt":"2025-04-14T11:09:24","guid":{"rendered":"https:\/\/brandss.com.py\/index\/?post_type=product&#038;p=80020"},"modified":"2025-05-10T12:57:00","modified_gmt":"2025-05-10T12:57:00","slug":"perfume-masculino-brand-collection-dream-n148-tom-ford-oud-wood-edp-25ml","status":"publish","type":"product","link":"https:\/\/brandss.com.py\/index\/producto\/perfume-masculino-brand-collection-dream-n148-tom-ford-oud-wood-edp-25ml\/","title":{"rendered":"PERFUME MASCULINO BRAND COLLECTION DREAM N\u00b0148 TOM FORD OUD WOOD EDP 25ML"},"content":{"rendered":"<p><img loading=\"lazy\" decoding=\"async\" class=\"\" src=\"https:\/\/brandcollectionperfume.com\/cdn\/shop\/files\/Untitled_design_1.png?v=1687781756&amp;width=500\" alt=\"Terms of Service \u2013 YouSmellSoGood\" width=\"119\" height=\"67\" \/><\/p>\n<h1>DREAM N\u00b0148 TOM FORD OUD WOOD<\/h1>\n<p><span>Es una fragancia que destaca por su audacia, misterio y refinamiento. Desarrollado para hombres que aprecian los perfumes con car\u00e1cter y sofisticaci\u00f3n, este perfume combina <\/span>el oud\u00a0tradicional con otras notas que crean una composici\u00f3n \u00fanica y cautivadora. En el caso de\u00a0Tom Ford Oud Wood\u00a0, el\u00a0oud<span>\u00a0se trata de una manera especial, ofreciendo una versi\u00f3n m\u00e1s suave y pulida del ingrediente, haciendo que la fragancia sea accesible y agradable, sin las caracter\u00edsticas resinosas y pesadas que a menudo acompa\u00f1an al oud.<\/span><\/p>\n<p><span>El comienzo<\/span><span>\u00a0est\u00e1 marcado por\u00a0<\/span>notas de salida\u00a0de\u00a0cardamomo,\u00a0pimienta de Schuan\u00a0y\u00a0madera de rosa. El cardamomo\u00a0aporta una ligereza picante y refrescante, mientras que\u00a0la pimienta de Schuan a\u00f1ade un toque m\u00e1s ex\u00f3tico y vibrante a la fragancia.<span>\u00a0El palo de rosa a\u00f1ade una profundidad suave y\u00a0amaderada, aportando un aspecto sutilmente floral y sofisticado que complementa perfectamente las notas especiadas. Estas notas iniciales crean una introducci\u00f3n que es a la vez fresca e intrigante y marca el tono para el resto de la composici\u00f3n.<\/span><\/p>\n<p><span>En el coraz\u00f3n <\/span>las notas de s\u00e1ndalo\u00a0y\u00a0vetiver aportan una base amaderada y terrosa. El s\u00e1ndalo, con su suavidad cremosa, combina perfectamente con\u00a0el vetiver,<span>\u00a0que a\u00f1ade una capa verde ligeramente amaderada a la fragancia. Juntas, estas notas forman un n\u00facleo suave y profundo, que ofrece una sensaci\u00f3n de calidez y refinamiento caracter\u00edstica de los perfumes de alta calidad.<\/span><\/p>\n<p><span>Las\u00a0<\/span>notas de fondo\u00a0est\u00e1n compuestas de\u00a0\u00e1mbar\u00a0y\u00a0tonka, que proporcionan una base c\u00e1lida y envolvente. El \u00e1mbar aporta\u00a0una\u00a0suavidad c\u00e1lida y resinosa, mientras que\u00a0el tonka<span>\u00a0proporciona un toque dulce y ligeramente bals\u00e1mico, equilibrando las notas amaderadas y especiadas con un toque de comodidad y suavidad. Estas notas de fondo aseguran que el perfume tenga una longevidad impresionante en la piel, dejando una impresi\u00f3n profunda y acogedora, sin perder la ligereza y frescura de las notas iniciales.<\/span><\/p>\n<p><span>El frasco <\/span><span>es pr\u00e1ctico e ideal para quienes buscan la comodidad de un perfume de lujo en un tama\u00f1o compacto. Este tama\u00f1o lo hace f\u00e1cil de llevar y permite retoques a lo largo del d\u00eda, manteniendo la fragancia fresca en todo momento. La aplicaci\u00f3n con atomizador es eficaz, consiguiendo que el perfume se distribuya uniformemente y se concentre en las zonas del cuerpo donde dura m\u00e1s tiempo, como las mu\u00f1ecas, la nuca y detr\u00e1s de las orejas.<\/span><\/p>\n<h3>Notas Olfativas<\/h3>\n<p><span>En definitiva<\/span><span>\u00a0es una fragancia que destaca por su suavidad y sofisticaci\u00f3n. Al elaborar\u00a0<\/span>el oud\u00a0de una manera suave y brillante, el perfume ofrece una experiencia olfativa que es a la vez misteriosa y accesible, lo que lo hace ideal para hombres que buscan un aroma audaz pero elegante. Si buscas una fragancia \u00fanica y refinada que combine frescura y profundidad de forma equilibrada,\u00a0Tom Ford Oud Wood<span>\u00a0es la elecci\u00f3n perfecta para ti.<\/span><\/p>\n<p>&nbsp;<\/p>\n<p data-pm-slice=\"1 1 []\"><strong><span>Notas de salida:<\/span><\/strong><span> Cardamomo, pimienta de Schuan y madera rosada.<\/span><\/p>\n<p><strong><span>Notas de coraz\u00f3n:<\/span><\/strong><span> S\u00e1ndalo y Vetiver.<\/span><\/p>\n<p><strong><span>Notas de fondo:<\/span><\/strong><span>\u00a0\u00c1mbar y Tonka.<\/span><\/p>\n","protected":false},"excerpt":{"rendered":"<p>DREAM N\u00b0148 TOM FORD OUD WOOD Es una fragancia que destaca por su audacia, misterio y refinamiento. Desarrollado para hombres<\/p>\n","protected":false},"featured_media":80021,"comment_status":"open","ping_status":"closed","template":"","meta":{"nf_dc_page":""},"product_brand":[],"product_cat":[84],"product_tag":[],"class_list":{"0":"post-80020","1":"product","2":"type-product","3":"status-publish","4":"has-post-thumbnail","6":"product_cat-perfumeria","8":"first","9":"instock","10":"shipping-taxable","11":"purchasable","12":"product-type-simple"},"_links":{"self":[{"href":"https:\/\/brandss.com.py\/index\/wp-json\/wp\/v2\/product\/80020","targetHints":{"allow":["GET"]}}],"collection":[{"href":"https:\/\/brandss.com.py\/index\/wp-json\/wp\/v2\/product"}],"about":[{"href":"https:\/\/brandss.com.py\/index\/wp-json\/wp\/v2\/types\/product"}],"replies":[{"embeddable":true,"href":"https:\/\/brandss.com.py\/index\/wp-json\/wp\/v2\/comments?post=80020"}],"version-history":[{"count":1,"href":"https:\/\/brandss.com.py\/index\/wp-json\/wp\/v2\/product\/80020\/revisions"}],"predecessor-version":[{"id":80024,"href":"https:\/\/brandss.com.py\/index\/wp-json\/wp\/v2\/product\/80020\/revisions\/80024"}],"wp:featuredmedia":[{"embeddable":true,"href":"https:\/\/brandss.com.py\/index\/wp-json\/wp\/v2\/media\/80021"}],"wp:attachment":[{"href":"https:\/\/brandss.com.py\/index\/wp-json\/wp\/v2\/media?parent=80020"}],"wp:term":[{"taxonomy":"product_brand","embeddable":true,"href":"https:\/\/brandss.com.py\/index\/wp-json\/wp\/v2\/product_brand?post=80020"},{"taxonomy":"product_cat","embeddable":true,"href":"https:\/\/brandss.com.py\/index\/wp-json\/wp\/v2\/product_cat?post=80020"},{"taxonomy":"product_tag","embeddable":true,"href":"https:\/\/brandss.com.py\/index\/wp-json\/wp\/v2\/product_tag?post=80020"}],"curies":[{"name":"wp","href":"https:\/\/api.w.org\/{rel}","templated":true}]}}