{"id":80031,"date":"2025-04-14T13:12:47","date_gmt":"2025-04-14T13:12:47","guid":{"rendered":"https:\/\/brandss.com.py\/index\/?post_type=product&#038;p=80031"},"modified":"2025-05-10T13:21:33","modified_gmt":"2025-05-10T13:21:33","slug":"perfume-femenino-brand-collection-dream-n151-delina-edp-25ml","status":"publish","type":"product","link":"https:\/\/brandss.com.py\/index\/producto\/perfume-femenino-brand-collection-dream-n151-delina-edp-25ml\/","title":{"rendered":"PERFUME FEMENINO BRAND COLLECTION DREAM N\u00b0151 DELINA EDP 25ML"},"content":{"rendered":"<p><img loading=\"lazy\" decoding=\"async\" class=\"\" src=\"https:\/\/brandcollectionperfume.com\/cdn\/shop\/files\/Untitled_design_1.png?v=1687781756&amp;width=500\" alt=\"Terms of Service \u2013 YouSmellSoGood\" width=\"149\" height=\"84\" \/><\/p>\n<h1>DREAM N\u00b0151 DELINA<\/h1>\n<p><span>Es una fragancia cautivadora y femenina que captura la esencia de la sensualidad y la elegancia. Con una combinaci\u00f3n armoniosa de notas florales, frutales y amaderadas, esta fragancia es perfecta para mujeres que desean transmitir un aura de sofisticaci\u00f3n y encanto.<\/span><\/p>\n<p><span>La apertura<\/span><span>\u00a0est\u00e1 marcada por vibrantes notas frutales de lichi y bergamota, que a\u00f1aden un toque de frescura y vivacidad a la fragancia. Luego se revelan delicadas notas florales de rosa turca y peon\u00eda, aportando una elegancia y feminidad incomparables a la composici\u00f3n.<\/span><\/p>\n<p><span>En el coraz\u00f3n<\/span><span>\u00a0destaca la llamativa presencia de vainilla y almizcle, aportando una suave dulzura y una sensualidad envolvente a la fragancia. Estas notas se complementan con acordes amaderados de cedro y vetiver, creando una sensaci\u00f3n de calidez y confort.<\/span><\/p>\n<p><span>La base<\/span><span>\u00a0est\u00e1 compuesta por notas de incienso y \u00e1mbar, que aportan una profundidad y complejidad impresionantes a la fragancia. El toque final de musgo de roble aporta una sensaci\u00f3n de misterio y sofisticaci\u00f3n, dejando una impresi\u00f3n duradera.<\/span><\/p>\n<p><span>La botella <\/span><span>es elegante y femenina, con sus l\u00edneas suaves y delicadas curvas. El color rosa del l\u00edquido transmite la delicadeza y el romanticismo de la fragancia, mientras que el detalle dorado a\u00f1ade un toque de lujo y distinci\u00f3n.<\/span><\/p>\n<h3>Notas Olfativas<\/h3>\n<p><span>Experimenta la sensaci\u00f3n inmersiva<\/span><span> y d\u00e9jate llevar en un viaje de sofisticaci\u00f3n y encanto. Utiliza esta fragancia para celebrar tu feminidad y transmitir tu esencia \u00fanica al mundo. Con D<\/span>elina<span>\u00a0te convertir\u00e1s en la encarnaci\u00f3n de la elegancia y el encanto.<\/span><\/p>\n<p><strong><span>Notas de salida:<\/span><\/strong><span> Lichi, bergamota.<\/span><br \/>\n<strong><span>Notas de coraz\u00f3n:<\/span><\/strong><span> rosa turca, peon\u00eda.<\/span><br \/>\n<strong><span>Notas de fondo:<\/span><\/strong><span>\u00a0vainilla, almizcle, cedro, vetiver, incienso, \u00e1mbar, musgo de roble.<\/span><\/p>\n","protected":false},"excerpt":{"rendered":"<p>DREAM N\u00b0151 DELINA Es una fragancia cautivadora y femenina que captura la esencia de la sensualidad y la elegancia. Con<\/p>\n","protected":false},"featured_media":80032,"comment_status":"open","ping_status":"closed","template":"","meta":{"nf_dc_page":""},"product_brand":[],"product_cat":[84],"product_tag":[],"class_list":{"0":"post-80031","1":"product","2":"type-product","3":"status-publish","4":"has-post-thumbnail","6":"product_cat-perfumeria","8":"first","9":"outofstock","10":"shipping-taxable","11":"purchasable","12":"product-type-simple"},"_links":{"self":[{"href":"https:\/\/brandss.com.py\/index\/wp-json\/wp\/v2\/product\/80031","targetHints":{"allow":["GET"]}}],"collection":[{"href":"https:\/\/brandss.com.py\/index\/wp-json\/wp\/v2\/product"}],"about":[{"href":"https:\/\/brandss.com.py\/index\/wp-json\/wp\/v2\/types\/product"}],"replies":[{"embeddable":true,"href":"https:\/\/brandss.com.py\/index\/wp-json\/wp\/v2\/comments?post=80031"}],"version-history":[{"count":1,"href":"https:\/\/brandss.com.py\/index\/wp-json\/wp\/v2\/product\/80031\/revisions"}],"predecessor-version":[{"id":80036,"href":"https:\/\/brandss.com.py\/index\/wp-json\/wp\/v2\/product\/80031\/revisions\/80036"}],"wp:featuredmedia":[{"embeddable":true,"href":"https:\/\/brandss.com.py\/index\/wp-json\/wp\/v2\/media\/80032"}],"wp:attachment":[{"href":"https:\/\/brandss.com.py\/index\/wp-json\/wp\/v2\/media?parent=80031"}],"wp:term":[{"taxonomy":"product_brand","embeddable":true,"href":"https:\/\/brandss.com.py\/index\/wp-json\/wp\/v2\/product_brand?post=80031"},{"taxonomy":"product_cat","embeddable":true,"href":"https:\/\/brandss.com.py\/index\/wp-json\/wp\/v2\/product_cat?post=80031"},{"taxonomy":"product_tag","embeddable":true,"href":"https:\/\/brandss.com.py\/index\/wp-json\/wp\/v2\/product_tag?post=80031"}],"curies":[{"name":"wp","href":"https:\/\/api.w.org\/{rel}","templated":true}]}}