{"id":80053,"date":"2025-04-14T17:40:57","date_gmt":"2025-04-14T17:40:57","guid":{"rendered":"https:\/\/brandss.com.py\/index\/?post_type=product&#038;p=80053"},"modified":"2025-08-23T16:40:58","modified_gmt":"2025-08-23T16:40:58","slug":"perfume-masculino-brand-collection-dream-n164-code-edp-25ml","status":"publish","type":"product","link":"https:\/\/brandss.com.py\/index\/producto\/perfume-masculino-brand-collection-dream-n164-code-edp-25ml\/","title":{"rendered":"PERFUME MASCULINO BRAND COLLECTION DREAM N\u00b0164 CODE EDP 25ML"},"content":{"rendered":"<p><img loading=\"lazy\" decoding=\"async\" class=\"\" src=\"https:\/\/brandcollectionperfume.com\/cdn\/shop\/files\/Untitled_design_1.png?v=1687781756&amp;width=500\" alt=\"Terms of Service \u2013 YouSmellSoGood\" width=\"135\" height=\"76\" \/><\/p>\n<h1>DREAM N\u00b0164 CODE<\/h1>\n<p><span>Es una fragancia cautivadora que encapsula la esencia de la elegancia atemporal y el estilo inconfundible. Con una fascinante fusi\u00f3n de notas c\u00edtricas, florales y orientales, esta fragancia es ideal para hombres que buscan transmitir un aura de sofisticaci\u00f3n y misterio.<\/span><\/p>\n<p><span>La apertura<\/span><span>\u00a0se caracteriza por refrescantes notas c\u00edtricas de bergamota y lim\u00f3n, aportando un toque de frescura y vitalidad a la fragancia. Luego, el coraz\u00f3n de la fragancia revela notas florales de an\u00eds estrellado y aceituna, aportando una suavidad intrigante y una personalidad distintiva.<\/span><\/p>\n<p><span>En el coraz\u00f3n<\/span><span>\u00a0destaca la llamativa presencia del tabaco y del cuero, confiriendo a la fragancia una profundidad y sofisticaci\u00f3n notables. Estas notas se armonizan con un suave toque de haba tonka, creando una sensaci\u00f3n de calidez y confort.<\/span><\/p>\n<p><span>La base<\/span><span>\u00a0est\u00e1 compuesta por notas orientales de \u00e1mbar y madera de guayaco, aportando una sensualidad intensa y duradera a la fragancia. El toque final de vainilla a\u00f1ade una sensaci\u00f3n de dulzura y lujuria, dejando una impresi\u00f3n duradera.<\/span><\/p>\n<p><span>La botella <\/span><span>es elegante y sofisticada, con sus l\u00edneas limpias y su dise\u00f1o moderno. El color negro profundo refleja la sofisticaci\u00f3n y el misterio de la fragancia, mientras que el detalle plateado a\u00f1ade un toque de lujo y refinamiento.<\/span><\/p>\n<h3>Notas Olfativas<\/h3>\n<p><span>Experimenta la sensaci\u00f3n inmersiva de <\/span>Code<span> y emprende un viaje de elegancia y misterio. Utiliza esta fragancia para expresar tu estilo inconfundible y transmitir tu sofisticaci\u00f3n al mundo. Con<\/span> Code<span>\u00a0encarnas la elegancia y el encanto de una manera incomparable.<\/span><\/p>\n<p><strong><span>Notas de salida:<\/span><\/strong><span> Lim\u00f3n y Bergamota.<\/span><br \/>\n<strong><span>Notas de coraz\u00f3n:<\/span><\/strong><span> An\u00eds estrellado, flor de olivo y madera de guayaco.<\/span><br \/>\n<strong><span>Notas de fondo:<\/span><\/strong><span> Cuero, Haba Tonka y Tabaco.<\/span><\/p>\n","protected":false},"excerpt":{"rendered":"<p>DREAM N\u00b0164 CODE Es una fragancia cautivadora que encapsula la esencia de la elegancia atemporal y el estilo inconfundible. Con<\/p>\n","protected":false},"featured_media":80054,"comment_status":"open","ping_status":"closed","template":"","meta":{"nf_dc_page":""},"product_brand":[],"product_cat":[84],"product_tag":[],"class_list":{"0":"post-80053","1":"product","2":"type-product","3":"status-publish","4":"has-post-thumbnail","6":"product_cat-perfumeria","8":"first","9":"outofstock","10":"shipping-taxable","11":"purchasable","12":"product-type-simple"},"_links":{"self":[{"href":"https:\/\/brandss.com.py\/index\/wp-json\/wp\/v2\/product\/80053","targetHints":{"allow":["GET"]}}],"collection":[{"href":"https:\/\/brandss.com.py\/index\/wp-json\/wp\/v2\/product"}],"about":[{"href":"https:\/\/brandss.com.py\/index\/wp-json\/wp\/v2\/types\/product"}],"replies":[{"embeddable":true,"href":"https:\/\/brandss.com.py\/index\/wp-json\/wp\/v2\/comments?post=80053"}],"version-history":[{"count":1,"href":"https:\/\/brandss.com.py\/index\/wp-json\/wp\/v2\/product\/80053\/revisions"}],"predecessor-version":[{"id":80058,"href":"https:\/\/brandss.com.py\/index\/wp-json\/wp\/v2\/product\/80053\/revisions\/80058"}],"wp:featuredmedia":[{"embeddable":true,"href":"https:\/\/brandss.com.py\/index\/wp-json\/wp\/v2\/media\/80054"}],"wp:attachment":[{"href":"https:\/\/brandss.com.py\/index\/wp-json\/wp\/v2\/media?parent=80053"}],"wp:term":[{"taxonomy":"product_brand","embeddable":true,"href":"https:\/\/brandss.com.py\/index\/wp-json\/wp\/v2\/product_brand?post=80053"},{"taxonomy":"product_cat","embeddable":true,"href":"https:\/\/brandss.com.py\/index\/wp-json\/wp\/v2\/product_cat?post=80053"},{"taxonomy":"product_tag","embeddable":true,"href":"https:\/\/brandss.com.py\/index\/wp-json\/wp\/v2\/product_tag?post=80053"}],"curies":[{"name":"wp","href":"https:\/\/api.w.org\/{rel}","templated":true}]}}