{"id":80071,"date":"2025-04-15T11:50:08","date_gmt":"2025-04-15T11:50:08","guid":{"rendered":"https:\/\/brandss.com.py\/index\/?post_type=product&#038;p=80071"},"modified":"2025-08-23T16:44:21","modified_gmt":"2025-08-23T16:44:21","slug":"perfume-femenino-brand-collection-dream-n179-si-passion-edp-25ml","status":"publish","type":"product","link":"https:\/\/brandss.com.py\/index\/producto\/perfume-femenino-brand-collection-dream-n179-si-passion-edp-25ml\/","title":{"rendered":"PERFUME FEMENINO BRAND COLLECTION DREAM N\u00b0179 SI PASSION EDP 25ML"},"content":{"rendered":"<p><img loading=\"lazy\" decoding=\"async\" class=\"\" src=\"https:\/\/brandcollectionperfume.com\/cdn\/shop\/files\/Untitled_design_1.png?v=1687781756&amp;width=500\" alt=\"Terms of Service \u2013 YouSmellSoGood\" width=\"141\" height=\"79\" \/><\/p>\n<h1>DREAM N\u00b0179 SI PASSION<\/h1>\n<p><span>Es una fragancia intensa, atrevida y cautivadora, hecha para mujeres que se destacan por su confianza y fuerza de personalidad. Inspirado en <\/span>la feminidad audaz, este perfume destila\u00a0elegancia y poder\u00a0, siendo la elecci\u00f3n perfecta para quienes quieren transmitir su\u00a0confianza en s\u00ed mismos\u00a0y su car\u00e1cter fuerte. Es comparable al efecto del\u00a0l\u00e1piz labial rojo<span>, que crea una presencia imponente y revela a una mujer lista para conquistar el mundo con su actitud \u00fanica.<\/span><\/p>\n<p><span>Se abre con <\/span>notas vibrantes y afrutadas\u00a0que captan la atenci\u00f3n de inmediato.\u00a0La pimienta rosa,\u00a0con su toque picante y llamativo, es la introducci\u00f3n perfecta, proporcionando una explosi\u00f3n de energ\u00eda. Junto a ella,\u00a0la grosella negra\u00a0y\u00a0la pera\u00a0a\u00f1aden un toque\u00a0dulce y fresco, creando una mezcla intensa y envolvente. La toronja\u00a0aporta un toque de\u00a0frescura c\u00edtrica, complementando la primera impresi\u00f3n con una<span>\u00a0ligereza contrastante pero igualmente intrigante. Estas\u00a0notas de salida\u00a0se combinan perfectamente para crear una apertura que es a la vez vibrante y sofisticada, y deja una impresi\u00f3n inmediata.<\/span><\/p>\n<p><span>En el coraz\u00f3n<\/span><span>\u00a0entran\u00a0en juego\u00a0<\/span>notas florales que aportan un toque dulce y\u00a0envolvente\u00a0que refuerza la feminidad de la fragancia. La pi\u00f1a\u00a0a\u00f1ade una nota tropical y jugosa, mientras que\u00a0la rosa,\u00a0el jazm\u00edn\u00a0y\u00a0el heliotropo ofrecen una rica\u00a0combinaci\u00f3n\u00a0de flores delicadas y refinadas. La rosa\u00a0y\u00a0el jazm\u00edn son\u00a0flores\u00a0cl\u00e1sicas que evocan romance y sofisticaci\u00f3n, mientras que\u00a0el heliotropo\u00a0agrega una suavidad aterciopelada que aporta profundidad al coraz\u00f3n de la fragancia. Estas flores, con sus notas dulces y frescas, crean un equilibrio perfecto entre lo\u00a0intenso\u00a0y lo\u00a0delicado.<\/p>\n<p><span>Las\u00a0<\/span>notas de fondo\u00a0son las encargadas de aportar\u00a0durabilidad e intensidad a la fragancia. La vainilla es\u00a0la\u00a0base que da un toque\u00a0dulce y envolvente, mientras que la madera\u00a0de cedro\u00a0y\u00a0\u00e1mbar\u00a0a\u00f1aden una dimensi\u00f3n amaderada, sofisticada y c\u00e1lida. Estas notas amaderadas crean una base\u00a0elegante y refinada, que sostiene la fragancia y deja una estela duradera. Por \u00faltimo,\u00a0el pachul\u00ed\u00a0u\u00a0oriza<span>\u00a0aporta un toque terroso y ex\u00f3tico, completando la base con una profundidad intrigante.<\/span><\/p>\n<p><span>La botella<\/span><span>\u00a0refleja la\u00a0<\/span>sofisticaci\u00f3n\u00a0y\u00a0elegancia de la fragancia.\u00a0Con l\u00edneas elegantes y un dise\u00f1o moderno, el frasco transmite la personalidad de la mujer que elige este perfume:\u00a0fuerte,\u00a0segura\u00a0y\u00a0femenina. Su formato compacto de 25ml es ideal para quienes quieren llevar consigo una fragancia que haga una declaraci\u00f3n de\u00a0audacia y clase<span>\u00a0en cualquier momento del d\u00eda.<\/span><\/p>\n<p>Si Passion\u00a0es ideal para mujeres que no tienen miedo de mostrar qui\u00e9nes son. Su\u00a0intensidad y audacia hacen esta fragancia perfecta para ocasiones especiales o cuando quieres destacar en cualquier ambiente. Ya sea para un evento elegante o una noche memorable, Si Passion<span>\u00a0es la fragancia que refleja la confianza y la fuerza de la mujer moderna.<\/span><\/p>\n<h3>Notas Olfativas<\/h3>\n<p>Si Passion\u00a0es un perfume que combina\u00a0intensidad, elegancia y feminidad. Su mezcla de notas frutales y florales, combinadas con un fondo amaderado y dulce, crea una fragancia envolvente y duradera. Si buscas un perfume que te ayude a transmitir tu\u00a0confianza\u00a0y\u00a0audacia\u00a0a la vez que exuda\u00a0sofisticaci\u00f3n y encanto,\u00a0Si Passion<span>\u00a0es la elecci\u00f3n perfecta para ti.<\/span><\/p>\n<p>&nbsp;<\/p>\n<p data-pm-slice=\"1 1 []\"><strong><span>Notas de salida:<\/span><\/strong><span> pera, grosella negra, pimienta rosa y pomelo.<\/span><\/p>\n<p><strong><span>Notas de coraz\u00f3n:<\/span><\/strong><span> Pi\u00f1a, Rosa, Jazm\u00edn y Heliotropo.<\/span><\/p>\n<p><strong><span>Notas de fondo:<\/span><\/strong><span>\u00a0vainilla, cedro, \u00e1mbar y pachul\u00ed.<\/span><\/p>\n","protected":false},"excerpt":{"rendered":"<p>DREAM N\u00b0179 SI PASSION Es una fragancia intensa, atrevida y cautivadora, hecha para mujeres que se destacan por su confianza<\/p>\n","protected":false},"featured_media":80072,"comment_status":"open","ping_status":"closed","template":"","meta":{"nf_dc_page":""},"product_brand":[],"product_cat":[84],"product_tag":[],"class_list":{"0":"post-80071","1":"product","2":"type-product","3":"status-publish","4":"has-post-thumbnail","6":"product_cat-perfumeria","8":"first","9":"outofstock","10":"shipping-taxable","11":"purchasable","12":"product-type-simple"},"_links":{"self":[{"href":"https:\/\/brandss.com.py\/index\/wp-json\/wp\/v2\/product\/80071","targetHints":{"allow":["GET"]}}],"collection":[{"href":"https:\/\/brandss.com.py\/index\/wp-json\/wp\/v2\/product"}],"about":[{"href":"https:\/\/brandss.com.py\/index\/wp-json\/wp\/v2\/types\/product"}],"replies":[{"embeddable":true,"href":"https:\/\/brandss.com.py\/index\/wp-json\/wp\/v2\/comments?post=80071"}],"version-history":[{"count":1,"href":"https:\/\/brandss.com.py\/index\/wp-json\/wp\/v2\/product\/80071\/revisions"}],"predecessor-version":[{"id":80077,"href":"https:\/\/brandss.com.py\/index\/wp-json\/wp\/v2\/product\/80071\/revisions\/80077"}],"wp:featuredmedia":[{"embeddable":true,"href":"https:\/\/brandss.com.py\/index\/wp-json\/wp\/v2\/media\/80072"}],"wp:attachment":[{"href":"https:\/\/brandss.com.py\/index\/wp-json\/wp\/v2\/media?parent=80071"}],"wp:term":[{"taxonomy":"product_brand","embeddable":true,"href":"https:\/\/brandss.com.py\/index\/wp-json\/wp\/v2\/product_brand?post=80071"},{"taxonomy":"product_cat","embeddable":true,"href":"https:\/\/brandss.com.py\/index\/wp-json\/wp\/v2\/product_cat?post=80071"},{"taxonomy":"product_tag","embeddable":true,"href":"https:\/\/brandss.com.py\/index\/wp-json\/wp\/v2\/product_tag?post=80071"}],"curies":[{"name":"wp","href":"https:\/\/api.w.org\/{rel}","templated":true}]}}