{"id":80085,"date":"2025-04-15T14:41:45","date_gmt":"2025-04-15T14:41:45","guid":{"rendered":"https:\/\/brandss.com.py\/index\/?post_type=product&#038;p=80085"},"modified":"2025-05-10T13:18:53","modified_gmt":"2025-05-10T13:18:53","slug":"perfume-femenino-brand-collection-dream-n185-lextase-absolute-edp-25ml","status":"publish","type":"product","link":"https:\/\/brandss.com.py\/index\/producto\/perfume-femenino-brand-collection-dream-n185-lextase-absolute-edp-25ml\/","title":{"rendered":"PERFUME FEMENINO BRAND COLLECTION DREAM N\u00b0185 L&#8217;EXTASE ABSOLUTE EDP 25ML"},"content":{"rendered":"<p><img loading=\"lazy\" decoding=\"async\" class=\"\" src=\"https:\/\/brandcollectionperfume.com\/cdn\/shop\/files\/Untitled_design_1.png?v=1687781756&amp;width=500\" alt=\"Terms of Service \u2013 YouSmellSoGood\" width=\"133\" height=\"75\" \/><\/p>\n<h1>DREAM N\u00b0185 L&#8217;EXTASE ABSOLUTE<\/h1>\n<p>Con un car\u00e1cter c\u00e1lido, dulce y especiado, es adecuado para su uso en estaciones fr\u00edas y pertenecen a la\u00a0 familia olfativa floral oriental. Este perfume tiene una muy buena longevidad y distribuci\u00f3n del aroma. Un acorde de rosa, con notas de salida especiadas con pimienta negra y rosa, antes de envolverse en una cremosa nota amaderada de cedro del Atlas. Almizcles orientales mezclados con vainilla, benju\u00ed y pachul\u00ed forman la base del perfume.<\/p>\n<h3>Notas Olfativas<\/h3>\n<p><strong>Notas de salida:<\/strong> pimienta rosa y pimienta.<\/p>\n<p><strong>Notas de coraz\u00f3n:<\/strong> rosa y cedro.<\/p>\n<p><strong>Notas de fondo:<\/strong> vainilla, incienso, almizcle y pachul\u00ed.<\/p>\n<p>&nbsp;<\/p>\n","protected":false},"excerpt":{"rendered":"<p>DREAM N\u00b0185 L&#8217;EXTASE ABSOLUTE Con un car\u00e1cter c\u00e1lido, dulce y especiado, es adecuado para su uso en estaciones fr\u00edas y<\/p>\n","protected":false},"featured_media":80086,"comment_status":"open","ping_status":"closed","template":"","meta":{"nf_dc_page":""},"product_brand":[],"product_cat":[84],"product_tag":[],"class_list":{"0":"post-80085","1":"product","2":"type-product","3":"status-publish","4":"has-post-thumbnail","6":"product_cat-perfumeria","8":"first","9":"instock","10":"shipping-taxable","11":"purchasable","12":"product-type-simple"},"_links":{"self":[{"href":"https:\/\/brandss.com.py\/index\/wp-json\/wp\/v2\/product\/80085","targetHints":{"allow":["GET"]}}],"collection":[{"href":"https:\/\/brandss.com.py\/index\/wp-json\/wp\/v2\/product"}],"about":[{"href":"https:\/\/brandss.com.py\/index\/wp-json\/wp\/v2\/types\/product"}],"replies":[{"embeddable":true,"href":"https:\/\/brandss.com.py\/index\/wp-json\/wp\/v2\/comments?post=80085"}],"version-history":[{"count":1,"href":"https:\/\/brandss.com.py\/index\/wp-json\/wp\/v2\/product\/80085\/revisions"}],"predecessor-version":[{"id":80088,"href":"https:\/\/brandss.com.py\/index\/wp-json\/wp\/v2\/product\/80085\/revisions\/80088"}],"wp:featuredmedia":[{"embeddable":true,"href":"https:\/\/brandss.com.py\/index\/wp-json\/wp\/v2\/media\/80086"}],"wp:attachment":[{"href":"https:\/\/brandss.com.py\/index\/wp-json\/wp\/v2\/media?parent=80085"}],"wp:term":[{"taxonomy":"product_brand","embeddable":true,"href":"https:\/\/brandss.com.py\/index\/wp-json\/wp\/v2\/product_brand?post=80085"},{"taxonomy":"product_cat","embeddable":true,"href":"https:\/\/brandss.com.py\/index\/wp-json\/wp\/v2\/product_cat?post=80085"},{"taxonomy":"product_tag","embeddable":true,"href":"https:\/\/brandss.com.py\/index\/wp-json\/wp\/v2\/product_tag?post=80085"}],"curies":[{"name":"wp","href":"https:\/\/api.w.org\/{rel}","templated":true}]}}