{"id":80089,"date":"2025-04-15T16:43:08","date_gmt":"2025-04-15T16:43:08","guid":{"rendered":"https:\/\/brandss.com.py\/index\/?post_type=product&#038;p=80089"},"modified":"2025-05-10T13:18:35","modified_gmt":"2025-05-10T13:18:35","slug":"perfume-femenino-brand-collection-dream-n187-yellow-diamond-edp-25ml","status":"publish","type":"product","link":"https:\/\/brandss.com.py\/index\/producto\/perfume-femenino-brand-collection-dream-n187-yellow-diamond-edp-25ml\/","title":{"rendered":"PERFUME FEMENINO BRAND COLLECTION DREAM N\u00b0187 YELLOW DIAMOND EDP 25ML"},"content":{"rendered":"<p><img loading=\"lazy\" decoding=\"async\" class=\"\" src=\"https:\/\/brandcollectionperfume.com\/cdn\/shop\/files\/Untitled_design_1.png?v=1687781756&amp;width=500\" alt=\"Terms of Service \u2013 YouSmellSoGood\" width=\"101\" height=\"57\" \/><\/p>\n<h1>DREAM N\u00b0187 YELLOW DIAMOND<\/h1>\n<p><span>Es una aut\u00e9ntica joya olfativa inspirada en el ic\u00f3nico perfume de Versace. <\/span>Yellow Diamond<span>\u00a0es una creaci\u00f3n \u00fanica y sofisticada, destinada a cautivar los sentidos y dejar una impresi\u00f3n memorable.<\/span><\/p>\n<p><span>Inspirada en el reconocido perfume Versace,\u00a0<\/span>Yellow diamond<span> es una fragancia envolvente y atractiva. Su aroma llamativo y cautivador despierta la curiosidad desde el primer momento. T<\/span><span>iene una apertura vibrante y chispeante, revelando una mezcla ex\u00f3tica de notas frutales y c\u00edtricas que brindan una sensaci\u00f3n de frescura y vitalidad, similar a la esencia caracter\u00edstica de la marca Versace.<\/span><\/p>\n<p><span>En el coraz\u00f3n<\/span><span>\u00a0encontramos una armon\u00eda envolvente de delicadas notas florales, que a\u00f1aden una capa de elegancia y sofisticaci\u00f3n a la fragancia, al igual que las creaciones art\u00edsticas de Versace. La combinaci\u00f3n de flores suaves y seductoras crea una sinfon\u00eda olfativa irresistible, recordando la feminidad y el lujo asociados a la marca Versace.<\/span><\/p>\n<p><span>La base<\/span><span>\u00a0est\u00e1 compuesta por notas amaderadas y sensuales, que aportan profundidad y una sensaci\u00f3n de calidez duradera. La fusi\u00f3n de maderas nobles y acordes de \u00e1mbar proporciona una firma olfativa \u00fanica y cautivadora, como los ic\u00f3nicos perfumes de Versace.<\/span><\/p>\n<p><span>La versi\u00f3n<\/span><span>\u00a0ofrece practicidad y comodidad para quienes quieren tener esta extraordinaria fragancia siempre a mano. Su tama\u00f1o compacto permite llevarlo de viaje, en un bolso o incluso en un bolsillo, para una aplicaci\u00f3n discreta y elegante en cualquier momento, como los frascos de lujo de Versace.<\/span><\/p>\n<h3>Notas Olfativas<\/h3>\n<p><span>Yellow Diamond es una experiencia olfativa inolvidable, inspirada en el reconocido perfume Versace. Con su apertura vibrante, su coraz\u00f3n elegante y su base atractiva,<\/span><span> es una fragancia \u00fanica que combina frescura, sofisticaci\u00f3n y atracci\u00f3n, evocando el esp\u00edritu y la elegancia de la marca Versace. Compra Yellow Diamond<\/span><span>\u00a0<\/span>y<span>\u00a0d\u00e9jate envolver por esta extraordinaria creaci\u00f3n, que rinde homenaje a la ic\u00f3nica casa de moda italiana.<\/span><\/p>\n<p>&nbsp;<\/p>\n<p data-pm-slice=\"1 1 []\"><strong><span>Notas de salida:<\/span><\/strong><span> lim\u00f3n de Amalfi, pera, bergamota y neroli.<\/span><\/p>\n<p><strong><span>Notas de coraz\u00f3n:<\/span><\/strong><span> Mimosa, Fresia, Victoria Regia y Flor del Naranjo Africano.<\/span><\/p>\n<p><strong><span>Notas de fondo:<\/span><\/strong><span>\u00a0Almizcle, madera de guayaco y \u00e1mbar.<\/span><\/p>\n<p>&nbsp;<\/p>\n","protected":false},"excerpt":{"rendered":"<p>DREAM N\u00b0187 YELLOW DIAMOND Es una aut\u00e9ntica joya olfativa inspirada en el ic\u00f3nico perfume de Versace. Yellow Diamond\u00a0es una creaci\u00f3n<\/p>\n","protected":false},"featured_media":80090,"comment_status":"open","ping_status":"closed","template":"","meta":{"nf_dc_page":""},"product_brand":[],"product_cat":[84],"product_tag":[],"class_list":{"0":"post-80089","1":"product","2":"type-product","3":"status-publish","4":"has-post-thumbnail","6":"product_cat-perfumeria","8":"first","9":"instock","10":"shipping-taxable","11":"purchasable","12":"product-type-simple"},"_links":{"self":[{"href":"https:\/\/brandss.com.py\/index\/wp-json\/wp\/v2\/product\/80089","targetHints":{"allow":["GET"]}}],"collection":[{"href":"https:\/\/brandss.com.py\/index\/wp-json\/wp\/v2\/product"}],"about":[{"href":"https:\/\/brandss.com.py\/index\/wp-json\/wp\/v2\/types\/product"}],"replies":[{"embeddable":true,"href":"https:\/\/brandss.com.py\/index\/wp-json\/wp\/v2\/comments?post=80089"}],"version-history":[{"count":1,"href":"https:\/\/brandss.com.py\/index\/wp-json\/wp\/v2\/product\/80089\/revisions"}],"predecessor-version":[{"id":80094,"href":"https:\/\/brandss.com.py\/index\/wp-json\/wp\/v2\/product\/80089\/revisions\/80094"}],"wp:featuredmedia":[{"embeddable":true,"href":"https:\/\/brandss.com.py\/index\/wp-json\/wp\/v2\/media\/80090"}],"wp:attachment":[{"href":"https:\/\/brandss.com.py\/index\/wp-json\/wp\/v2\/media?parent=80089"}],"wp:term":[{"taxonomy":"product_brand","embeddable":true,"href":"https:\/\/brandss.com.py\/index\/wp-json\/wp\/v2\/product_brand?post=80089"},{"taxonomy":"product_cat","embeddable":true,"href":"https:\/\/brandss.com.py\/index\/wp-json\/wp\/v2\/product_cat?post=80089"},{"taxonomy":"product_tag","embeddable":true,"href":"https:\/\/brandss.com.py\/index\/wp-json\/wp\/v2\/product_tag?post=80089"}],"curies":[{"name":"wp","href":"https:\/\/api.w.org\/{rel}","templated":true}]}}