{"id":80095,"date":"2025-04-15T17:09:47","date_gmt":"2025-04-15T17:09:47","guid":{"rendered":"https:\/\/brandss.com.py\/index\/?post_type=product&#038;p=80095"},"modified":"2025-08-23T16:49:03","modified_gmt":"2025-08-23T16:49:03","slug":"perfume-femenino-brand-collection-dream-n188-my-way-edp-25ml","status":"publish","type":"product","link":"https:\/\/brandss.com.py\/index\/producto\/perfume-femenino-brand-collection-dream-n188-my-way-edp-25ml\/","title":{"rendered":"PERFUME FEMENINO BRAND COLLECTION DREAM N\u00b0188 MY WAY EDP 25ML"},"content":{"rendered":"<p><img loading=\"lazy\" decoding=\"async\" class=\"\" src=\"https:\/\/brandcollectionperfume.com\/cdn\/shop\/files\/Untitled_design_1.png?v=1687781756&amp;width=500\" alt=\"Terms of Service \u2013 YouSmellSoGood\" width=\"128\" height=\"72\" \/><\/p>\n<h1>DREAM N\u00b0188 MY WAY<\/h1>\n<p><span>Es una fragancia cautivadora e inspiradora que captura la esencia del descubrimiento y el viaje personal. Con una envolvente combinaci\u00f3n de notas florales y frutales, esta fragancia es perfecta para mujeres que quieren transmitir un aura de aventura y confianza en s\u00ed mismas.<\/span><\/p>\n<p><span>La apertura<\/span><span>\u00a0est\u00e1 marcada por vibrantes notas frutales de bergamota y naranja, que a\u00f1aden un toque de frescura y energ\u00eda a la fragancia. Luego se revelan delicadas notas florales de nardo y jazm\u00edn de la India, aportando una elegancia ex\u00f3tica y una feminidad inspiradora a la composici\u00f3n.<\/span><\/p>\n<p><span>En el coraz\u00f3n<\/span><span>\u00a0destaca la llamativa presencia del cedro y el almizcle blanco, aportando una profundidad sensual y una calidez reconfortante a la fragancia. Estas notas se complementan con acordes de vainilla de Madagascar, creando una sensaci\u00f3n de calidez y familiaridad.<\/span><\/p>\n<p><span>La base<\/span><span>\u00a0est\u00e1 compuesta por notas de s\u00e1ndalo y almizcle, que aportan una durabilidad y sofisticaci\u00f3n impresionantes a la fragancia. El toque final de nardo y jazm\u00edn indio a\u00f1ade una sensaci\u00f3n de lujo y riqueza, dejando una impresi\u00f3n duradera.<\/span><\/p>\n<p><span>La botella <\/span><span>es elegante y femenina, con sus l\u00edneas suaves y delicadas curvas. El dise\u00f1o de la botella, inspirado en la forma de una piedra preciosa, refleja la naturaleza preciosa del viaje de la vida que celebra esta fragancia.<\/span><\/p>\n<h3>Notas Olfativas<\/h3>\n<p><span>Experimente la cautivadora sensaci\u00f3n de\u00a0<\/span>My Way<span>\u00a0y emb\u00e1rquese en un viaje de autodescubrimiento y aventura. Usa esta fragancia para celebrar tu viaje personal y transmitir tu esencia \u00fanica al mundo. Con\u00a0<\/span>My Way<span>\u00a0te convertir\u00e1s en la encarnaci\u00f3n de la aventura y la confianza en ti mismo.<\/span><\/p>\n<p>&nbsp;<\/p>\n<p data-pm-slice=\"1 1 []\"><strong><span>Notas de salida:<\/span><\/strong><span> Flor de naranja y bergamota.<\/span><\/p>\n<p><strong><span>Notas de coraz\u00f3n:<\/span><\/strong><span> nardos y jazm\u00edn de la India.<\/span><\/p>\n<p><strong><span>Notas de fondo:<\/span><\/strong><span>\u00a0vainilla de Madagascar, almizcle blanco y cedro de Virginia.<\/span><\/p>\n","protected":false},"excerpt":{"rendered":"<p>DREAM N\u00b0188 MY WAY Es una fragancia cautivadora e inspiradora que captura la esencia del descubrimiento y el viaje personal.<\/p>\n","protected":false},"featured_media":80096,"comment_status":"open","ping_status":"closed","template":"","meta":{"nf_dc_page":""},"product_brand":[],"product_cat":[84],"product_tag":[],"class_list":{"0":"post-80095","1":"product","2":"type-product","3":"status-publish","4":"has-post-thumbnail","6":"product_cat-perfumeria","8":"first","9":"outofstock","10":"shipping-taxable","11":"purchasable","12":"product-type-simple"},"_links":{"self":[{"href":"https:\/\/brandss.com.py\/index\/wp-json\/wp\/v2\/product\/80095","targetHints":{"allow":["GET"]}}],"collection":[{"href":"https:\/\/brandss.com.py\/index\/wp-json\/wp\/v2\/product"}],"about":[{"href":"https:\/\/brandss.com.py\/index\/wp-json\/wp\/v2\/types\/product"}],"replies":[{"embeddable":true,"href":"https:\/\/brandss.com.py\/index\/wp-json\/wp\/v2\/comments?post=80095"}],"version-history":[{"count":1,"href":"https:\/\/brandss.com.py\/index\/wp-json\/wp\/v2\/product\/80095\/revisions"}],"predecessor-version":[{"id":80100,"href":"https:\/\/brandss.com.py\/index\/wp-json\/wp\/v2\/product\/80095\/revisions\/80100"}],"wp:featuredmedia":[{"embeddable":true,"href":"https:\/\/brandss.com.py\/index\/wp-json\/wp\/v2\/media\/80096"}],"wp:attachment":[{"href":"https:\/\/brandss.com.py\/index\/wp-json\/wp\/v2\/media?parent=80095"}],"wp:term":[{"taxonomy":"product_brand","embeddable":true,"href":"https:\/\/brandss.com.py\/index\/wp-json\/wp\/v2\/product_brand?post=80095"},{"taxonomy":"product_cat","embeddable":true,"href":"https:\/\/brandss.com.py\/index\/wp-json\/wp\/v2\/product_cat?post=80095"},{"taxonomy":"product_tag","embeddable":true,"href":"https:\/\/brandss.com.py\/index\/wp-json\/wp\/v2\/product_tag?post=80095"}],"curies":[{"name":"wp","href":"https:\/\/api.w.org\/{rel}","templated":true}]}}