{"id":80109,"date":"2025-04-15T19:16:38","date_gmt":"2025-04-15T19:16:38","guid":{"rendered":"https:\/\/brandss.com.py\/index\/?post_type=product&#038;p=80109"},"modified":"2026-03-14T11:26:01","modified_gmt":"2026-03-14T11:26:01","slug":"perfume-femnino-brand-collection-dream-n-196-dior-oud-ispahan-edp-25ml","status":"publish","type":"product","link":"https:\/\/brandss.com.py\/index\/producto\/perfume-femnino-brand-collection-dream-n-196-dior-oud-ispahan-edp-25ml\/","title":{"rendered":"PERFUME FEMENINO BRAND COLLECTION DREAM N\u00b0 196 DIOR OUD ISPAHAN EDP 25ML"},"content":{"rendered":"<p><img loading=\"lazy\" decoding=\"async\" class=\"\" src=\"https:\/\/brandcollectionperfume.com\/cdn\/shop\/files\/Untitled_design_1.png?v=1687781756&amp;width=500\" alt=\"Terms of Service \u2013 YouSmellSoGood\" width=\"157\" height=\"88\" \/><\/p>\n<h1>DREAM N\u00b0 196 DIOR OUD ISPAHAN<\/h1>\n<p>Una fragancia compartible<\/p>\n<p>Es una fragancia sofisticada y atractiva. Con una combinaci\u00f3n \u00fanica de notas que incluyen rosa, \u00e1mbar y pachul\u00ed, evoca una sensaci\u00f3n de elegancia y misterio. Su esencia delicada y atemporal cautiva los sentidos dejando una impresi\u00f3n duradera. Ideal para quienes buscan una fragancia llamativa y refinada para cualquier ocasi\u00f3n.<\/p>\n<p><span>La esencia lujosa de Dior Oud Ispahan, una fragancia que es una verdadera celebraci\u00f3n de Oriente. Esta atractiva composici\u00f3n se abre con la nota rica y resinosa del l\u00e1dano, que establece una base intensa e intrigante. En el coraz\u00f3n, notas de rosa, pachul\u00ed y azafr\u00e1n se entrelazan creando un bouquet floral sofisticado y ex\u00f3tico. Finalmente, las notas de fondo de madera de agar (oud), s\u00e1ndalo y cedro ofrecen una profundidad inconfundible, dando como resultado una fragancia sensual y duradera que evoca misterio y elegancia.<\/span><\/p>\n<h3><span>Notas<\/span><\/h3>\n<ul>\n<li><strong><span>Nota de salida:<\/span><\/strong><span> L\u00e1dano.<\/span><\/li>\n<li><strong><span>Notas de coraz\u00f3n:<\/span><\/strong><span> rosa, pachul\u00ed, azafr\u00e1n.<\/span><\/li>\n<li><strong><span>Notas de fondo:<\/span><\/strong><span> madera de oud, s\u00e1ndalo, cedro.<\/span><\/li>\n<\/ul>\n","protected":false},"excerpt":{"rendered":"<p>DREAM N\u00b0 196 DIOR OUD ISPAHAN Una fragancia compartible Es una fragancia sofisticada y atractiva. Con una combinaci\u00f3n \u00fanica de<\/p>\n","protected":false},"featured_media":80110,"comment_status":"open","ping_status":"closed","template":"","meta":{"nf_dc_page":""},"product_brand":[],"product_cat":[84],"product_tag":[],"class_list":{"0":"post-80109","1":"product","2":"type-product","3":"status-publish","4":"has-post-thumbnail","6":"product_cat-perfumeria","8":"first","9":"outofstock","10":"shipping-taxable","11":"purchasable","12":"product-type-simple"},"_links":{"self":[{"href":"https:\/\/brandss.com.py\/index\/wp-json\/wp\/v2\/product\/80109","targetHints":{"allow":["GET"]}}],"collection":[{"href":"https:\/\/brandss.com.py\/index\/wp-json\/wp\/v2\/product"}],"about":[{"href":"https:\/\/brandss.com.py\/index\/wp-json\/wp\/v2\/types\/product"}],"replies":[{"embeddable":true,"href":"https:\/\/brandss.com.py\/index\/wp-json\/wp\/v2\/comments?post=80109"}],"version-history":[{"count":2,"href":"https:\/\/brandss.com.py\/index\/wp-json\/wp\/v2\/product\/80109\/revisions"}],"predecessor-version":[{"id":80166,"href":"https:\/\/brandss.com.py\/index\/wp-json\/wp\/v2\/product\/80109\/revisions\/80166"}],"wp:featuredmedia":[{"embeddable":true,"href":"https:\/\/brandss.com.py\/index\/wp-json\/wp\/v2\/media\/80110"}],"wp:attachment":[{"href":"https:\/\/brandss.com.py\/index\/wp-json\/wp\/v2\/media?parent=80109"}],"wp:term":[{"taxonomy":"product_brand","embeddable":true,"href":"https:\/\/brandss.com.py\/index\/wp-json\/wp\/v2\/product_brand?post=80109"},{"taxonomy":"product_cat","embeddable":true,"href":"https:\/\/brandss.com.py\/index\/wp-json\/wp\/v2\/product_cat?post=80109"},{"taxonomy":"product_tag","embeddable":true,"href":"https:\/\/brandss.com.py\/index\/wp-json\/wp\/v2\/product_tag?post=80109"}],"curies":[{"name":"wp","href":"https:\/\/api.w.org\/{rel}","templated":true}]}}