{"id":80116,"date":"2025-04-16T11:26:39","date_gmt":"2025-04-16T11:26:39","guid":{"rendered":"https:\/\/brandss.com.py\/index\/?post_type=product&#038;p=80116"},"modified":"2025-05-10T13:13:25","modified_gmt":"2025-05-10T13:13:25","slug":"perfume-femnino-brand-collection-dream-n-197-alien-flora-futura-edp-25ml","status":"publish","type":"product","link":"https:\/\/brandss.com.py\/index\/producto\/perfume-femnino-brand-collection-dream-n-197-alien-flora-futura-edp-25ml\/","title":{"rendered":"PERFUME FEMENINO BRAND COLLECTION DREAM N\u00b0 197 ALIEN FLORA FUTURA EDP 25ML"},"content":{"rendered":"<p><img loading=\"lazy\" decoding=\"async\" class=\"\" src=\"https:\/\/brandcollectionperfume.com\/cdn\/shop\/files\/Untitled_design_1.png?v=1687781756&amp;width=500\" alt=\"Terms of Service \u2013 YouSmellSoGood\" width=\"141\" height=\"79\" \/><\/p>\n<h1>DREAM N\u00b0 197 ALIEN FLORA FUTURA<\/h1>\n<p><span>Es una fragancia \u00fanica y fascinante, una verdadera obra de arte olfativo que mezcla elementos de frescura, misticismo y sofisticaci\u00f3n. Con una composici\u00f3n <\/span>de \u00e1mbar amaderado, este perfume exuda una belleza enigm\u00e1tica, a la vez extra\u00f1a y encantadora.\u00a0Alien Flora Futura<span>\u00a0es una celebraci\u00f3n de una nueva feminidad, como mensajera de luz y esperanza, inspirada en una flor del futuro que brota de un desierto misterioso e incandescente.<\/span><\/p>\n<p><span>El concepto central detr\u00e1s<\/span><span>\u00a0es la fusi\u00f3n entre lo natural y lo extraordinario, simbolizando el milagro de la vida que renace en un entorno \u00e1rido e inh\u00f3spito. Esta fragancia transmite la idea de un desierto que se transforma en un oasis, simbolizando la esperanza y el surgimiento de una naturaleza reanimada.\u00a0<\/span>Alien Flora Futura<span>\u00a0es la esencia de una flor futurista, que aparece en la oscuridad de la noche y destaca por su rara belleza, siendo un reflejo de transformaci\u00f3n y renacimiento.<\/span><\/p>\n<p><span>La apertura<\/span><span>\u00a0es fresca y en\u00e9rgica, con la combinaci\u00f3n \u00fanica de\u00a0<\/span>cidra\u00a0y\u00a0madera de Buda. La\u00a0sidra, con su acidez c\u00edtrica y vibrante, inicia la fragancia con una frescura efervescente, que se suaviza y profundiza gracias al\u00a0Buddha Wood<span>, una madera que aporta una nota amaderada y ex\u00f3tica, delicadamente especiada y envolvente. Juntas, estas notas de salida crean una sensaci\u00f3n de frescura inusual, como el aire limpio y revitalizante de un desierto despu\u00e9s de una lluvia inesperada, sugiriendo el comienzo de una transformaci\u00f3n m\u00e1gica e inesperada.<\/span><\/p>\n<p><span>A medida que se desarrolla el\u00a0<\/span>perfume<span>, el coraz\u00f3n de la fragancia revela el\u00a0<\/span>Cereus Nocturno\u00a0, una flor rara y misteriosa que florece solo de noche, simbolizando el secreto y el encanto oculto. El\u00a0Cereus Nocturno<span>\u00a0es una flor que representa la belleza que surge en el silencio de la noche, con una suavidad \u00fanica y una fragancia que parece emanar de las profundidades de la tierra. Su suave aroma floral a\u00f1ade una dimensi\u00f3n m\u00e1s profunda a la fragancia, transformando la composici\u00f3n en algo m\u00e1gico y et\u00e9reo, que recuerda a un universo de belleza misteriosa y sublime.<\/span><\/p>\n<p><span>Las notas de fondo<\/span><span>\u00a0aportan la profundidad y la calidez necesarias para completar este viaje olfativo \u00fanico.\u00a0<\/span>El \u00e1mbar blanco\u00a0y\u00a0el s\u00e1ndalo\u00a0forman una base envolvente y reconfortante.\u00a0El \u00e1mbar blanco\u00a0a\u00f1ade\u00a0una suavidad resonante, creando un efecto c\u00e1lido y acogedor, mientras que\u00a0el s\u00e1ndalo<span>, con su madera cremosa y reconfortante, agrega una nota amaderada rica y terrosa. Juntas, estas notas de base proporcionan una sensaci\u00f3n de calidez y profundidad, que ancla las notas m\u00e1s frescas y florales, creando un equilibrio perfecto entre ligereza y complejidad.<\/span><\/p>\n<p><span>El frasco<\/span><span> refleja la esencia de la fragancia, con un dise\u00f1o futurista y elegante. Es una verdadera obra de arte, que captura la belleza y el misterio que transmite el perfume, como una flor rara que florece bajo la luz de la luna. <\/span>Alien Flora Futura<span>\u00a0es una fragancia que destaca por su originalidad, su aura de misterio y su capacidad de transformar cualquier momento en una experiencia \u00fanica e inolvidable.<\/span><\/p>\n<h3>Notas Olfativas<\/h3>\n<p>Alien Flora Futura<span>\u00a0es, sin duda, la elecci\u00f3n perfecta para la mujer que quiere abrazar su feminidad de una forma aut\u00e9ntica e innovadora. Su aroma \u00fanico, que combina frescura, flores raras y notas amaderadas, es un homenaje a la transformaci\u00f3n y la renovaci\u00f3n, representando la capacidad de la mujer para florecer y reinventarse, sin importar lo que depare el futuro. Este perfume es una verdadera obra maestra para quienes buscan algo fuera de lo com\u00fan, una fragancia que captura el poder de la naturaleza y la feminidad de una manera completamente nueva y vibrante.<\/span><\/p>\n<p>&nbsp;<\/p>\n<p><strong><span>Notas de salida:<\/span><\/strong><span> Sidra y madera de Buda.<\/span><\/p>\n<p><strong><span>Notas de coraz\u00f3n:<\/span><\/strong><span> Cereus nocturno.<\/span><\/p>\n<p><strong><span>Notas de fondo:<\/span><\/strong><span>\u00a0\u00e1mbar blanco y s\u00e1ndalo.<\/span><\/p>\n","protected":false},"excerpt":{"rendered":"<p>DREAM N\u00b0 197 ALIEN FLORA FUTURA Es una fragancia \u00fanica y fascinante, una verdadera obra de arte olfativo que mezcla<\/p>\n","protected":false},"featured_media":80129,"comment_status":"open","ping_status":"closed","template":"","meta":{"nf_dc_page":""},"product_brand":[],"product_cat":[84],"product_tag":[],"class_list":{"0":"post-80116","1":"product","2":"type-product","3":"status-publish","4":"has-post-thumbnail","6":"product_cat-perfumeria","8":"first","9":"instock","10":"shipping-taxable","11":"purchasable","12":"product-type-simple"},"_links":{"self":[{"href":"https:\/\/brandss.com.py\/index\/wp-json\/wp\/v2\/product\/80116","targetHints":{"allow":["GET"]}}],"collection":[{"href":"https:\/\/brandss.com.py\/index\/wp-json\/wp\/v2\/product"}],"about":[{"href":"https:\/\/brandss.com.py\/index\/wp-json\/wp\/v2\/types\/product"}],"replies":[{"embeddable":true,"href":"https:\/\/brandss.com.py\/index\/wp-json\/wp\/v2\/comments?post=80116"}],"version-history":[{"count":2,"href":"https:\/\/brandss.com.py\/index\/wp-json\/wp\/v2\/product\/80116\/revisions"}],"predecessor-version":[{"id":80165,"href":"https:\/\/brandss.com.py\/index\/wp-json\/wp\/v2\/product\/80116\/revisions\/80165"}],"wp:featuredmedia":[{"embeddable":true,"href":"https:\/\/brandss.com.py\/index\/wp-json\/wp\/v2\/media\/80129"}],"wp:attachment":[{"href":"https:\/\/brandss.com.py\/index\/wp-json\/wp\/v2\/media?parent=80116"}],"wp:term":[{"taxonomy":"product_brand","embeddable":true,"href":"https:\/\/brandss.com.py\/index\/wp-json\/wp\/v2\/product_brand?post=80116"},{"taxonomy":"product_cat","embeddable":true,"href":"https:\/\/brandss.com.py\/index\/wp-json\/wp\/v2\/product_cat?post=80116"},{"taxonomy":"product_tag","embeddable":true,"href":"https:\/\/brandss.com.py\/index\/wp-json\/wp\/v2\/product_tag?post=80116"}],"curies":[{"name":"wp","href":"https:\/\/api.w.org\/{rel}","templated":true}]}}