{"id":80128,"date":"2025-04-16T11:30:13","date_gmt":"2025-04-16T11:30:13","guid":{"rendered":"https:\/\/brandss.com.py\/index\/?post_type=product&#038;p=80128"},"modified":"2026-01-26T11:42:36","modified_gmt":"2026-01-26T11:42:36","slug":"calzado-deportivo-masculino-nike-air-max-penny-and-metallic-silver","status":"publish","type":"product","link":"https:\/\/brandss.com.py\/index\/producto\/calzado-deportivo-masculino-nike-air-max-penny-and-metallic-silver\/","title":{"rendered":"CALZADO DEPORTIVO MASCULINO NIKE AIR MAX PENNY AND METALLIC SILVER"},"content":{"rendered":"<p><img loading=\"lazy\" decoding=\"async\" class=\"\" src=\"https:\/\/1000marcas.net\/wp-content\/uploads\/2019\/11\/Logo-Nike.jpg\" alt=\"Logo de Nike: la historia y el significado del logotipo, la marca y el  s\u00edmbolo. | png, vector\" width=\"308\" height=\"173\" \/><\/p>\n<h1 data-start=\"163\" data-end=\"209\"><strong data-start=\"167\" data-end=\"207\">Nike Air Max Penny &#8220;Metallic Silver&#8221;<\/strong><\/h1>\n<p class=\"\" data-start=\"210\" data-end=\"263\"><strong data-start=\"210\" data-end=\"263\">El regreso de una leyenda con un estilo futurista<\/strong><\/p>\n<p class=\"\" data-start=\"265\" data-end=\"666\">Las <strong data-start=\"269\" data-end=\"309\">Nike Air Max Penny &#8220;Metallic Silver&#8221;<\/strong> traen de vuelta la magia de los 90 con un dise\u00f1o que rinde homenaje a una de las siluetas m\u00e1s ic\u00f3nicas del b\u00e1squet: las Air Max Penny 1. Inspiradas en la estrella de los Orlando Magic, Anfernee \u201cPenny\u201d Hardaway, estas zapatillas combinan el esp\u00edritu competitivo de una era dorada del baloncesto con una est\u00e9tica audaz y moderna que resalta a primera vista.<\/p>\n<p class=\"\" data-start=\"668\" data-end=\"1020\">Esta edici\u00f3n especial &#8220;Metallic Silver&#8221; eleva el dise\u00f1o cl\u00e1sico con un acabado cromado que aporta un look futurista y llamativo, sin perder la esencia retro del modelo original. La parte superior combina cuero sint\u00e9tico y materiales textiles de alta calidad, con l\u00edneas fluidas y un Swoosh lateral oversize que le da ese estilo inconfundible de los 90.<\/p>\n<p class=\"\" data-start=\"1022\" data-end=\"1423\">Adem\u00e1s del dise\u00f1o visualmente impactante, las Air Max Penny est\u00e1n hechas para rendir. Incorporan una unidad <strong data-start=\"1130\" data-end=\"1161\">Air Max visible en el tal\u00f3n<\/strong> que ofrece amortiguaci\u00f3n eficaz y duradera, ideal tanto para quienes aman el streetwear como para quienes buscan comodidad en el d\u00eda a d\u00eda. La mediasuela de espuma y la suela exterior de goma garantizan estabilidad, tracci\u00f3n y un soporte confiable en cada paso.<\/p>\n<hr class=\"\" data-start=\"1425\" data-end=\"1428\" \/>\n<h4 class=\"\" data-start=\"1430\" data-end=\"1466\"><strong data-start=\"1435\" data-end=\"1466\">Caracter\u00edsticas destacadas:<\/strong><\/h4>\n<ul data-start=\"1467\" data-end=\"1999\">\n<li class=\"\" data-start=\"1467\" data-end=\"1554\">\n<p class=\"\" data-start=\"1469\" data-end=\"1554\">Colorway \u201cMetallic Silver\u201d que resalta con acabados brillantes y detalles cromados.<\/p>\n<\/li>\n<li class=\"\" data-start=\"1555\" data-end=\"1625\">\n<p class=\"\" data-start=\"1557\" data-end=\"1625\">Parte superior de cuero sint\u00e9tico y textil con estructura robusta.<\/p>\n<\/li>\n<li class=\"\" data-start=\"1626\" data-end=\"1697\">\n<p class=\"\" data-start=\"1628\" data-end=\"1697\">Unidad Air Max visible en el tal\u00f3n para una amortiguaci\u00f3n superior.<\/p>\n<\/li>\n<li class=\"\" data-start=\"1698\" data-end=\"1797\">\n<p class=\"\" data-start=\"1700\" data-end=\"1797\">Dise\u00f1o original de Penny Hardaway con detalles cl\u00e1sicos, como el logotipo \u201c1 Cent\u201d en el tal\u00f3n.<\/p>\n<\/li>\n<li class=\"\" data-start=\"1798\" data-end=\"1860\">\n<p class=\"\" data-start=\"1800\" data-end=\"1860\">Mediasuela de espuma ligera para pisadas suaves y c\u00f3modas.<\/p>\n<\/li>\n<li class=\"\" data-start=\"1861\" data-end=\"1936\">\n<p class=\"\" data-start=\"1863\" data-end=\"1936\">Suela exterior de goma con tracci\u00f3n duradera y patr\u00f3n multidireccional.<\/p>\n<\/li>\n<li class=\"\" data-start=\"1937\" data-end=\"1999\">\n<p class=\"\" data-start=\"1939\" data-end=\"1999\">Estilo retro que combina perfectamente con outfits modernos.<\/p>\n<\/li>\n<\/ul>\n","protected":false},"excerpt":{"rendered":"<p>Nike Air Max Penny &#8220;Metallic Silver&#8221; El regreso de una leyenda con un estilo futurista Las Nike Air Max Penny<\/p>\n","protected":false},"featured_media":80131,"comment_status":"open","ping_status":"closed","template":"","meta":{"nf_dc_page":""},"product_brand":[],"product_cat":[76],"product_tag":[],"class_list":{"0":"post-80128","1":"product","2":"type-product","3":"status-publish","4":"has-post-thumbnail","6":"product_cat-masculino","8":"first","9":"outofstock","10":"shipping-taxable","11":"purchasable","12":"product-type-simple"},"_links":{"self":[{"href":"https:\/\/brandss.com.py\/index\/wp-json\/wp\/v2\/product\/80128","targetHints":{"allow":["GET"]}}],"collection":[{"href":"https:\/\/brandss.com.py\/index\/wp-json\/wp\/v2\/product"}],"about":[{"href":"https:\/\/brandss.com.py\/index\/wp-json\/wp\/v2\/types\/product"}],"replies":[{"embeddable":true,"href":"https:\/\/brandss.com.py\/index\/wp-json\/wp\/v2\/comments?post=80128"}],"version-history":[{"count":1,"href":"https:\/\/brandss.com.py\/index\/wp-json\/wp\/v2\/product\/80128\/revisions"}],"predecessor-version":[{"id":80138,"href":"https:\/\/brandss.com.py\/index\/wp-json\/wp\/v2\/product\/80128\/revisions\/80138"}],"wp:featuredmedia":[{"embeddable":true,"href":"https:\/\/brandss.com.py\/index\/wp-json\/wp\/v2\/media\/80131"}],"wp:attachment":[{"href":"https:\/\/brandss.com.py\/index\/wp-json\/wp\/v2\/media?parent=80128"}],"wp:term":[{"taxonomy":"product_brand","embeddable":true,"href":"https:\/\/brandss.com.py\/index\/wp-json\/wp\/v2\/product_brand?post=80128"},{"taxonomy":"product_cat","embeddable":true,"href":"https:\/\/brandss.com.py\/index\/wp-json\/wp\/v2\/product_cat?post=80128"},{"taxonomy":"product_tag","embeddable":true,"href":"https:\/\/brandss.com.py\/index\/wp-json\/wp\/v2\/product_tag?post=80128"}],"curies":[{"name":"wp","href":"https:\/\/api.w.org\/{rel}","templated":true}]}}