{"id":80140,"date":"2025-04-16T12:22:22","date_gmt":"2025-04-16T12:22:22","guid":{"rendered":"https:\/\/brandss.com.py\/index\/?post_type=product&#038;p=80140"},"modified":"2025-04-16T12:24:14","modified_gmt":"2025-04-16T12:24:14","slug":"calzado-deportivo-femenino-nike-air-max-90-futura","status":"publish","type":"product","link":"https:\/\/brandss.com.py\/index\/producto\/calzado-deportivo-femenino-nike-air-max-90-futura\/","title":{"rendered":"CALZADO DEPORTIVO FEMENINO NIKE AIR MAX 90 FUTURA"},"content":{"rendered":"<div class=\"experience-component experience-productText\">\n<div class=\"product-text-wrapper hide-empty \">\n<div class=\"product-text-content \">\n<div class=\"product-text released \" data-product-field=\"longDescription\">\n<h1><img loading=\"lazy\" decoding=\"async\" class=\"\" src=\"https:\/\/1000marcas.net\/wp-content\/uploads\/2019\/11\/Logo-Nike.jpg\" alt=\"Logo de Nike: la historia y el significado del logotipo, la marca y el s\u00edmbolo. | png, vector\" width=\"259\" height=\"146\" \/><\/h1>\n<h1>Nike Air Max 90 Futura<\/h1>\n<p>\u00bfTodo listo para llevar tu estilo a otro nivel? Redise\u00f1amos un \u00edcono de Air para ofrecerte la combinaci\u00f3n perfecta de detalles retro y dise\u00f1o futurista. Los bordes en forma de serrucho alrededor de la suela se combinan con cuero suave y logotipos Swoosh parcialmente flotantes para ofrecer un lujo elaborado con habilidad. El acolchado con sensaci\u00f3n de suavidad en el tobillo y la amortiguaci\u00f3n Max Air brindan comodidad de primer nivel. Con un dise\u00f1o deportivo, divertido y muy c\u00f3modo, este calzado te lleva hacia el futuro.<\/p>\n<p><b>Airloom renovado<\/b><\/p>\n<p>Los detalles tecnol\u00f3gicos como el pl\u00e1stico moldeado en el tal\u00f3n y los ojales se combinan con cuero aut\u00e9ntico y sint\u00e9tico para brindar un choque visual que agrega nueva profundidad a un estilo cl\u00e1sico. Los logotipos Swoosh flotantes, los bordes dentados alrededor de la suela y las costuras expuestas renuevan tu \u00edcono de Air.<\/p>\n<p><b>Eficacia comprobada<\/b><\/p>\n<p>Dise\u00f1ada originalmente para el running de alto rendimiento, la amortiguaci\u00f3n Max Air brinda comodidad comprobada.<\/p>\n<p><b>M\u00e1s beneficios<\/b><\/p>\n<ul>\n<li>El cuello acolchado con dise\u00f1o low crea un look elegante y se siente c\u00f3modo.<\/li>\n<li>La suela tipo waffle de goma brinda un estilo de herencia y tracci\u00f3n duradera.<\/li>\n<li>La entresuela supersuave mantiene la comodidad y el look de los a\u00f1os 90.<\/li>\n<\/ul>\n<p><b>Datos del producto<\/b><\/p>\n<ul>\n<li>Presillas de agarre en el tal\u00f3n y la leng\u00fceta<\/li>\n<li>Etiqueta de la leng\u00fceta de cuero sint\u00e9tico<\/li>\n<\/ul>\n<p><b>Air Max 90<\/b><\/p>\n<p>Los a\u00f1os 90 fueron un punto de inflexi\u00f3n en la cultura: el arte, la m\u00fasica, la moda y, tambi\u00e9n, el calzado deportivo. El Air Max estaba a la vanguardia del movimiento. Con una amortiguaci\u00f3n Air a\u00fan m\u00e1s expuesta y un llamativo color nuevo apodado cari\u00f1osamente &#8220;infrarrojo&#8221;, su dise\u00f1o revolucionado ayud\u00f3 al primer 90 a tomar vida propia. El Air Max ya no era solo un calzado de running, sino que se consolid\u00f3 como una piedra angular de la moda urbana.<\/p>\n<p>Color que se muestra:<\/p>\n<\/div>\n<\/div>\n<\/div>\n<\/div>\n<div class=\"experience-component experience-productText\">\n<div class=\"product-text-wrapper hide-empty \">\n<div class=\"product-text-content product-text-inline \">\n<div class=\"product-text released \" data-product-field=\"selectedVariationColorName\">Rojo nebulosa\/Blanco cumbre\/Naranja fogata\/Naranja fuerte<\/div>\n<\/div>\n<\/div>\n<\/div>\n<div class=\"experience-component experience-productText\">\n<div class=\"product-text-wrapper hide-empty \">\n<div class=\"product-text-content product-text-inline \">\n<p>Estilo:<\/p>\n<div class=\"product-text released \" data-product-field=\"secondarySku\">FQ8881-618<\/div>\n<\/div>\n<\/div>\n<\/div>\n","protected":false},"excerpt":{"rendered":"<p>Nike Air Max 90 Futura \u00bfTodo listo para llevar tu estilo a otro nivel? Redise\u00f1amos un \u00edcono de Air para<\/p>\n","protected":false},"featured_media":80145,"comment_status":"open","ping_status":"closed","template":"","meta":{"nf_dc_page":""},"product_brand":[],"product_cat":[73],"product_tag":[],"class_list":{"0":"post-80140","1":"product","2":"type-product","3":"status-publish","4":"has-post-thumbnail","6":"product_cat-femenino","8":"first","9":"instock","10":"shipping-taxable","11":"purchasable","12":"product-type-simple"},"_links":{"self":[{"href":"https:\/\/brandss.com.py\/index\/wp-json\/wp\/v2\/product\/80140","targetHints":{"allow":["GET"]}}],"collection":[{"href":"https:\/\/brandss.com.py\/index\/wp-json\/wp\/v2\/product"}],"about":[{"href":"https:\/\/brandss.com.py\/index\/wp-json\/wp\/v2\/types\/product"}],"replies":[{"embeddable":true,"href":"https:\/\/brandss.com.py\/index\/wp-json\/wp\/v2\/comments?post=80140"}],"version-history":[{"count":2,"href":"https:\/\/brandss.com.py\/index\/wp-json\/wp\/v2\/product\/80140\/revisions"}],"predecessor-version":[{"id":80157,"href":"https:\/\/brandss.com.py\/index\/wp-json\/wp\/v2\/product\/80140\/revisions\/80157"}],"wp:featuredmedia":[{"embeddable":true,"href":"https:\/\/brandss.com.py\/index\/wp-json\/wp\/v2\/media\/80145"}],"wp:attachment":[{"href":"https:\/\/brandss.com.py\/index\/wp-json\/wp\/v2\/media?parent=80140"}],"wp:term":[{"taxonomy":"product_brand","embeddable":true,"href":"https:\/\/brandss.com.py\/index\/wp-json\/wp\/v2\/product_brand?post=80140"},{"taxonomy":"product_cat","embeddable":true,"href":"https:\/\/brandss.com.py\/index\/wp-json\/wp\/v2\/product_cat?post=80140"},{"taxonomy":"product_tag","embeddable":true,"href":"https:\/\/brandss.com.py\/index\/wp-json\/wp\/v2\/product_tag?post=80140"}],"curies":[{"name":"wp","href":"https:\/\/api.w.org\/{rel}","templated":true}]}}