{"id":80158,"date":"2025-04-16T12:29:56","date_gmt":"2025-04-16T12:29:56","guid":{"rendered":"https:\/\/brandss.com.py\/index\/?post_type=product&#038;p=80158"},"modified":"2025-04-16T12:30:21","modified_gmt":"2025-04-16T12:30:21","slug":"calzado-deportivo-femenino-nike-air-max-90-futura-2","status":"publish","type":"product","link":"https:\/\/brandss.com.py\/index\/producto\/calzado-deportivo-femenino-nike-air-max-90-futura-2\/","title":{"rendered":"CALZADO DEPORTIVO FEMENINO NIKE AIR MAX 90 FUTURA"},"content":{"rendered":"<p><img loading=\"lazy\" decoding=\"async\" class=\"\" src=\"https:\/\/1000marcas.net\/wp-content\/uploads\/2019\/11\/Logo-Nike.jpg\" alt=\"Logo de Nike: la historia y el significado del logotipo, la marca y el  s\u00edmbolo. | png, vector\" width=\"377\" height=\"212\" \/><\/p>\n<h1 data-start=\"196\" data-end=\"262\"><strong data-start=\"200\" data-end=\"260\">Nike Air Max 90 Futura \u2013 Reinventa tu estilo paso a paso<\/strong><\/h1>\n<p class=\"\" data-start=\"263\" data-end=\"313\"><strong data-start=\"263\" data-end=\"313\">Brillo, dise\u00f1o y herencia Air como nunca antes<\/strong><\/p>\n<p class=\"\" data-start=\"315\" data-end=\"662\">Dale brillo a cada paso y haz que tu look destaque con las <strong data-start=\"374\" data-end=\"400\">Nike Air Max 90 Futura<\/strong>, una versi\u00f3n redise\u00f1ada del cl\u00e1sico noventero que combina lo mejor del legado Air con un toque vanguardista y femenino. Este modelo ic\u00f3nico vuelve m\u00e1s audaz que nunca, con acabados premium, texturas contrastantes y una construcci\u00f3n que reinventa el lujo urbano.<\/p>\n<p class=\"\" data-start=\"664\" data-end=\"1157\">Desde los <strong data-start=\"674\" data-end=\"731\">logotipos Swoosh parcialmente flotantes con tachuelas<\/strong> hasta el <strong data-start=\"741\" data-end=\"778\">cuero suave y los bordes dentados<\/strong> que rodean la suela, cada detalle est\u00e1 cuidadosamente pensado para brindar un look artesanal, moderno y llamativo. Las costuras expuestas y los materiales mixtos \u2014cuero real y sint\u00e9tico\u2014 aportan profundidad y car\u00e1cter, mientras que los toques tecnol\u00f3gicos, como el <strong data-start=\"1044\" data-end=\"1101\">pl\u00e1stico moldeado en el tal\u00f3n y los ojales reforzados<\/strong>, le dan una est\u00e9tica renovada sin perder el alma retro.<\/p>\n<hr class=\"\" data-start=\"1159\" data-end=\"1162\" \/>\n<h4 class=\"\" data-start=\"1164\" data-end=\"1189\"><strong data-start=\"1169\" data-end=\"1189\">Airloom renovado<\/strong><\/h4>\n<p class=\"\" data-start=\"1190\" data-end=\"1434\">Inspiradas en la herencia running de Nike, pero pensadas para la calle, estas sneakers ofrecen un contraste visual impactante. El dise\u00f1o es una fusi\u00f3n entre lo cl\u00e1sico y lo futurista, una evoluci\u00f3n del Air Max que se siente tan bien como se ve.<\/p>\n<hr class=\"\" data-start=\"1436\" data-end=\"1439\" \/>\n<h4 class=\"\" data-start=\"1441\" data-end=\"1478\"><strong data-start=\"1446\" data-end=\"1478\">Comodidad probada y aprobada<\/strong><\/h4>\n<p class=\"\" data-start=\"1479\" data-end=\"1766\">La unidad <strong data-start=\"1489\" data-end=\"1500\">Max Air<\/strong>, famosa por su amortiguaci\u00f3n reactiva, se une a una <strong data-start=\"1553\" data-end=\"1578\">entresuela supersuave<\/strong> que hace que cada paso sea una experiencia c\u00f3moda. El <strong data-start=\"1633\" data-end=\"1660\">acolchado en el tobillo<\/strong> y el <strong data-start=\"1666\" data-end=\"1681\">cuello bajo<\/strong> no solo ofrecen confort, sino que tambi\u00e9n suman un toque estilizado que va con todo.<\/p>\n<hr class=\"\" data-start=\"1768\" data-end=\"1771\" \/>\n<h4 class=\"\" data-start=\"1773\" data-end=\"1816\"><strong data-start=\"1778\" data-end=\"1816\">Detalles que marcan la diferencia:<\/strong><\/h4>\n<ul data-start=\"1817\" data-end=\"2284\">\n<li class=\"\" data-start=\"1817\" data-end=\"1899\">\n<p class=\"\" data-start=\"1819\" data-end=\"1899\">Parte superior con materiales de primera calidad: cuero aut\u00e9ntico y sint\u00e9tico.<\/p>\n<\/li>\n<li class=\"\" data-start=\"1900\" data-end=\"1969\">\n<p class=\"\" data-start=\"1902\" data-end=\"1969\">Swoosh parcialmente flotantes con detalles met\u00e1licos (tachuelas).<\/p>\n<\/li>\n<li class=\"\" data-start=\"1970\" data-end=\"2044\">\n<p class=\"\" data-start=\"1972\" data-end=\"2044\">Costuras visibles y borde dentado para un look disruptivo y artesanal.<\/p>\n<\/li>\n<li class=\"\" data-start=\"2045\" data-end=\"2111\">\n<p class=\"\" data-start=\"2047\" data-end=\"2111\">Unidad Max Air visible para amortiguaci\u00f3n reactiva y duradera.<\/p>\n<\/li>\n<li class=\"\" data-start=\"2112\" data-end=\"2166\">\n<p class=\"\" data-start=\"2114\" data-end=\"2166\">Entresuela suave con est\u00e9tica inspirada en los 90.<\/p>\n<\/li>\n<li class=\"\" data-start=\"2167\" data-end=\"2225\">\n<p class=\"\" data-start=\"2169\" data-end=\"2225\">Suela waffle de goma para agarre y estilo de herencia.<\/p>\n<\/li>\n<li class=\"\" data-start=\"2226\" data-end=\"2284\">\n<p class=\"\" data-start=\"2228\" data-end=\"2284\">Cuello bajo acolchado que combina comodidad y elegancia.<\/p>\n<\/li>\n<\/ul>\n<hr class=\"\" data-start=\"2286\" data-end=\"2289\" \/>\n<h3 class=\"\" data-start=\"2291\" data-end=\"2324\"><strong data-start=\"2295\" data-end=\"2322\">Nike Air Max 90 Futura:<\/strong><\/h3>\n<p class=\"\" data-start=\"2325\" data-end=\"2462\">M\u00e1s que un par de zapatillas, una declaraci\u00f3n de estilo que fusiona el pasado con el futuro. Comodidad, dise\u00f1o y actitud en un solo paso.<\/p>\n","protected":false},"excerpt":{"rendered":"<p>Nike Air Max 90 Futura \u2013 Reinventa tu estilo paso a paso Brillo, dise\u00f1o y herencia Air como nunca antes<\/p>\n","protected":false},"featured_media":80159,"comment_status":"open","ping_status":"closed","template":"","meta":{"nf_dc_page":""},"product_brand":[],"product_cat":[73],"product_tag":[],"class_list":{"0":"post-80158","1":"product","2":"type-product","3":"status-publish","4":"has-post-thumbnail","6":"product_cat-femenino","8":"first","9":"instock","10":"shipping-taxable","11":"purchasable","12":"product-type-simple"},"_links":{"self":[{"href":"https:\/\/brandss.com.py\/index\/wp-json\/wp\/v2\/product\/80158","targetHints":{"allow":["GET"]}}],"collection":[{"href":"https:\/\/brandss.com.py\/index\/wp-json\/wp\/v2\/product"}],"about":[{"href":"https:\/\/brandss.com.py\/index\/wp-json\/wp\/v2\/types\/product"}],"replies":[{"embeddable":true,"href":"https:\/\/brandss.com.py\/index\/wp-json\/wp\/v2\/comments?post=80158"}],"version-history":[{"count":1,"href":"https:\/\/brandss.com.py\/index\/wp-json\/wp\/v2\/product\/80158\/revisions"}],"predecessor-version":[{"id":80164,"href":"https:\/\/brandss.com.py\/index\/wp-json\/wp\/v2\/product\/80158\/revisions\/80164"}],"wp:featuredmedia":[{"embeddable":true,"href":"https:\/\/brandss.com.py\/index\/wp-json\/wp\/v2\/media\/80159"}],"wp:attachment":[{"href":"https:\/\/brandss.com.py\/index\/wp-json\/wp\/v2\/media?parent=80158"}],"wp:term":[{"taxonomy":"product_brand","embeddable":true,"href":"https:\/\/brandss.com.py\/index\/wp-json\/wp\/v2\/product_brand?post=80158"},{"taxonomy":"product_cat","embeddable":true,"href":"https:\/\/brandss.com.py\/index\/wp-json\/wp\/v2\/product_cat?post=80158"},{"taxonomy":"product_tag","embeddable":true,"href":"https:\/\/brandss.com.py\/index\/wp-json\/wp\/v2\/product_tag?post=80158"}],"curies":[{"name":"wp","href":"https:\/\/api.w.org\/{rel}","templated":true}]}}