{"id":80200,"date":"2025-04-16T13:26:25","date_gmt":"2025-04-16T13:26:25","guid":{"rendered":"https:\/\/brandss.com.py\/index\/?post_type=product&#038;p=80200"},"modified":"2025-05-10T13:06:13","modified_gmt":"2025-05-10T13:06:13","slug":"perfume-masculino-brand-collection-dream-n-202-rabbane-black-xs-edp-25ml","status":"publish","type":"product","link":"https:\/\/brandss.com.py\/index\/producto\/perfume-masculino-brand-collection-dream-n-202-rabbane-black-xs-edp-25ml\/","title":{"rendered":"PERFUME MASCULINO BRAND COLLECTION DREAM N\u00b0 202 RABBANE BLACK XS EDP 25ML"},"content":{"rendered":"<p><img loading=\"lazy\" decoding=\"async\" class=\"\" src=\"https:\/\/brandcollectionperfume.com\/cdn\/shop\/files\/Untitled_design_1.png?v=1687781756&amp;width=500\" alt=\"Terms of Service \u2013 YouSmellSoGood\" width=\"101\" height=\"57\" \/><\/p>\n<h1>DREAM N\u00b0 202 RABBANE BLACK XS<\/h1>\n<p>Es una fragancia potente y sofisticada. Con una combinaci\u00f3n de notas amaderadas, especiadas y orientales, este perfume proporciona una experiencia olfativa intensa y llamativa. Su equilibrada composici\u00f3n crea un aroma \u00fanico y envolvente, perfecto para hombres que quieren transmitir elegancia y magnetismo.<\/p>\n<p>El frasco compacto es ideal para llevarlo contigo y realizar retoques a lo largo del d\u00eda. Con s\u00f3lo unas pocas pulverizaciones, quedar\u00e1s envuelto en una fragancia exclusiva, dejando una impresi\u00f3n duradera.<\/p>\n<p>El Perfume es la elecci\u00f3n perfecta para quienes buscan una fragancia potente y memorable. D\u00e9jate envolver por esta sofisticada esencia y si\u00e9ntete segura y elegante en todas las ocasiones.<\/p>\n<p>Su riqueza e intensidad te envuelven y captan la atenci\u00f3n. Tambi\u00e9n te transmiten energ\u00eda y frescura.<\/p>\n<h3>Notas Olfativas<\/h3>\n<p><strong>Familia Olativa:<\/strong> Amaderada y arom\u00e1tica.<\/p>\n<p><strong>Nota de salida:<\/strong> Acordes de lavanda y lim\u00f3n de Amalfi.<\/p>\n<p><strong>Notas de coraz\u00f3n:<\/strong> Acordes de aceite de cipriol o nagarmotha y notas marinas forman la esencia de este perfume.<\/p>\n<p><strong>Nota de fondo:<\/strong> Acordes de pachul\u00ed y \u00e1mbar.<\/p>\n<p>La frescura de estas notas revitaliza el alma. Te sentir\u00e1s fresco, en\u00e9rgico y c\u00f3modo con este perfume.<\/p>\n","protected":false},"excerpt":{"rendered":"<p>DREAM N\u00b0 202 RABBANE BLACK XS Es una fragancia potente y sofisticada. Con una combinaci\u00f3n de notas amaderadas, especiadas y<\/p>\n","protected":false},"featured_media":80201,"comment_status":"open","ping_status":"closed","template":"","meta":{"nf_dc_page":""},"product_brand":[],"product_cat":[84],"product_tag":[],"class_list":{"0":"post-80200","1":"product","2":"type-product","3":"status-publish","4":"has-post-thumbnail","6":"product_cat-perfumeria","8":"first","9":"instock","10":"shipping-taxable","11":"purchasable","12":"product-type-simple"},"_links":{"self":[{"href":"https:\/\/brandss.com.py\/index\/wp-json\/wp\/v2\/product\/80200","targetHints":{"allow":["GET"]}}],"collection":[{"href":"https:\/\/brandss.com.py\/index\/wp-json\/wp\/v2\/product"}],"about":[{"href":"https:\/\/brandss.com.py\/index\/wp-json\/wp\/v2\/types\/product"}],"replies":[{"embeddable":true,"href":"https:\/\/brandss.com.py\/index\/wp-json\/wp\/v2\/comments?post=80200"}],"version-history":[{"count":1,"href":"https:\/\/brandss.com.py\/index\/wp-json\/wp\/v2\/product\/80200\/revisions"}],"predecessor-version":[{"id":80204,"href":"https:\/\/brandss.com.py\/index\/wp-json\/wp\/v2\/product\/80200\/revisions\/80204"}],"wp:featuredmedia":[{"embeddable":true,"href":"https:\/\/brandss.com.py\/index\/wp-json\/wp\/v2\/media\/80201"}],"wp:attachment":[{"href":"https:\/\/brandss.com.py\/index\/wp-json\/wp\/v2\/media?parent=80200"}],"wp:term":[{"taxonomy":"product_brand","embeddable":true,"href":"https:\/\/brandss.com.py\/index\/wp-json\/wp\/v2\/product_brand?post=80200"},{"taxonomy":"product_cat","embeddable":true,"href":"https:\/\/brandss.com.py\/index\/wp-json\/wp\/v2\/product_cat?post=80200"},{"taxonomy":"product_tag","embeddable":true,"href":"https:\/\/brandss.com.py\/index\/wp-json\/wp\/v2\/product_tag?post=80200"}],"curies":[{"name":"wp","href":"https:\/\/api.w.org\/{rel}","templated":true}]}}