{"id":80213,"date":"2025-04-16T13:59:15","date_gmt":"2025-04-16T13:59:15","guid":{"rendered":"https:\/\/brandss.com.py\/index\/?post_type=product&#038;p=80213"},"modified":"2025-05-10T13:30:11","modified_gmt":"2025-05-10T13:30:11","slug":"perfume-femenino-brand-collection-dream-n-207-splendida-magnolia-sensual-edp-25ml","status":"publish","type":"product","link":"https:\/\/brandss.com.py\/index\/producto\/perfume-femenino-brand-collection-dream-n-207-splendida-magnolia-sensual-edp-25ml\/","title":{"rendered":"PERFUME FEMENINO BRAND COLLECTION DREAM N\u00b0 207 SPLENDIDA MAGNOLIA SENSUAL EDP 25ML"},"content":{"rendered":"<p><img loading=\"lazy\" decoding=\"async\" class=\"\" src=\"https:\/\/brandcollectionperfume.com\/cdn\/shop\/files\/Untitled_design_1.png?v=1687781756&amp;width=500\" alt=\"Terms of Service \u2013 YouSmellSoGood\" width=\"133\" height=\"75\" \/><\/p>\n<h1>DREAM N\u00b0 207 SPLENDIDA MAGNOLIA SENSUAL<\/h1>\n<p>Es una fragancia suave y cautivadora con un atractivo duradero que garantiza frescura y confort durante todo el d\u00eda. Esta fragancia femenina combina notas de magnolia, flor de azahar, mandarina, vainilla, jazm\u00edn y almizcle. Un eau de parfum de larga duraci\u00f3n que te acompa\u00f1ar\u00e1 por mucho tiempo. Ideal para uso diario. Perfecto para regalar a un ser querido.<\/p>\n<h3>Notas Olfativas<\/h3>\n<p><span><strong>Notas de salida:<\/strong> mandarina, flor de naranja.<\/span><\/p>\n<p><span><strong>Notas de coraz\u00f3n:<\/strong> jazm\u00edn, magnolia, flor de azahar.<\/span><\/p>\n<p><span><strong>Notas de fondo:<\/strong> vainilla, pachul\u00ed, almizcle.<\/span><\/p>\n","protected":false},"excerpt":{"rendered":"<p>DREAM N\u00b0 207 SPLENDIDA MAGNOLIA SENSUAL Es una fragancia suave y cautivadora con un atractivo duradero que garantiza frescura y<\/p>\n","protected":false},"featured_media":80215,"comment_status":"open","ping_status":"closed","template":"","meta":{"nf_dc_page":""},"product_brand":[],"product_cat":[84],"product_tag":[],"class_list":{"0":"post-80213","1":"product","2":"type-product","3":"status-publish","4":"has-post-thumbnail","6":"product_cat-perfumeria","8":"first","9":"instock","10":"shipping-taxable","11":"purchasable","12":"product-type-simple"},"_links":{"self":[{"href":"https:\/\/brandss.com.py\/index\/wp-json\/wp\/v2\/product\/80213","targetHints":{"allow":["GET"]}}],"collection":[{"href":"https:\/\/brandss.com.py\/index\/wp-json\/wp\/v2\/product"}],"about":[{"href":"https:\/\/brandss.com.py\/index\/wp-json\/wp\/v2\/types\/product"}],"replies":[{"embeddable":true,"href":"https:\/\/brandss.com.py\/index\/wp-json\/wp\/v2\/comments?post=80213"}],"version-history":[{"count":1,"href":"https:\/\/brandss.com.py\/index\/wp-json\/wp\/v2\/product\/80213\/revisions"}],"predecessor-version":[{"id":80219,"href":"https:\/\/brandss.com.py\/index\/wp-json\/wp\/v2\/product\/80213\/revisions\/80219"}],"wp:featuredmedia":[{"embeddable":true,"href":"https:\/\/brandss.com.py\/index\/wp-json\/wp\/v2\/media\/80215"}],"wp:attachment":[{"href":"https:\/\/brandss.com.py\/index\/wp-json\/wp\/v2\/media?parent=80213"}],"wp:term":[{"taxonomy":"product_brand","embeddable":true,"href":"https:\/\/brandss.com.py\/index\/wp-json\/wp\/v2\/product_brand?post=80213"},{"taxonomy":"product_cat","embeddable":true,"href":"https:\/\/brandss.com.py\/index\/wp-json\/wp\/v2\/product_cat?post=80213"},{"taxonomy":"product_tag","embeddable":true,"href":"https:\/\/brandss.com.py\/index\/wp-json\/wp\/v2\/product_tag?post=80213"}],"curies":[{"name":"wp","href":"https:\/\/api.w.org\/{rel}","templated":true}]}}