{"id":80232,"date":"2025-04-16T14:38:55","date_gmt":"2025-04-16T14:38:55","guid":{"rendered":"https:\/\/brandss.com.py\/index\/?post_type=product&#038;p=80232"},"modified":"2025-05-10T13:29:06","modified_gmt":"2025-05-10T13:29:06","slug":"perfume-femenino-brand-collection-dream-n-208-splendida-rose-edp-25ml","status":"publish","type":"product","link":"https:\/\/brandss.com.py\/index\/producto\/perfume-femenino-brand-collection-dream-n-208-splendida-rose-edp-25ml\/","title":{"rendered":"PERFUME FEMENINO BRAND COLLECTION DREAM N\u00b0 208 SPLENDIDA ROSE EDP 25ML"},"content":{"rendered":"<p><img loading=\"lazy\" decoding=\"async\" class=\"\" src=\"https:\/\/brandcollectionperfume.com\/cdn\/shop\/files\/Untitled_design_1.png?v=1687781756&amp;width=500\" alt=\"Terms of Service \u2013 YouSmellSoGood\" width=\"110\" height=\"62\" \/><\/p>\n<h1>DREAM N\u00b0 208 SPLENDIDA ROSE<\/h1>\n<p>Es una fragancia floral en formato spray, perfecta para mujeres que buscan un aroma sofisticado y llamativo. Con un envase de 25 mL, es ideal para llevar en el bolso y usar en cualquier ocasi\u00f3n. Su fragancia de larga duraci\u00f3n proporciona una experiencia olfativa \u00fanica, dejando una estela de elegancia all\u00e1 donde pasa. Aprovecha esta oportunidad de adquirir un producto de alta calidad y a\u00f1adir un toque especial a tu d\u00eda a d\u00eda.<\/p>\n<h3>Notas Olfativas<\/h3>\n<p><strong>Notas de salida:<\/strong> Mandarina, mora.<\/p>\n<p><strong>Notas de coraz\u00f3n:<\/strong> Flor de rosa.<\/p>\n<p><strong>Notas de fondo:<\/strong> Vetiver, almizcle, pachul\u00ed.<\/p>\n","protected":false},"excerpt":{"rendered":"<p>DREAM N\u00b0 208 SPLENDIDA ROSE Es una fragancia floral en formato spray, perfecta para mujeres que buscan un aroma sofisticado<\/p>\n","protected":false},"featured_media":80233,"comment_status":"open","ping_status":"closed","template":"","meta":{"nf_dc_page":""},"product_brand":[],"product_cat":[84],"product_tag":[],"class_list":{"0":"post-80232","1":"product","2":"type-product","3":"status-publish","4":"has-post-thumbnail","6":"product_cat-perfumeria","8":"first","9":"instock","10":"shipping-taxable","11":"purchasable","12":"product-type-simple"},"_links":{"self":[{"href":"https:\/\/brandss.com.py\/index\/wp-json\/wp\/v2\/product\/80232","targetHints":{"allow":["GET"]}}],"collection":[{"href":"https:\/\/brandss.com.py\/index\/wp-json\/wp\/v2\/product"}],"about":[{"href":"https:\/\/brandss.com.py\/index\/wp-json\/wp\/v2\/types\/product"}],"replies":[{"embeddable":true,"href":"https:\/\/brandss.com.py\/index\/wp-json\/wp\/v2\/comments?post=80232"}],"version-history":[{"count":1,"href":"https:\/\/brandss.com.py\/index\/wp-json\/wp\/v2\/product\/80232\/revisions"}],"predecessor-version":[{"id":80240,"href":"https:\/\/brandss.com.py\/index\/wp-json\/wp\/v2\/product\/80232\/revisions\/80240"}],"wp:featuredmedia":[{"embeddable":true,"href":"https:\/\/brandss.com.py\/index\/wp-json\/wp\/v2\/media\/80233"}],"wp:attachment":[{"href":"https:\/\/brandss.com.py\/index\/wp-json\/wp\/v2\/media?parent=80232"}],"wp:term":[{"taxonomy":"product_brand","embeddable":true,"href":"https:\/\/brandss.com.py\/index\/wp-json\/wp\/v2\/product_brand?post=80232"},{"taxonomy":"product_cat","embeddable":true,"href":"https:\/\/brandss.com.py\/index\/wp-json\/wp\/v2\/product_cat?post=80232"},{"taxonomy":"product_tag","embeddable":true,"href":"https:\/\/brandss.com.py\/index\/wp-json\/wp\/v2\/product_tag?post=80232"}],"curies":[{"name":"wp","href":"https:\/\/api.w.org\/{rel}","templated":true}]}}