{"id":80246,"date":"2025-04-16T18:42:22","date_gmt":"2025-04-16T18:42:22","guid":{"rendered":"https:\/\/brandss.com.py\/index\/?post_type=product&#038;p=80246"},"modified":"2025-05-10T13:28:17","modified_gmt":"2025-05-10T13:28:17","slug":"perfume-femenino-brand-collection-dream-n-226-lacost-women-edp-25ml","status":"publish","type":"product","link":"https:\/\/brandss.com.py\/index\/producto\/perfume-femenino-brand-collection-dream-n-226-lacost-women-edp-25ml\/","title":{"rendered":"PERFUME FEMENINO BRAND COLLECTION DREAM N\u00b0 226 LACOST WOMEN EDP 25ML"},"content":{"rendered":"<p><img loading=\"lazy\" decoding=\"async\" class=\"\" src=\"https:\/\/brandcollectionperfume.com\/cdn\/shop\/files\/Untitled_design_1.png?v=1687781756&amp;width=500\" alt=\"Terms of Service \u2013 YouSmellSoGood\" width=\"142\" height=\"80\" \/><\/p>\n<h1>DREAM N\u00b0 226 LACOST WOMEN<\/h1>\n<p><span>Es una fragancia <\/span>floral amaderada y almizclada\u00a0que refleja la\u00a0sofisticaci\u00f3n\u00a0y\u00a0elegancia de la mujer moderna. Con una combinaci\u00f3n perfecta de notas frescas, florales y amaderadas, Lacost Women <span>es ideal para quienes buscan un perfume que refleje su personalidad refinada y cautivadora, pero que tambi\u00e9n tenga una energ\u00eda vibrante y viva.<\/span><\/p>\n<p><span>Las\u00a0<\/span>notas de salida\u00a0presentan una mezcla\u00a0en\u00e9rgica\u00a0y\u00a0vigorizante\u00a0de\u00a0pimienta,\u00a0fresia\u00a0y\u00a0manzana. La\u00a0pimienta\u00a0aporta un toque picante y estimulante, equilibrado por la frescura de la\u00a0fresia<span>, que da un aroma floral delicado y refrescante. La\u00a0<\/span>manzana<span>, a su vez, aporta una dulzura ligera y natural, creando una apertura envolvente y cautivadora, una aut\u00e9ntica celebraci\u00f3n de frescura y ligereza.<\/span><\/p>\n<p><span>En el coraz\u00f3n <\/span><span>destacan\u00a0<\/span>notas florales\u00a0que crean un aura femenina y delicada. El heliotropo\u00a0y\u00a0la violeta\u00a0aportan suavidad y frescura floral, mientras que\u00a0el jazm\u00edn\u00a0y\u00a0el hibisco a\u00f1aden\u00a0un<span>\u00a0toque de sofisticaci\u00f3n y riqueza al ramo. La\u00a0rosa, con su fragancia cl\u00e1sica y atemporal, complementa a las dem\u00e1s flores, creando una sensaci\u00f3n de\u00a0equilibrio\u00a0y\u00a0armon\u00eda. Este coraz\u00f3n floral es la expresi\u00f3n de una feminidad refinada y encantadora.<\/span><\/p>\n<p>Las notas de fondo\u00a0de\u00a0gamuza, s\u00e1ndalo, incienso,\u00a0cedro\u00a0y\u00a0l\u00e1dano\u00a0le dan\u00a0a la fragancia una\u00a0profundidad\u00a0y\u00a0complejidad incomparables. La gamuza\u00a0aporta una sensaci\u00f3n suave y acogedora, mientras que\u00a0el s\u00e1ndalo\u00a0ofrece<span>\u00a0una base cremosa y amaderada que es profundamente envolvente. El incienso\u00a0a\u00f1ade un toque misterioso y espiritual, y\u00a0el cedro ofrece una sensaci\u00f3n amaderada\u00a0y fresca. El l\u00e1dano, con su calidad resinosa, remata la composici\u00f3n, dejando una impresi\u00f3n duradera y sofisticada<strong>.<\/strong><\/span><\/p>\n<p>Lacost Women es perfecto para mujeres que desean un perfume con\u00a0fuerte presencia, pero a la vez sutil y lleno de sofisticaci\u00f3n. Su car\u00e1cter floral y amaderado es ideal para ocasiones especiales o para el uso diario, proporcionando una experiencia olfativa a la vez\u00a0delicada,\u00a0encantadora\u00a0e\u00a0inconfundible.<\/p>\n<h3>Notas Olfativas<\/h3>\n<p><span>Con su mezcla de frescura, flores delicadas y notas amaderadas, <\/span>Lacost Women es la elecci\u00f3n ideal para quienes buscan un perfume elegante y atemporal. Es la verdadera expresi\u00f3n de una mujer que sabe equilibrar\u00a0delicadeza\u00a0y\u00a0fuerza<span>, dejando una estela inolvidable all\u00e1 por donde pasa.<\/span><\/p>\n<p>&nbsp;<\/p>\n<p data-pm-slice=\"1 1 []\"><strong><span>Notas de salida:<\/span><\/strong><span> Pimienta, Fresia y Manzana.<\/span><\/p>\n<p><strong><span>Notas de coraz\u00f3n:<\/span><\/strong><span> Heliotropo, Violeta, Jazm\u00edn, Hibisco y Rosa.<\/span><\/p>\n<p><strong><span>Notas de fondo:<\/span><\/strong><span>\u00a0gamuza, s\u00e1ndalo, incienso, cedro y l\u00e1dano.<\/span><\/p>\n","protected":false},"excerpt":{"rendered":"<p>DREAM N\u00b0 226 LACOST WOMEN Es una fragancia floral amaderada y almizclada\u00a0que refleja la\u00a0sofisticaci\u00f3n\u00a0y\u00a0elegancia de la mujer moderna. Con una<\/p>\n","protected":false},"featured_media":80253,"comment_status":"open","ping_status":"closed","template":"","meta":{"nf_dc_page":""},"product_brand":[],"product_cat":[84],"product_tag":[],"class_list":{"0":"post-80246","1":"product","2":"type-product","3":"status-publish","4":"has-post-thumbnail","6":"product_cat-perfumeria","8":"first","9":"instock","10":"shipping-taxable","11":"purchasable","12":"product-type-simple"},"_links":{"self":[{"href":"https:\/\/brandss.com.py\/index\/wp-json\/wp\/v2\/product\/80246","targetHints":{"allow":["GET"]}}],"collection":[{"href":"https:\/\/brandss.com.py\/index\/wp-json\/wp\/v2\/product"}],"about":[{"href":"https:\/\/brandss.com.py\/index\/wp-json\/wp\/v2\/types\/product"}],"replies":[{"embeddable":true,"href":"https:\/\/brandss.com.py\/index\/wp-json\/wp\/v2\/comments?post=80246"}],"version-history":[{"count":1,"href":"https:\/\/brandss.com.py\/index\/wp-json\/wp\/v2\/product\/80246\/revisions"}],"predecessor-version":[{"id":80257,"href":"https:\/\/brandss.com.py\/index\/wp-json\/wp\/v2\/product\/80246\/revisions\/80257"}],"wp:featuredmedia":[{"embeddable":true,"href":"https:\/\/brandss.com.py\/index\/wp-json\/wp\/v2\/media\/80253"}],"wp:attachment":[{"href":"https:\/\/brandss.com.py\/index\/wp-json\/wp\/v2\/media?parent=80246"}],"wp:term":[{"taxonomy":"product_brand","embeddable":true,"href":"https:\/\/brandss.com.py\/index\/wp-json\/wp\/v2\/product_brand?post=80246"},{"taxonomy":"product_cat","embeddable":true,"href":"https:\/\/brandss.com.py\/index\/wp-json\/wp\/v2\/product_cat?post=80246"},{"taxonomy":"product_tag","embeddable":true,"href":"https:\/\/brandss.com.py\/index\/wp-json\/wp\/v2\/product_tag?post=80246"}],"curies":[{"name":"wp","href":"https:\/\/api.w.org\/{rel}","templated":true}]}}