{"id":80258,"date":"2025-04-17T11:13:22","date_gmt":"2025-04-17T11:13:22","guid":{"rendered":"https:\/\/brandss.com.py\/index\/?post_type=product&#038;p=80258"},"modified":"2025-05-10T13:28:03","modified_gmt":"2025-05-10T13:28:03","slug":"perfume-femenino-brand-collection-dream-n-227-dg-anthology-limperatrice-edp-25ml","status":"publish","type":"product","link":"https:\/\/brandss.com.py\/index\/producto\/perfume-femenino-brand-collection-dream-n-227-dg-anthology-limperatrice-edp-25ml\/","title":{"rendered":"PERFUME FEMENINO BRAND COLLECTION DREAM N\u00b0 227 DG ANTHOLOGY L&#8217;IMPERATRICE EDP 25ML"},"content":{"rendered":"<p><img loading=\"lazy\" decoding=\"async\" class=\"\" src=\"https:\/\/brandcollectionperfume.com\/cdn\/shop\/files\/Untitled_design_1.png?v=1687781756&amp;width=500\" alt=\"Terms of Service \u2013 YouSmellSoGood\" width=\"100\" height=\"56\" \/><\/p>\n<h1>DREAM N\u00b0 227 DG ANTHOLOGY L&#8217;IMPERATRICE<\/h1>\n<p><span>Es una fragancia femenina vibrante y sofisticada, ideal para mujeres que exudan confianza y estilo. Con una combinaci\u00f3n \u00fanica de <\/span>notas\u00a0frutales y\u00a0florales<span>, este perfume transmite una energ\u00eda fresca y moderna, perfecto para mujeres que buscan una fragancia atractiva y llamativa para su vida diaria.<\/span><\/p>\n<p><span>Las\u00a0<\/span>notas de salida ofrecen una\u00a0apertura refrescante y energizante, con el toque tropical del\u00a0kiwi\u00a0y la acidez del\u00a0ruibarbo, que se mezclan con la ligereza y el picante de\u00a0la pimienta rosa. Esta combinaci\u00f3n da como resultado una sensaci\u00f3n de intenso frescor y una\u00a0explosi\u00f3n de vitalidad<span>, creando una primera impresi\u00f3n cautivadora y sorprendente.<\/span><\/p>\n<p><span>En\u00a0<\/span>el coraz\u00f3n las notas florales\u00a0toman protagonismo, con la frescura de\u00a0la sand\u00eda\u00a0y la suavidad del\u00a0ciclamen. La sand\u00eda\u00a0aporta una dulzura natural y jugosa, creando una sensaci\u00f3n de ligereza y frescura, mientras que\u00a0el ciclamen\u00a0a\u00f1ade\u00a0un toque floral delicado y fresco, equilibrando perfectamente las notas frutales de la composici\u00f3n. Este coraz\u00f3n floral y afrutado transmite la\u00a0feminidad\u00a0y\u00a0elegancia<span>\u00a0de la mujer moderna, siempre llena de encanto y personalidad.<\/span><\/p>\n<p>Las notas de fondo\u00a0de limonero,\u00a0almizcle\u00a0y\u00a0s\u00e1ndalo\u00a0proporcionan\u00a0una\u00a0base\u00a0c\u00e1lida\u00a0y\u00a0envolvente\u00a0que\u00a0le da a la fragancia una profundidad irresistible. El lim\u00f3n\u00a0a\u00f1ade una sensaci\u00f3n de frescura y claridad, mientras que\u00a0el almizcle proporciona un toque suave y delicado, creando\u00a0una<span> base cremosa. El s\u00e1ndalo, con su nota c\u00e1lida y amaderada, a\u00f1ade un toque de\u00a0sofisticaci\u00f3n\u00a0y\u00a0elegancia, dejando\u00a0una impresi\u00f3n duradera y llamativa.<\/span><\/p>\n<p>DG Anthology L&#8217;imperatrice\u00a0es perfecto para la mujer que desea un perfume fresco, afrutado y sofisticado, con una\u00a0presencia impactante y \u00fanica. Su combinaci\u00f3n de notas vibrantes y florales crea una fragancia a la vez\u00a0energizante,\u00a0delicada\u00a0y\u00a0elegante<span>, haci\u00e9ndola ideal para el uso diario o para ocasiones especiales.<\/span><\/p>\n<h3>Notas Olfativas<\/h3>\n<p><span>Con su mezcla de\u00a0<\/span>frescura frutal\u00a0y\u00a0sofisticaci\u00f3n amaderada, DG Anthology L&#8217;imperatrice<span>\u00a0es la elecci\u00f3n perfecta para las mujeres que saben dejar su huella all\u00e1 donde van, con una fragancia envolvente e inconfundible que complementa su estilo \u00fanico y moderno.<\/span><\/p>\n<p>&nbsp;<\/p>\n<p data-pm-slice=\"1 1 []\"><strong><span>Notas de salida:<\/span><\/strong><span> kiwi, ruibarbo y pimienta rosa.<\/span><\/p>\n<p><strong><span>Notas de coraz\u00f3n:<\/span><\/strong><span> Sand\u00eda, Ciclamen.<\/span><\/p>\n<p><strong><span>Notas de fondo:<\/span><\/strong><span>\u00a0Limonero, Almizcle y S\u00e1ndalo.<\/span><\/p>\n","protected":false},"excerpt":{"rendered":"<p>DREAM N\u00b0 227 DG ANTHOLOGY L&#8217;IMPERATRICE Es una fragancia femenina vibrante y sofisticada, ideal para mujeres que exudan confianza y<\/p>\n","protected":false},"featured_media":80259,"comment_status":"open","ping_status":"closed","template":"","meta":{"nf_dc_page":""},"product_brand":[],"product_cat":[84],"product_tag":[],"class_list":{"0":"post-80258","1":"product","2":"type-product","3":"status-publish","4":"has-post-thumbnail","6":"product_cat-perfumeria","8":"first","9":"instock","10":"shipping-taxable","11":"purchasable","12":"product-type-simple"},"_links":{"self":[{"href":"https:\/\/brandss.com.py\/index\/wp-json\/wp\/v2\/product\/80258","targetHints":{"allow":["GET"]}}],"collection":[{"href":"https:\/\/brandss.com.py\/index\/wp-json\/wp\/v2\/product"}],"about":[{"href":"https:\/\/brandss.com.py\/index\/wp-json\/wp\/v2\/types\/product"}],"replies":[{"embeddable":true,"href":"https:\/\/brandss.com.py\/index\/wp-json\/wp\/v2\/comments?post=80258"}],"version-history":[{"count":1,"href":"https:\/\/brandss.com.py\/index\/wp-json\/wp\/v2\/product\/80258\/revisions"}],"predecessor-version":[{"id":80263,"href":"https:\/\/brandss.com.py\/index\/wp-json\/wp\/v2\/product\/80258\/revisions\/80263"}],"wp:featuredmedia":[{"embeddable":true,"href":"https:\/\/brandss.com.py\/index\/wp-json\/wp\/v2\/media\/80259"}],"wp:attachment":[{"href":"https:\/\/brandss.com.py\/index\/wp-json\/wp\/v2\/media?parent=80258"}],"wp:term":[{"taxonomy":"product_brand","embeddable":true,"href":"https:\/\/brandss.com.py\/index\/wp-json\/wp\/v2\/product_brand?post=80258"},{"taxonomy":"product_cat","embeddable":true,"href":"https:\/\/brandss.com.py\/index\/wp-json\/wp\/v2\/product_cat?post=80258"},{"taxonomy":"product_tag","embeddable":true,"href":"https:\/\/brandss.com.py\/index\/wp-json\/wp\/v2\/product_tag?post=80258"}],"curies":[{"name":"wp","href":"https:\/\/api.w.org\/{rel}","templated":true}]}}