{"id":80290,"date":"2025-04-17T12:57:28","date_gmt":"2025-04-17T12:57:28","guid":{"rendered":"https:\/\/brandss.com.py\/index\/?post_type=product&#038;p=80290"},"modified":"2026-03-14T11:48:34","modified_gmt":"2026-03-14T11:48:34","slug":"80290","status":"publish","type":"product","link":"https:\/\/brandss.com.py\/index\/producto\/80290\/","title":{"rendered":"PERFUME FEMENINO BRAND COLLECTION N\u00b0 364 D&amp;G THE ONLY ONE EDP 25ML"},"content":{"rendered":"<p><img loading=\"lazy\" decoding=\"async\" class=\"\" src=\"https:\/\/brandcollectionperfume.com\/cdn\/shop\/files\/Untitled_design_1.png?v=1687781756&amp;width=600\" alt=\"YouSmellSoGood\" width=\"447\" height=\"252\" \/><\/p>\n<h1>D&amp;G THE ONLY ONE<\/h1>\n<p>Con la primera pulverizaci\u00f3n de la colecci\u00f3n de la marca 364 ver\u00e1s inmediatamente la apertura de las notas primarias puras y su fusi\u00f3n. Se mezclan bayas rojas crujientes y moras, lo que le otorga una dulzura suave y un aroma m\u00e1s c\u00e1lido con la adici\u00f3n de pera y fresia.<br \/>\nDespu\u00e9s de un tiempo, recibir\u00e1s muchos aromas florales dulces e incre\u00edblemente aterciopelados, influenciados por violetas y rosas. La nota de caf\u00e9 aqu\u00ed es m\u00e1s bien una nota de apoyo, que le da a la fragancia un aspecto oscuro y sombr\u00edo para que parezca m\u00e1s lujosa. Finalmente, las notas de fondo de haba tonka, pachul\u00ed, \u00e1mbar y almizcle crean un aroma c\u00e1lido y profundo que intensifica la dulzura y la calidez de la fragancia.<\/p>\n<p>Colonia de 25 ml, c\u00f3digo de colecci\u00f3n de la marca 364, Dolce Gabbana D&#8217;Only One 2 es una fragancia dulce. La colonia Brand Collection 364 es adecuada para estaciones fr\u00edas como el oto\u00f1o y el invierno. Tambi\u00e9n se recomienda su uso en horario nocturno y en eventos formales.<\/p>\n<ul>\n<li>Notas de salida: mora, pera, fresia, semillas rojas.<\/li>\n<li>Notas medias: violeta, rosa, caf\u00e9.<\/li>\n<li>Notas de fondo: Haba tonka, \u00e1mbar, madera de \u00e1mbar, pachul\u00ed.<\/li>\n<\/ul>\n","protected":false},"excerpt":{"rendered":"<p>D&amp;G THE ONLY ONE Con la primera pulverizaci\u00f3n de la colecci\u00f3n de la marca 364 ver\u00e1s inmediatamente la apertura de<\/p>\n","protected":false},"featured_media":80291,"comment_status":"open","ping_status":"closed","template":"","meta":{"nf_dc_page":""},"product_brand":[],"product_cat":[84],"product_tag":[],"class_list":{"0":"post-80290","1":"product","2":"type-product","3":"status-publish","4":"has-post-thumbnail","6":"product_cat-perfumeria","8":"first","9":"outofstock","10":"shipping-taxable","11":"purchasable","12":"product-type-simple"},"_links":{"self":[{"href":"https:\/\/brandss.com.py\/index\/wp-json\/wp\/v2\/product\/80290","targetHints":{"allow":["GET"]}}],"collection":[{"href":"https:\/\/brandss.com.py\/index\/wp-json\/wp\/v2\/product"}],"about":[{"href":"https:\/\/brandss.com.py\/index\/wp-json\/wp\/v2\/types\/product"}],"replies":[{"embeddable":true,"href":"https:\/\/brandss.com.py\/index\/wp-json\/wp\/v2\/comments?post=80290"}],"version-history":[{"count":4,"href":"https:\/\/brandss.com.py\/index\/wp-json\/wp\/v2\/product\/80290\/revisions"}],"predecessor-version":[{"id":88845,"href":"https:\/\/brandss.com.py\/index\/wp-json\/wp\/v2\/product\/80290\/revisions\/88845"}],"wp:featuredmedia":[{"embeddable":true,"href":"https:\/\/brandss.com.py\/index\/wp-json\/wp\/v2\/media\/80291"}],"wp:attachment":[{"href":"https:\/\/brandss.com.py\/index\/wp-json\/wp\/v2\/media?parent=80290"}],"wp:term":[{"taxonomy":"product_brand","embeddable":true,"href":"https:\/\/brandss.com.py\/index\/wp-json\/wp\/v2\/product_brand?post=80290"},{"taxonomy":"product_cat","embeddable":true,"href":"https:\/\/brandss.com.py\/index\/wp-json\/wp\/v2\/product_cat?post=80290"},{"taxonomy":"product_tag","embeddable":true,"href":"https:\/\/brandss.com.py\/index\/wp-json\/wp\/v2\/product_tag?post=80290"}],"curies":[{"name":"wp","href":"https:\/\/api.w.org\/{rel}","templated":true}]}}