{"id":80301,"date":"2025-04-17T13:58:03","date_gmt":"2025-04-17T13:58:03","guid":{"rendered":"https:\/\/brandss.com.py\/index\/?post_type=product&#038;p=80301"},"modified":"2025-11-04T17:28:25","modified_gmt":"2025-11-04T17:28:25","slug":"speaker-samsung-sound-tower-mx-st50b-240-w-bluetooth-negro","status":"publish","type":"product","link":"https:\/\/brandss.com.py\/index\/producto\/speaker-samsung-sound-tower-mx-st50b-240-w-bluetooth-negro\/","title":{"rendered":"ALTAVOZ PORT\u00c1TIL SAMSUNG SOUND TOWER MX-ST50B 240W BT BLACK"},"content":{"rendered":"<p><img loading=\"lazy\" decoding=\"async\" class=\"\" src=\"https:\/\/images.samsung.com\/is\/image\/samsung\/assets\/global\/about-us\/brand\/logo\/360_197_1.png?$720_N_PNG$\" alt=\"Logotipo | Identidad de la marca | Acerca de nosotros ...\" width=\"64\" height=\"35\" \/><\/p>\n<h1>SOUND TOWER<\/h1>\n<p>Ya sea que estes organizando una fiesta en el s\u00f3tano o una barbacoa en el patio trasero, el speaker Samsung Sound Tower MX-ST50B de 240 W te permite transmitir tu m\u00fasica favorita con un espect\u00e1culo de luces LED electrizante. La reproducci\u00f3n en exteriores es posible gracias al dise\u00f1o resistente al agua del MX-ST50B. Dondequiera que lo coloques, los altavoces est\u00e9reo bidireccionales llenar\u00e1n el espacio con 240 W de potencia de audio. Puede configurarlo en cualquier lugar, ya que el MX-ST50B es completamente inal\u00e1mbrico y funciona hasta 18 horas con una bater\u00eda completa. Las caracter\u00edsticas adicionales le permiten disfrutar de canciones de karaoke, conectarse a m\u00e1s altavoces y aumentar los graves para una fiesta que sus invitados nunca olvidar\u00e1n. Tambi\u00e9n cuenta con la capacidad de conexi\u00f3n m\u00faltiple de Bluetooth, puedes emparejar hasta dos dispositivos m\u00f3viles diferentes con el MX-ST50B. Puedes transmitir desde diferentes aplicaciones en un tel\u00e9fono y tableta, o dejar que un amigo transmita su propia lista de reproducci\u00f3n.<\/p>\n<p>Caracter\u00edsticas<\/p>\n<ul>\n<li><strong>Dise\u00f1o:<\/strong>\u00a0Elegante y resistente<\/li>\n<li><strong>Potencia nominal:\u00a0<\/strong>240 W<\/li>\n<li><strong>Autonom\u00eda:\u00a0<\/strong>18 horas aprox<\/li>\n<li><strong>Resistencia al agua:<\/strong>\u00a0IPX5<\/li>\n<li><strong>Interfaz:<\/strong>\u00a0Jack 3.5 mm, 1\/4&#8243; y USB<\/li>\n<li><strong>Conectividad:<\/strong>\u00a0Bluetooth<\/li>\n<\/ul>\n","protected":false},"excerpt":{"rendered":"<p>SOUND TOWER Ya sea que estes organizando una fiesta en el s\u00f3tano o una barbacoa en el patio trasero, el<\/p>\n","protected":false},"featured_media":80302,"comment_status":"open","ping_status":"closed","template":"","meta":{"nf_dc_page":""},"product_brand":[1289],"product_cat":[89],"product_tag":[1290],"class_list":{"0":"post-80301","1":"product","2":"type-product","3":"status-publish","4":"has-post-thumbnail","6":"product_brand-samsung","7":"product_cat-electronicos","8":"product_tag-1290","10":"first","11":"instock","12":"shipping-taxable","13":"purchasable","14":"product-type-simple"},"_links":{"self":[{"href":"https:\/\/brandss.com.py\/index\/wp-json\/wp\/v2\/product\/80301","targetHints":{"allow":["GET"]}}],"collection":[{"href":"https:\/\/brandss.com.py\/index\/wp-json\/wp\/v2\/product"}],"about":[{"href":"https:\/\/brandss.com.py\/index\/wp-json\/wp\/v2\/types\/product"}],"replies":[{"embeddable":true,"href":"https:\/\/brandss.com.py\/index\/wp-json\/wp\/v2\/comments?post=80301"}],"version-history":[{"count":3,"href":"https:\/\/brandss.com.py\/index\/wp-json\/wp\/v2\/product\/80301\/revisions"}],"predecessor-version":[{"id":93257,"href":"https:\/\/brandss.com.py\/index\/wp-json\/wp\/v2\/product\/80301\/revisions\/93257"}],"wp:featuredmedia":[{"embeddable":true,"href":"https:\/\/brandss.com.py\/index\/wp-json\/wp\/v2\/media\/80302"}],"wp:attachment":[{"href":"https:\/\/brandss.com.py\/index\/wp-json\/wp\/v2\/media?parent=80301"}],"wp:term":[{"taxonomy":"product_brand","embeddable":true,"href":"https:\/\/brandss.com.py\/index\/wp-json\/wp\/v2\/product_brand?post=80301"},{"taxonomy":"product_cat","embeddable":true,"href":"https:\/\/brandss.com.py\/index\/wp-json\/wp\/v2\/product_cat?post=80301"},{"taxonomy":"product_tag","embeddable":true,"href":"https:\/\/brandss.com.py\/index\/wp-json\/wp\/v2\/product_tag?post=80301"}],"curies":[{"name":"wp","href":"https:\/\/api.w.org\/{rel}","templated":true}]}}