{"id":80315,"date":"2025-04-17T14:35:17","date_gmt":"2025-04-17T14:35:17","guid":{"rendered":"https:\/\/brandss.com.py\/index\/?post_type=product&#038;p=80315"},"modified":"2025-05-26T12:43:56","modified_gmt":"2025-05-26T12:43:56","slug":"perfume-masculino-brand-collection-dream-n-236-kenzo-leau-edp-25ml","status":"publish","type":"product","link":"https:\/\/brandss.com.py\/index\/producto\/perfume-masculino-brand-collection-dream-n-236-kenzo-leau-edp-25ml\/","title":{"rendered":"PERFUME MASCULINO BRAND COLLECTION DREAM N\u00b0 236 KENZO L&#8217;EAU EDP 25ML"},"content":{"rendered":"<p><img loading=\"lazy\" decoding=\"async\" class=\"\" src=\"https:\/\/brandcollectionperfume.com\/cdn\/shop\/files\/Untitled_design_1.png?v=1687781756&amp;width=500\" alt=\"Terms of Service \u2013 YouSmellSoGood\" width=\"128\" height=\"72\" \/><\/p>\n<h1>DREAM N\u00b0 236 KENZO L&#8217;EAU<\/h1>\n<p><span>Una fragancia acu\u00e1tica arom\u00e1tica para hombres.<\/span><\/p>\n<h3>Notas Olfativas<\/h3>\n<p><span><strong>Notas de salida:<\/strong> Yuzu, Lim\u00f3n y Pimienta Verde.<\/span><\/p>\n<p><span><strong>Notas de coraz\u00f3n:<\/strong> Notas Acu\u00e1ticas, Loto, Menta Acu\u00e1tica y Notas Verdes.<\/span><\/p>\n<p><span><strong>Notas de fondo:<\/strong> almizcle blanco y cedro.<\/span><\/p>\n","protected":false},"excerpt":{"rendered":"<p>DREAM N\u00b0 236 KENZO L&#8217;EAU Una fragancia acu\u00e1tica arom\u00e1tica para hombres. Notas Olfativas Notas de salida: Yuzu, Lim\u00f3n y Pimienta<\/p>\n","protected":false},"featured_media":80316,"comment_status":"open","ping_status":"closed","template":"","meta":{"nf_dc_page":""},"product_brand":[],"product_cat":[84],"product_tag":[],"class_list":{"0":"post-80315","1":"product","2":"type-product","3":"status-publish","4":"has-post-thumbnail","6":"product_cat-perfumeria","8":"first","9":"instock","10":"shipping-taxable","11":"purchasable","12":"product-type-simple"},"_links":{"self":[{"href":"https:\/\/brandss.com.py\/index\/wp-json\/wp\/v2\/product\/80315","targetHints":{"allow":["GET"]}}],"collection":[{"href":"https:\/\/brandss.com.py\/index\/wp-json\/wp\/v2\/product"}],"about":[{"href":"https:\/\/brandss.com.py\/index\/wp-json\/wp\/v2\/types\/product"}],"replies":[{"embeddable":true,"href":"https:\/\/brandss.com.py\/index\/wp-json\/wp\/v2\/comments?post=80315"}],"version-history":[{"count":1,"href":"https:\/\/brandss.com.py\/index\/wp-json\/wp\/v2\/product\/80315\/revisions"}],"predecessor-version":[{"id":80319,"href":"https:\/\/brandss.com.py\/index\/wp-json\/wp\/v2\/product\/80315\/revisions\/80319"}],"wp:featuredmedia":[{"embeddable":true,"href":"https:\/\/brandss.com.py\/index\/wp-json\/wp\/v2\/media\/80316"}],"wp:attachment":[{"href":"https:\/\/brandss.com.py\/index\/wp-json\/wp\/v2\/media?parent=80315"}],"wp:term":[{"taxonomy":"product_brand","embeddable":true,"href":"https:\/\/brandss.com.py\/index\/wp-json\/wp\/v2\/product_brand?post=80315"},{"taxonomy":"product_cat","embeddable":true,"href":"https:\/\/brandss.com.py\/index\/wp-json\/wp\/v2\/product_cat?post=80315"},{"taxonomy":"product_tag","embeddable":true,"href":"https:\/\/brandss.com.py\/index\/wp-json\/wp\/v2\/product_tag?post=80315"}],"curies":[{"name":"wp","href":"https:\/\/api.w.org\/{rel}","templated":true}]}}