{"id":80321,"date":"2025-04-17T16:22:22","date_gmt":"2025-04-17T16:22:22","guid":{"rendered":"https:\/\/brandss.com.py\/index\/?post_type=product&#038;p=80321"},"modified":"2025-11-04T17:39:27","modified_gmt":"2025-11-04T17:39:27","slug":"speaker-samsung-sound-tower-mx-st40b-bluetooth-negro","status":"publish","type":"product","link":"https:\/\/brandss.com.py\/index\/producto\/speaker-samsung-sound-tower-mx-st40b-bluetooth-negro\/","title":{"rendered":"ALTAVOZ PORT\u00c1TIL SAMSUNG SOUND TOWER MX-ST40B BT 160W BLACK"},"content":{"rendered":"<p><img loading=\"lazy\" decoding=\"async\" class=\"\" src=\"https:\/\/images.samsung.com\/is\/image\/samsung\/assets\/global\/about-us\/brand\/logo\/360_197_1.png?$720_N_PNG$\" alt=\"Logotipo | Identidad de la marca | Acerca de nosotros ...\" width=\"99\" height=\"54\" \/><\/p>\n<h1>SOUND TOWER<\/h1>\n<p>Anima tu fiesta con sonido bidireccional y salida de alta potencia de 160W. Disfruta de hasta 12 horas de entretenimiento desconectado con la bater\u00eda integrada. Llueva o truene, disfrute del entretenimiento al aire libre durante el verano con la Samsung Sound Tower MX-ST40B con clasificaci\u00f3n IPX5. Sus 160 vatios de potencia es lo \u00fanico que necesitas para que tus fiestas sean la bomba. Es capaz de intensificar hasta los sonidos de baja intensidad de las canciones y, adem\u00e1s, podr\u00e1s disfrutar de una experiencia sonora a\u00fan m\u00e1s potente gracias a Bass Booster.<\/p>\n<p><strong>Caracter\u00edsticas:<\/strong><\/p>\n<ul>\n<li>Un sonido bidireccional extendido<\/li>\n<li>Ampl\u00ede el alcance de su m\u00fasica y disfrute de un sonido envolvente. Se extiende desde un extremo de la habitaci\u00f3n hasta el otro.<\/li>\n<li>Anima la fiesta con su potente sonido<\/li>\n<li>Sus 160 vatios de potencia son lo \u00fanico que necesitas para que tus fiestas sean un \u00e9xito. Es capaz de intensificar incluso los sonidos de baja intensidad de las canciones y, adem\u00e1s, podr\u00e1s disfrutar de una experiencia de sonido a\u00fan m\u00e1s potente gracias al Bass Booster.<\/li>\n<li>Lleva la m\u00fasica a donde quiera que vayas<\/li>\n<li>Su bater\u00eda incorporada tiene una duraci\u00f3n de 12 horas para que puedas llevar la fiesta a cualquier parte.<\/li>\n<li>La Sound Tower es resistente a la intemperie gracias a su certificaci\u00f3n IPX5, que la protege del agua.<\/li>\n<li>Conecta la Sound Tower a tu TV mediante Bluetooth y disfruta de tu m\u00fasica favorita sin cables de por medio.<\/li>\n<li>Sonido:\u00a0Bidireccional<\/li>\n<li>Potencia:\u00a0160 W<\/li>\n<li>Bater\u00eda incorporada:\u00a0Hasta 12 horas ininterrumpidas<\/li>\n<li>Resistente a:\u00a0Agua (IPX5)<\/li>\n<li>Resistente a:\u00a0Salpicaduras<\/li>\n<\/ul>\n<div class=\"col-12 item_detail item_dark \">\n<h3>Detalles<\/h3>\n<div><\/div>\n<div class=\"col-6 item\">Marca: Samsung.<\/div>\n<\/div>\n<div class=\"col-12 item_detail \">\n<div class=\"col-6 item\">Modelo: MX-ST40B.<\/div>\n<\/div>\n<div class=\"col-12 item_detail item_dark \">\n<div class=\"col-6 item\">Color: Negro.<\/div>\n<\/div>\n<div class=\"col-12 item_detail \">\n<div class=\"col-6 item\">Potencia: AC: 160W- Bateria: 80W.<\/div>\n<\/div>\n<div class=\"col-12 item_detail item_dark \">\n<div class=\"col-6 item\">Interfaz: USB -AUX.<\/div>\n<\/div>\n<div class=\"col-12 item_detail \">\n<div class=\"col-6 item\">Conectividad: Bluetooth.<\/div>\n<\/div>\n<div class=\"col-12 item_detail item_dark \">\n<div class=\"col-6 item\">Bateria: Recargable Con Duracci\u00f3n de Hasta 12 Horas.<\/div>\n<\/div>\n<div class=\"col-12 item_detail \">\n<div class=\"col-6 item\">Alimentaci\u00f3n: Bivolt.<\/div>\n<\/div>\n<div class=\"col-12 item_detail item_dark \">\n<div class=\"col-6 item\">Modos de Sonido: Party &#8211; Standard &#8211; Hip Hop &#8211; EDM &#8211; Rock &#8211; Latin &#8211; House &#8211; Reggae.<\/div>\n<\/div>\n<div class=\"col-12 item_detail \">\n<div class=\"col-6 item\">Caracteristicas: Luces de Fiesta &#8211; Efectos DJ &#8211; Bass Boster.<\/div>\n<\/div>\n<div class=\"col-12 item_detail item_dark \">\n<div class=\"col-6 item\">Resistencia al agua: IPX5.<\/div>\n<\/div>\n<div class=\"col-12 item_detail \">\n<div class=\"col-6 item\">Tama\u00f1o del subwoofer: 8&#8243; &#8211; 8.9&#8243;.<\/div>\n<\/div>\n<div class=\"col-12 item_detail item_dark \">\n<div class=\"col-6 item\">Dimensiones del Embalaje: 33.00 cm X 62.50 cm X 32.50 cm.<\/div>\n<\/div>\n<div class=\"col-12 item_detail \">\n<div class=\"col-6 item\">Peso Bruto: 9.438 kg.<\/div>\n<\/div>\n","protected":false},"excerpt":{"rendered":"<p>SOUND TOWER Anima tu fiesta con sonido bidireccional y salida de alta potencia de 160W. Disfruta de hasta 12 horas<\/p>\n","protected":false},"featured_media":80322,"comment_status":"open","ping_status":"closed","template":"","meta":{"nf_dc_page":""},"product_brand":[1289],"product_cat":[89],"product_tag":[1291],"class_list":{"0":"post-80321","1":"product","2":"type-product","3":"status-publish","4":"has-post-thumbnail","6":"product_brand-samsung","7":"product_cat-electronicos","8":"product_tag-1291","10":"first","11":"instock","12":"shipping-taxable","13":"purchasable","14":"product-type-simple"},"_links":{"self":[{"href":"https:\/\/brandss.com.py\/index\/wp-json\/wp\/v2\/product\/80321","targetHints":{"allow":["GET"]}}],"collection":[{"href":"https:\/\/brandss.com.py\/index\/wp-json\/wp\/v2\/product"}],"about":[{"href":"https:\/\/brandss.com.py\/index\/wp-json\/wp\/v2\/types\/product"}],"replies":[{"embeddable":true,"href":"https:\/\/brandss.com.py\/index\/wp-json\/wp\/v2\/comments?post=80321"}],"version-history":[{"count":3,"href":"https:\/\/brandss.com.py\/index\/wp-json\/wp\/v2\/product\/80321\/revisions"}],"predecessor-version":[{"id":93259,"href":"https:\/\/brandss.com.py\/index\/wp-json\/wp\/v2\/product\/80321\/revisions\/93259"}],"wp:featuredmedia":[{"embeddable":true,"href":"https:\/\/brandss.com.py\/index\/wp-json\/wp\/v2\/media\/80322"}],"wp:attachment":[{"href":"https:\/\/brandss.com.py\/index\/wp-json\/wp\/v2\/media?parent=80321"}],"wp:term":[{"taxonomy":"product_brand","embeddable":true,"href":"https:\/\/brandss.com.py\/index\/wp-json\/wp\/v2\/product_brand?post=80321"},{"taxonomy":"product_cat","embeddable":true,"href":"https:\/\/brandss.com.py\/index\/wp-json\/wp\/v2\/product_cat?post=80321"},{"taxonomy":"product_tag","embeddable":true,"href":"https:\/\/brandss.com.py\/index\/wp-json\/wp\/v2\/product_tag?post=80321"}],"curies":[{"name":"wp","href":"https:\/\/api.w.org\/{rel}","templated":true}]}}