{"id":80330,"date":"2025-04-17T16:54:32","date_gmt":"2025-04-17T16:54:32","guid":{"rendered":"https:\/\/brandss.com.py\/index\/?post_type=product&#038;p=80330"},"modified":"2025-05-10T13:26:34","modified_gmt":"2025-05-10T13:26:34","slug":"perfume-femenino-brand-collection-dream-n-239-untamable-edp-25ml","status":"publish","type":"product","link":"https:\/\/brandss.com.py\/index\/producto\/perfume-femenino-brand-collection-dream-n-239-untamable-edp-25ml\/","title":{"rendered":"PERFUME FEMENINO BRAND COLLECTION DREAM N\u00b0 239 UNTAMABLE EDP 25ML"},"content":{"rendered":"<p><img loading=\"lazy\" decoding=\"async\" class=\"\" src=\"https:\/\/brandcollectionperfume.com\/cdn\/shop\/files\/Untitled_design_1.png?v=1687781756&amp;width=500\" alt=\"Terms of Service \u2013 YouSmellSoGood\" width=\"135\" height=\"76\" \/><\/p>\n<h1>DREAM N\u00b0 239 UNTAMABLE<\/h1>\n<p><span>Es una verdadera obra maestra olfativa, dise\u00f1ada para mujeres que buscan una fragancia \u00fanica, sofisticada y cautivadora. Este perfume femenino es una refinada combinaci\u00f3n de notas florales, amaderadas y almizcladas, proporcionando una experiencia sensorial que transmite felicidad, serenidad y luz. Con 25ml de esencia pura, <\/span>Untamable<span>\u00a0es ideal para quienes desean expresar una personalidad vibrante y en\u00e9rgica.<\/span><\/p>\n<p><span>Su composici\u00f3n est\u00e1 marcada por la luminosidad de sus notas, que crean un aura de frescura y ligereza. <\/span>Untamable\u00a0inicia su viaje olfativo con notas de salida de\u00a0bergamota\u00a0y\u00a0mandarina<span>, que transmiten inmediatamente una sensaci\u00f3n de frescura, como un rayo de sol que ilumina el d\u00eda. Estos c\u00edtricos son envolventes y vibrantes, proporcionando una introducci\u00f3n que es a la vez en\u00e9rgica y acogedora.<\/span><\/p>\n<p><span>A medida que se desarrolla la fragancia, las notas de coraz\u00f3n<\/span><span>\u00a0comienzan a destacarse. La presencia de\u00a0<\/span>jazm\u00edn,\u00a0rosa de Grasse,\u00a0melocot\u00f3n\u00a0y\u00a0grosella negra\u00a0aporta una complejidad floral a la vez delicada y refinada. El jazm\u00edn\u00a0y\u00a0la rosa de Grasse, dos de las flores m\u00e1s nobles, confieren al perfume una sensaci\u00f3n de elegante feminidad, mientras que\u00a0el melocot\u00f3n\u00a0<span>a\u00f1ade\u00a0un toque afrutado y jugoso, equilibrando perfectamente la composici\u00f3n. Cassis ofrece una nota de fondo ligeramente afrutada,\u00a0aportando\u00a0un contraste sutil que hace que el perfume sea a\u00fan m\u00e1s interesante.<\/span><\/p>\n<p><span>Sin embargo, es en las notas de base de <\/span>Untamable\u00a0donde se revela la verdadera profundidad de la fragancia.\u00a0El almizcle blanco,\u00a0el s\u00e1ndalo, el cedro,\u00a0el pachul\u00ed\u00a0y\u00a0el benju\u00ed\u00a0forman\u00a0una base suave y amaderada que le da al perfume una sensaci\u00f3n de calidez y estabilidad.\u00a0El almizcle blanco\u00a0aporta\u00a0una ligereza envolvente, mientras que\u00a0el s\u00e1ndalo\u00a0y\u00a0el cedro\u00a0ofrecen una riqueza amaderada que a\u00f1ade una nota terrosa y reconfortante. El pachul\u00ed\u00a0y\u00a0el benju\u00ed ofrecen toques m\u00e1s densos y ex\u00f3ticos, completando la fragancia con una profundidad \u00fanica y cautivadora.<\/p>\n<p>Untamable<span>\u00a0es una fragancia multifac\u00e9tica que, si bien es fresca y alegre, tambi\u00e9n tiene una riqueza y complejidad que hace de cada uso una experiencia \u00fanica. Su composici\u00f3n no es s\u00f3lo una combinaci\u00f3n de notas, sino una verdadera interpretaci\u00f3n olfativa de la luz, como una pintura impresionista que revela nuevas capas con cada mirada. Su fragancia es como una obra de arte que expresa clara y evidentemente la alegr\u00eda y la libertad de ser quien eres, sin restricciones.<\/span><\/p>\n<p><span>Este perfume es perfecto para el uso diario, ideal para mujeres que buscan una fragancia sofisticada, pero a la vez ligera y alegre. Su versatilidad permite que <\/span>Untamable<span>\u00a0sea utilizado en diferentes ocasiones, ya sea en el lugar de trabajo, en una reuni\u00f3n informal o en un evento m\u00e1s formal. Su presencia es impactante, pero de forma sutil y elegante, acompa\u00f1ando a la mujer en su d\u00eda a d\u00eda sin resultar nunca excesiva.<\/span><\/p>\n<p><span>El envase<\/span><span>\u00a0es compacto y pr\u00e1ctico, perfecto para llevar en el bolso y utilizar durante todo el d\u00eda. Su est\u00e9tica sencilla y refinada refleja la sofisticaci\u00f3n y delicadeza que transmite este perfume. La fragancia tambi\u00e9n tiene una buena fijaci\u00f3n sobre la piel, garantizando que su presencia se sienta durante varias horas.<\/span><\/p>\n<h3>Notas Olfativas<\/h3>\n<p><span>En resumen, <\/span>Untamable es una fragancia femenina que combina armoniosamente ligereza, sofisticaci\u00f3n y complejidad. Sus notas frescas y florales se entrelazan con la profundidad de las esencias amaderadas y almizcladas, creando una experiencia olfativa \u00fanica y envolvente. Si buscas un perfume que exprese tu personalidad vibrante y al mismo tiempo transmita una sensaci\u00f3n de calidez y serenidad, Untamable<span>\u00a0es la elecci\u00f3n ideal.<\/span><\/p>\n<p>&nbsp;<\/p>\n<p><strong><span>Notas de salida:<\/span><\/strong><span> Bergamota y mandarina.<\/span><\/p>\n<p><strong><span>Notas de coraz\u00f3n:<\/span><\/strong><span> jazm\u00edn, rosa de Grasse, melocot\u00f3n y cassis.<\/span><\/p>\n<p><strong><span>Notas de fondo:<\/span><\/strong><span>\u00a0Almizcle blanco, s\u00e1ndalo, cedro, pachul\u00ed y benju\u00ed.<\/span><\/p>\n","protected":false},"excerpt":{"rendered":"<p>DREAM N\u00b0 239 UNTAMABLE Es una verdadera obra maestra olfativa, dise\u00f1ada para mujeres que buscan una fragancia \u00fanica, sofisticada y<\/p>\n","protected":false},"featured_media":80331,"comment_status":"open","ping_status":"closed","template":"","meta":{"nf_dc_page":""},"product_brand":[],"product_cat":[84],"product_tag":[],"class_list":{"0":"post-80330","1":"product","2":"type-product","3":"status-publish","4":"has-post-thumbnail","6":"product_cat-perfumeria","8":"first","9":"instock","10":"shipping-taxable","11":"purchasable","12":"product-type-simple"},"_links":{"self":[{"href":"https:\/\/brandss.com.py\/index\/wp-json\/wp\/v2\/product\/80330","targetHints":{"allow":["GET"]}}],"collection":[{"href":"https:\/\/brandss.com.py\/index\/wp-json\/wp\/v2\/product"}],"about":[{"href":"https:\/\/brandss.com.py\/index\/wp-json\/wp\/v2\/types\/product"}],"replies":[{"embeddable":true,"href":"https:\/\/brandss.com.py\/index\/wp-json\/wp\/v2\/comments?post=80330"}],"version-history":[{"count":1,"href":"https:\/\/brandss.com.py\/index\/wp-json\/wp\/v2\/product\/80330\/revisions"}],"predecessor-version":[{"id":80335,"href":"https:\/\/brandss.com.py\/index\/wp-json\/wp\/v2\/product\/80330\/revisions\/80335"}],"wp:featuredmedia":[{"embeddable":true,"href":"https:\/\/brandss.com.py\/index\/wp-json\/wp\/v2\/media\/80331"}],"wp:attachment":[{"href":"https:\/\/brandss.com.py\/index\/wp-json\/wp\/v2\/media?parent=80330"}],"wp:term":[{"taxonomy":"product_brand","embeddable":true,"href":"https:\/\/brandss.com.py\/index\/wp-json\/wp\/v2\/product_brand?post=80330"},{"taxonomy":"product_cat","embeddable":true,"href":"https:\/\/brandss.com.py\/index\/wp-json\/wp\/v2\/product_cat?post=80330"},{"taxonomy":"product_tag","embeddable":true,"href":"https:\/\/brandss.com.py\/index\/wp-json\/wp\/v2\/product_tag?post=80330"}],"curies":[{"name":"wp","href":"https:\/\/api.w.org\/{rel}","templated":true}]}}