{"id":80351,"date":"2025-04-17T18:50:39","date_gmt":"2025-04-17T18:50:39","guid":{"rendered":"https:\/\/brandss.com.py\/index\/?post_type=product&#038;p=80351"},"modified":"2025-05-10T13:25:22","modified_gmt":"2025-05-10T13:25:22","slug":"perfume-femenino-brand-collection-dream-n-247-baccarat-rouge-540-edp-25ml","status":"publish","type":"product","link":"https:\/\/brandss.com.py\/index\/producto\/perfume-femenino-brand-collection-dream-n-247-baccarat-rouge-540-edp-25ml\/","title":{"rendered":"PERFUME FEMENINO BRAND COLLECTION DREAM N\u00b0 247 BACCARAT ROUGE 540 EDP 25ML"},"content":{"rendered":"<p><img loading=\"lazy\" decoding=\"async\" class=\"\" src=\"https:\/\/brandcollectionperfume.com\/cdn\/shop\/files\/Untitled_design_1.png?v=1687781756&amp;width=500\" alt=\"Terms of Service \u2013 YouSmellSoGood\" width=\"114\" height=\"64\" \/><\/p>\n<h1>DREAM N\u00b0 247 BACCARAT ROUGE 540<\/h1>\n<p><span>Es una fragancia sofisticada y memorable que trasciende la simple definici\u00f3n de perfume. Con 25ml de esencia pura, ofrece una experiencia olfativa exuberante y \u00fanica, evocando el ic\u00f3nico <\/span>Baccarat Rouge<span>. M\u00e1s que un perfume,Baccarat Rouge 540<\/span><span>\u00a0es una aut\u00e9ntica declaraci\u00f3n de estilo, ideal para mujeres con una fuerte personalidad que desean crear una marca olfativa inolvidable. Su composici\u00f3n refinada y duradera la convierte en la elecci\u00f3n perfecta para una variedad de ocasiones, permitiendo que la fragancia dure todo el d\u00eda.<\/span><\/p>\n<p><span>Al aplicarse<\/span><span>\u00a0se abre con una explosi\u00f3n de frescura c\u00edtrica y afrutada, aportando una sensaci\u00f3n vigorizante y en\u00e9rgica. Las notas de\u00a0<\/span>azafr\u00e1n\u00a0y\u00a0jazm\u00edn\u00a0destacan en la salida de la fragancia, ofreciendo un equilibrio perfecto entre la suavidad floral del\u00a0jazm\u00edn\u00a0y el toque ex\u00f3tico y ligeramente picante del\u00a0azafr\u00e1n<span>. Estos ingredientes crean una apertura que no solo despierta los sentidos, sino que tambi\u00e9n transmite una sensaci\u00f3n de lujo y exclusividad, envolviendo inmediatamente al usuario en un aura sofisticada.<\/span><\/p>\n<p><span>El coraz\u00f3n<\/span><span>\u00a0es lo que realmente hace que esta fragancia se destaque. Al entrar en el centro de la composici\u00f3n, quedar\u00e1 envuelto por una combinaci\u00f3n rica y envolvente de\u00a0<\/span>madera de \u00e1mbar\u00a0y\u00a0\u00e1mbar gris. Estas notas centrales aportan una profundidad c\u00e1lida y resonante al perfume, creando una sensaci\u00f3n de misterio y seducci\u00f3n sin ser abrumadora.\u00a0La madera de \u00e1mbar\u00a0aporta\u00a0un toque amaderado, mientras que\u00a0el \u00e1mbar gris<span>\u00a0a\u00f1ade un aspecto suave, ambarado y ligeramente dulce, que equilibra la fragancia de forma sublime, haci\u00e9ndola a\u00fan m\u00e1s encantadora y sofisticada.<\/span><\/p>\n<p><span>La base <\/span><span>est\u00e1 compuesta de resina\u00a0<\/span>de abeto\u00a0y\u00a0cedro, ingredientes que ofrecen un acabado s\u00f3lido amaderado y bals\u00e1mico.\u00a0La resina de abeto\u00a0aporta\u00a0un matiz resinoso, terroso y ligeramente fresco, mientras que\u00a0el cedro<span>\u00a0aporta una profundidad amaderada m\u00e1s robusta, pero suave y elegante. Juntas, estas notas de fondo crean una base s\u00f3lida y duradera, que asegura que el perfume permanezca presente durante horas, sin perder su sofisticaci\u00f3n inicial.<\/span><\/p>\n<p><span>La notable durabilidad<\/span><span>\u00a0lo convierte en una excelente opci\u00f3n para las mujeres que buscan un perfume que perdure durante todo el d\u00eda, manteniendo su presencia impactante y memorable. Su composici\u00f3n compleja y multifac\u00e9tica ofrece una experiencia olfativa que se desarrolla con el tiempo, evolucionando desde notas frescas y afrutadas hasta una base amaderada rica y sofisticada.<\/span><\/p>\n<p><span>Este perfume no es solo una fragancia, sino una\u00a0<\/span>experiencia sensorial inmersiva, ideal para quienes buscan resaltar su presencia en cualquier ambiente. Ya sea para eventos especiales, reuniones informales o incluso para el uso diario, Baccarat Rouge<span>\u00a0es vers\u00e1til y cautivadora, y se puede adaptar f\u00e1cilmente a diferentes ocasiones. Su elegancia y sofisticaci\u00f3n lo convierten en una elecci\u00f3n perfecta para aquellas mujeres que desean expresar su personalidad \u00fanica a trav\u00e9s de una firma olfativa inconfundible.<\/span><\/p>\n<h3>Notas Olfativas<\/h3>\n<p><span>En resumen, <\/span>Baccarat Rouge\u00a0es una fragancia que mezcla frescura, sofisticaci\u00f3n y profundidad, creando una experiencia olfativa impactante y memorable. Con sus notas de\u00a0azafr\u00e1n\u00a0,\u00a0jazm\u00edn\u00a0,\u00a0madera de \u00e1mbar\u00a0,\u00a0\u00e1mbar gris\u00a0,\u00a0resina de abeto\u00a0y\u00a0cedro , ofrece un viaje olfativo completo, que va desde una apertura luminosa hasta una base rica y envolvente. Para las mujeres que buscan una fragancia que no s\u00f3lo complemente su estilo, sino que tambi\u00e9n destaque y perdure en el tiempo,\u00a0Baccarat Rouge<span>\u00a0es la elecci\u00f3n ideal.<\/span><\/p>\n<p>&nbsp;<\/p>\n<p data-pm-slice=\"0 0 []\"><strong><span>Notas de salida:<\/span><\/strong><span> Azafr\u00e1n y Jazm\u00edn.<\/span><\/p>\n<p><strong><span>Notas de coraz\u00f3n:<\/span><\/strong><span> Amberwood y \u00e1mbar gris.<\/span><\/p>\n<p><strong><span>Notas de fondo:<\/span><\/strong><span>\u00a0resina de abeto y cedro.<\/span><\/p>\n","protected":false},"excerpt":{"rendered":"<p>DREAM N\u00b0 247 BACCARAT ROUGE 540 Es una fragancia sofisticada y memorable que trasciende la simple definici\u00f3n de perfume. Con<\/p>\n","protected":false},"featured_media":80352,"comment_status":"open","ping_status":"closed","template":"","meta":{"nf_dc_page":""},"product_brand":[],"product_cat":[84],"product_tag":[],"class_list":{"0":"post-80351","1":"product","2":"type-product","3":"status-publish","4":"has-post-thumbnail","6":"product_cat-perfumeria","8":"first","9":"instock","10":"shipping-taxable","11":"purchasable","12":"product-type-simple"},"_links":{"self":[{"href":"https:\/\/brandss.com.py\/index\/wp-json\/wp\/v2\/product\/80351","targetHints":{"allow":["GET"]}}],"collection":[{"href":"https:\/\/brandss.com.py\/index\/wp-json\/wp\/v2\/product"}],"about":[{"href":"https:\/\/brandss.com.py\/index\/wp-json\/wp\/v2\/types\/product"}],"replies":[{"embeddable":true,"href":"https:\/\/brandss.com.py\/index\/wp-json\/wp\/v2\/comments?post=80351"}],"version-history":[{"count":1,"href":"https:\/\/brandss.com.py\/index\/wp-json\/wp\/v2\/product\/80351\/revisions"}],"predecessor-version":[{"id":80357,"href":"https:\/\/brandss.com.py\/index\/wp-json\/wp\/v2\/product\/80351\/revisions\/80357"}],"wp:featuredmedia":[{"embeddable":true,"href":"https:\/\/brandss.com.py\/index\/wp-json\/wp\/v2\/media\/80352"}],"wp:attachment":[{"href":"https:\/\/brandss.com.py\/index\/wp-json\/wp\/v2\/media?parent=80351"}],"wp:term":[{"taxonomy":"product_brand","embeddable":true,"href":"https:\/\/brandss.com.py\/index\/wp-json\/wp\/v2\/product_brand?post=80351"},{"taxonomy":"product_cat","embeddable":true,"href":"https:\/\/brandss.com.py\/index\/wp-json\/wp\/v2\/product_cat?post=80351"},{"taxonomy":"product_tag","embeddable":true,"href":"https:\/\/brandss.com.py\/index\/wp-json\/wp\/v2\/product_tag?post=80351"}],"curies":[{"name":"wp","href":"https:\/\/api.w.org\/{rel}","templated":true}]}}