{"id":80364,"date":"2025-04-19T11:17:51","date_gmt":"2025-04-19T11:17:51","guid":{"rendered":"https:\/\/brandss.com.py\/index\/?post_type=product&#038;p=80364"},"modified":"2025-05-10T13:22:15","modified_gmt":"2025-05-10T13:22:15","slug":"perfume-masculino-brand-collection-dream-n-257-greed-viking-men-edp-25ml","status":"publish","type":"product","link":"https:\/\/brandss.com.py\/index\/producto\/perfume-masculino-brand-collection-dream-n-257-greed-viking-men-edp-25ml\/","title":{"rendered":"PERFUME MASCULINO BRAND COLLECTION DREAM N\u00b0 257 GREED VIKING MEN EDP 25ML"},"content":{"rendered":"<p><img loading=\"lazy\" decoding=\"async\" class=\"\" src=\"https:\/\/brandcollectionperfume.com\/cdn\/shop\/files\/Untitled_design_1.png?v=1687781756&amp;width=500\" alt=\"Terms of Service \u2013 YouSmellSoGood\" width=\"152\" height=\"85\" \/><\/p>\n<h1>DREAM N\u00b0 257 GREED VIKING MEN<\/h1>\n<p><span>Es una fragancia audaz e imponente, inspirada en las legendarias embarcaciones vikingas, que simbolizan la fuerza, la determinaci\u00f3n y el esp\u00edritu aventurero. Este perfume fue creado para el hombre moderno y exitoso, que busca una esencia refinada y cautivadora, que refleje prestigio, logros y un estilo de vida influyente. Con una composici\u00f3n olfativa rica y compleja,<\/span> Greed Viking Men <span>es ideal para quienes no tienen miedo de destacar y quieren transmitir una imagen de poder y sofisticaci\u00f3n.<\/span><\/p>\n<p><span>En la apertura,<\/span><span>\u00a0se revela con una combinaci\u00f3n vibrante y en\u00e9rgica de\u00a0<\/span>pimienta rosa,\u00a0menta picante,\u00a0bergamota,\u00a0lim\u00f3n,\u00a0absenta\u00a0y\u00a0naranja. Estas notas c\u00edtricas y especiadas crean una introducci\u00f3n vigorizante y audaz, captando inmediatamente la atenci\u00f3n de quienes te rodean. La pimienta rosa\u00a0y\u00a0la menta\u00a0picante\u00a0a\u00f1aden un toque de frescura audaz, mientras que las notas de bergamota,\u00a0lim\u00f3n\u00a0y\u00a0naranja<span>\u00a0aportan un toque c\u00edtrico vibrante y energizante, evocando una sensaci\u00f3n de libertad y dinamismo.<\/span><\/p>\n<p><span>A medida que el aroma evoluciona, el coraz\u00f3n <\/span><span>revela una sofisticada combinaci\u00f3n de\u00a0<\/span>lavanda,\u00a0rosa b\u00falgara,\u00a0clavo,\u00a0pimienta de Jamaica,\u00a0ra\u00edz de lirio\u00a0y\u00a0jazm\u00edn. La lavanda\u00a0aporta una suavidad relajante, mientras que\u00a0la rosa b\u00falgara a\u00f1ade una capa floral elegante y refinada.<span>\u00a0El toque picante de\u00a0la pimienta jamaicana\u00a0y la calidez del\u00a0clavo\u00a0se equilibran con las notas terrosas y florales de\u00a0la ra\u00edz de lirio\u00a0y\u00a0el jazm\u00edn, creando una mezcla compleja y envolvente que expresa la fuerza y \u200b\u200bla sofisticaci\u00f3n del hombre contempor\u00e1neo.<\/span><\/p>\n<p><span>La base<\/span><span>\u00a0est\u00e1 compuesta de\u00a0<\/span>vetiver,\u00a0cedro,\u00a0almizcle blanco\u00a0y\u00a0haba tonka, que le dan a la fragancia una profundidad duradera y una firma llamativa. El vetiver\u00a0y\u00a0el cedro ofrecen notas amaderadas y terrosas, transmitiendo una sensaci\u00f3n de robustez y estabilidad.\u00a0<span>El almizcle blanco\u00a0a\u00f1ade\u00a0un toque de suavidad, mientras que\u00a0el haba tonka\u00a0da un matiz dulce y c\u00e1lido, que hace que la base sea a\u00fan m\u00e1s envolvente e irresistible.<\/span><\/p>\n<p>Greed Viking Men es una fragancia dise\u00f1ada para el hombre que no tiene miedo de explorar lo nuevo y que tiene la confianza de dejar una impresi\u00f3n duradera. La mezcla de notas frescas, florales y amaderadas ofrece una experiencia olfativa \u00fanica, perfecta para el hombre que se enorgullece de sus \u00e9xitos y logros. La combinaci\u00f3n de\u00a0pimienta rosa,\u00a0menta picante,\u00a0bergamota,\u00a0lavanda,\u00a0rosa b\u00falgara,\u00a0vetiver\u00a0y\u00a0haba tonka<span>\u00a0crea una fragancia atrevida, pero con un toque refinado y sofisticado.<\/span><\/p>\n<p><span>Ideal para el uso diario, especialmente para ocasiones importantes,<\/span> Greed Viking Men <span>tiene la presencia llamativa necesaria para dejar una impresi\u00f3n inolvidable. Su durabilidad y proyecci\u00f3n lo convierten en la elecci\u00f3n perfecta para los hombres que quieren expresar su estilo, influencia y \u00e9xito en cada momento.<\/span><\/p>\n<p>Notas Olfativas<\/p>\n<p><span>En resumen, <\/span>Greed Viking Men es una fragancia sofisticada y vibrante, creada para el hombre moderno y exitoso. Con sus notas de pimienta rosa,\u00a0menta picante,\u00a0lavanda,\u00a0rosa b\u00falgara,\u00a0vetiver\u00a0y\u00a0haba tonka<span>, el perfume transmite poder, elegancia y una energ\u00eda \u00fanica, reflejando la personalidad de quien lo usa.<\/span><\/p>\n<p>&nbsp;<\/p>\n<p data-pm-slice=\"0 0 []\"><strong><span>Notas de salida:<\/span><\/strong><span> pimienta rosa, menta picante, bergamota, lim\u00f3n, ajenjo y naranja.<\/span><\/p>\n<p><strong><span>Notas de coraz\u00f3n:<\/span><\/strong><span> lavanda, rosa b\u00falgara, clavo, pimienta de Jamaica, ra\u00edz de lirio y jazm\u00edn.<\/span><\/p>\n<p><strong><span>Notas de fondo:<\/span><\/strong><span>\u00a0vetiver, cedro, almizcle blanco y haba tonka.<\/span><\/p>\n","protected":false},"excerpt":{"rendered":"<p>DREAM N\u00b0 257 GREED VIKING MEN Es una fragancia audaz e imponente, inspirada en las legendarias embarcaciones vikingas, que simbolizan<\/p>\n","protected":false},"featured_media":80365,"comment_status":"open","ping_status":"closed","template":"","meta":{"nf_dc_page":""},"product_brand":[],"product_cat":[84],"product_tag":[],"class_list":{"0":"post-80364","1":"product","2":"type-product","3":"status-publish","4":"has-post-thumbnail","6":"product_cat-perfumeria","8":"first","9":"instock","10":"shipping-taxable","11":"purchasable","12":"product-type-simple"},"_links":{"self":[{"href":"https:\/\/brandss.com.py\/index\/wp-json\/wp\/v2\/product\/80364","targetHints":{"allow":["GET"]}}],"collection":[{"href":"https:\/\/brandss.com.py\/index\/wp-json\/wp\/v2\/product"}],"about":[{"href":"https:\/\/brandss.com.py\/index\/wp-json\/wp\/v2\/types\/product"}],"replies":[{"embeddable":true,"href":"https:\/\/brandss.com.py\/index\/wp-json\/wp\/v2\/comments?post=80364"}],"version-history":[{"count":1,"href":"https:\/\/brandss.com.py\/index\/wp-json\/wp\/v2\/product\/80364\/revisions"}],"predecessor-version":[{"id":80369,"href":"https:\/\/brandss.com.py\/index\/wp-json\/wp\/v2\/product\/80364\/revisions\/80369"}],"wp:featuredmedia":[{"embeddable":true,"href":"https:\/\/brandss.com.py\/index\/wp-json\/wp\/v2\/media\/80365"}],"wp:attachment":[{"href":"https:\/\/brandss.com.py\/index\/wp-json\/wp\/v2\/media?parent=80364"}],"wp:term":[{"taxonomy":"product_brand","embeddable":true,"href":"https:\/\/brandss.com.py\/index\/wp-json\/wp\/v2\/product_brand?post=80364"},{"taxonomy":"product_cat","embeddable":true,"href":"https:\/\/brandss.com.py\/index\/wp-json\/wp\/v2\/product_cat?post=80364"},{"taxonomy":"product_tag","embeddable":true,"href":"https:\/\/brandss.com.py\/index\/wp-json\/wp\/v2\/product_tag?post=80364"}],"curies":[{"name":"wp","href":"https:\/\/api.w.org\/{rel}","templated":true}]}}