{"id":80382,"date":"2025-04-19T12:29:04","date_gmt":"2025-04-19T12:29:04","guid":{"rendered":"https:\/\/brandss.com.py\/index\/?post_type=product&#038;p=80382"},"modified":"2025-05-10T13:35:04","modified_gmt":"2025-05-10T13:35:04","slug":"perfume-femenino-brand-collection-dream-n-263-cucci-absolut-pour-edp-25ml","status":"publish","type":"product","link":"https:\/\/brandss.com.py\/index\/producto\/perfume-femenino-brand-collection-dream-n-263-cucci-absolut-pour-edp-25ml\/","title":{"rendered":"PERFUME FEMENINO BRAND COLLECTION DREAM N\u00b0 263 CUCCI ABSOLUT POUR EDP 25ML"},"content":{"rendered":"<p><img loading=\"lazy\" decoding=\"async\" class=\"\" src=\"https:\/\/brandcollectionperfume.com\/cdn\/shop\/files\/Untitled_design_1.png?v=1687781756&amp;width=500\" alt=\"Terms of Service \u2013 YouSmellSoGood\" width=\"112\" height=\"63\" \/><\/p>\n<h1>DREAM N\u00b0 263 CUCCI ABSOLUT POUR<\/h1>\n<p><span>Es una oda a la feminidad contempor\u00e1nea, inspirada en el ic\u00f3nico Gucci Guilty Absolute Pour Femme. Esta fragancia chipre afrutada no sigue los patrones tradicionales, sino que los redefine, ofreciendo una experiencia olfativa innovadora e irrestiblemente cautivadora.<\/span><\/p>\n<p><span>Desde el momento en que aplicas<\/span><span>\u00a0su presencia delicada y poderosa se hace sentir. Su nombre, repetido a lo largo de este texto, refleja su identidad \u00fanica y su promesa de una experiencia sensorial memorable.<\/span><\/p>\n<p><span>En el coraz\u00f3n de esta fragancia hay una combinaci\u00f3n de notas que desaf\u00edan las expectativas convencionales. La mora, con su dulzura jugosa, se entrelaza con la rosa b\u00falgara, conocida por su sensualidad y profundidad. Esta mezcla es una invitaci\u00f3n a explorar nuevas facetas del romance y la feminidad, capturando la esencia del amor moderno, libre de reglas y definiciones preestablecidas.<\/span><\/p>\n<p><span>La base <\/span><span>es donde la fragancia revela su verdadera intensidad y car\u00e1cter. El \u00e1mbar, con su riqueza y calidez envolvente, a\u00f1ade una capa de encanto que es a la vez sofisticada e intrigante. Es como el final de una historia fascinante, donde cada nota se desarrolla de una forma atractiva y atrapante.<\/span><\/p>\n<p><span>La longevidad de <\/span>Cucci Absolut Pour<span>\u00a0es una de sus caracter\u00edsticas m\u00e1s llamativas. Es una fragancia que permanece presente durante todo el d\u00eda, manteniendo su aura magn\u00e9tica y dejando una estela de elegancia y confianza all\u00e1 donde vayas. Cada aplicaci\u00f3n es un recordatorio sutil pero poderoso de su llamativa presencia y estilo distintivo.<\/span><\/p>\n<p><span>Para la mujer que busca m\u00e1s que una simple fragancia, <\/span>Cucci Absolut Pour es la mejor opci\u00f3n. Es una expresi\u00f3n de confianza en uno mismo y de independencia, un reflejo de su estilo de vida moderno y sofisticado. Al igual que Gucci Guilty Absolute Pour Femme, esta interpretaci\u00f3n en forma de\u00a0Cucci Absolut Pour<span>\u00a0es una declaraci\u00f3n de libertad y autoexpresi\u00f3n.<\/span><\/p>\n<p><span>El frasco <\/span><span>no es solo un perfume, sino una c\u00e1psula del tiempo que encapsula momentos preciosos de indulgencia y placer sensorial. Al usarlo, no solo elevas tu apariencia, sino que tambi\u00e9n despiertas tus emociones y haces una declaraci\u00f3n de autenticidad y determinaci\u00f3n.<\/span><\/p>\n<h3>Notas Olfativas<\/h3>\n<p><span>As\u00ed pues, d\u00e9jate envolver por el aura embriagadora de <\/span>Cucci Absolut Pour<span>. Deja que su aroma seductor e intrigante cree una atm\u00f3sfera de romance y misterio a tu alrededor. Experimente la emoci\u00f3n de usar una fragancia que no solo complementa sino que tambi\u00e9n amplifica su presencia en cualquier ocasi\u00f3n. Con <\/span>Cucci Absolut Pour<span>, cada d\u00eda es una oportunidad para reafirmar tu feminidad con gracia y elegancia, definiendo tu propio camino de amor y libertad.<\/span><\/p>\n<p>&nbsp;<\/p>\n<p><strong><span>Notas de salida:<\/span><\/strong><span> Mora, pimienta rosa y bergamota.<\/span><br \/>\n<strong><span>Notas de coraz\u00f3n:<\/span><\/strong><span> cipr\u00e9s, rosa b\u00falgara, notas amaderadas y vetiver.<\/span><br \/>\n<strong><span>Notas de fondo:<\/span><\/strong><span>\u00a0pachul\u00ed indio y \u00e1mbar.<\/span><\/p>\n","protected":false},"excerpt":{"rendered":"<p>DREAM N\u00b0 263 CUCCI ABSOLUT POUR Es una oda a la feminidad contempor\u00e1nea, inspirada en el ic\u00f3nico Gucci Guilty Absolute<\/p>\n","protected":false},"featured_media":80384,"comment_status":"open","ping_status":"closed","template":"","meta":{"nf_dc_page":""},"product_brand":[],"product_cat":[84],"product_tag":[],"class_list":{"0":"post-80382","1":"product","2":"type-product","3":"status-publish","4":"has-post-thumbnail","6":"product_cat-perfumeria","8":"first","9":"instock","10":"shipping-taxable","11":"purchasable","12":"product-type-simple"},"_links":{"self":[{"href":"https:\/\/brandss.com.py\/index\/wp-json\/wp\/v2\/product\/80382","targetHints":{"allow":["GET"]}}],"collection":[{"href":"https:\/\/brandss.com.py\/index\/wp-json\/wp\/v2\/product"}],"about":[{"href":"https:\/\/brandss.com.py\/index\/wp-json\/wp\/v2\/types\/product"}],"replies":[{"embeddable":true,"href":"https:\/\/brandss.com.py\/index\/wp-json\/wp\/v2\/comments?post=80382"}],"version-history":[{"count":1,"href":"https:\/\/brandss.com.py\/index\/wp-json\/wp\/v2\/product\/80382\/revisions"}],"predecessor-version":[{"id":80389,"href":"https:\/\/brandss.com.py\/index\/wp-json\/wp\/v2\/product\/80382\/revisions\/80389"}],"wp:featuredmedia":[{"embeddable":true,"href":"https:\/\/brandss.com.py\/index\/wp-json\/wp\/v2\/media\/80384"}],"wp:attachment":[{"href":"https:\/\/brandss.com.py\/index\/wp-json\/wp\/v2\/media?parent=80382"}],"wp:term":[{"taxonomy":"product_brand","embeddable":true,"href":"https:\/\/brandss.com.py\/index\/wp-json\/wp\/v2\/product_brand?post=80382"},{"taxonomy":"product_cat","embeddable":true,"href":"https:\/\/brandss.com.py\/index\/wp-json\/wp\/v2\/product_cat?post=80382"},{"taxonomy":"product_tag","embeddable":true,"href":"https:\/\/brandss.com.py\/index\/wp-json\/wp\/v2\/product_tag?post=80382"}],"curies":[{"name":"wp","href":"https:\/\/api.w.org\/{rel}","templated":true}]}}