{"id":80383,"date":"2025-04-19T12:32:11","date_gmt":"2025-04-19T12:32:11","guid":{"rendered":"https:\/\/brandss.com.py\/index\/?post_type=product&#038;p=80383"},"modified":"2025-08-25T10:26:58","modified_gmt":"2025-08-25T10:26:58","slug":"perfume-femenino-brand-collection-n-367-valaya-parfums-de-marly-25ml","status":"publish","type":"product","link":"https:\/\/brandss.com.py\/index\/producto\/perfume-femenino-brand-collection-n-367-valaya-parfums-de-marly-25ml\/","title":{"rendered":"PERFUME FEMENINO BRAND COLLECTION N\u00b0 367 VALAYA PARFUMS DE MARLY EDP 25ML"},"content":{"rendered":"<p><img loading=\"lazy\" decoding=\"async\" class=\"\" src=\"https:\/\/brandcollectionperfume.com\/cdn\/shop\/files\/Untitled_design_1.png?v=1687781756&amp;width=600\" alt=\"YouSmellSoGood\" width=\"325\" height=\"183\" \/><\/p>\n<h1>VALAYA PARFUMS DE MARLY<\/h1>\n<h2><span>Brand Collection N\u00b0 367 es una fragancia Floral Frutal para mujeres.<\/span><\/h2>\n<p><span>Las Notas de Salida son: Aldeh\u00eddos, Melocot\u00f3n Blanco, Bergamota y Mandarina.<\/span><br \/>\n<span>Las notas de coraz\u00f3n son: flor de azahar, petalia, lirio de los valles, vetiver, ninfeal y uva de Oreg\u00f3n.<\/span><br \/>\n<span>Las notas de fondo son: almizcle, ambroxan, akigalawood y vainilla.<\/span><\/p>\n<h4><span>Notas principales<\/span><\/h4>\n<div>\n<div>\n<div><img decoding=\"async\" src=\"https:\/\/fraguru.com\/mdimg\/sastojci\/t.165.jpg\" alt=\"\" \/><\/div>\n<div><span>Aldeh\u00eddos<\/span><\/div>\n<p>&nbsp;<\/p>\n<p>&nbsp;<\/p>\n<\/div>\n<div>\n<div><img decoding=\"async\" src=\"https:\/\/fraguru.com\/mdimg\/sastojci\/t.117.jpg\" alt=\"\" \/><\/div>\n<div><span>Melocot\u00f3n blanco<\/span><\/div>\n<p>&nbsp;<\/p>\n<p>&nbsp;<\/p>\n<\/div>\n<div>\n<div><img decoding=\"async\" src=\"https:\/\/fraguru.com\/mdimg\/sastojci\/t.75.jpg\" alt=\"\" \/><\/div>\n<div><span>Bergamota<\/span><\/div>\n<p>&nbsp;<\/p>\n<p>&nbsp;<\/p>\n<\/div>\n<div>\n<div><img decoding=\"async\" src=\"https:\/\/fraguru.com\/mdimg\/sastojci\/t.82.jpg\" alt=\"\" \/><\/div>\n<div><span>Mandarina<\/span><\/div>\n<p>&nbsp;<\/p>\n<p><strong><span style=\"color: #1b1919;font-size: 18px\">Notas de coraz\u00f3n<\/span><\/strong><\/p>\n<\/div>\n<\/div>\n<div>\n<div>\n<div><img decoding=\"async\" src=\"https:\/\/fraguru.com\/mdimg\/sastojci\/t.16.jpg\" alt=\"\" \/><\/div>\n<div><span>Azahar<\/span><\/div>\n<p>&nbsp;<\/p>\n<p>&nbsp;<\/p>\n<\/div>\n<div>\n<div><img decoding=\"async\" src=\"https:\/\/fraguru.com\/mdimg\/sastojci\/t.617.jpg\" alt=\"\" \/><\/div>\n<div><span>Petalia<\/span><\/div>\n<p>&nbsp;<\/p>\n<p>&nbsp;<\/p>\n<\/div>\n<div>\n<div><img decoding=\"async\" src=\"https:\/\/fraguru.com\/mdimg\/sastojci\/t.109.jpg\" alt=\"\" \/><\/div>\n<div><span>Lirio de los valles<\/span><\/div>\n<p>&nbsp;<\/p>\n<p>&nbsp;<\/p>\n<\/div>\n<div>\n<div><img decoding=\"async\" src=\"https:\/\/fraguru.com\/mdimg\/sastojci\/t.2.jpg\" alt=\"\" \/><\/div>\n<div><span>Vetiver<\/span><\/div>\n<p>&nbsp;<\/p>\n<p>&nbsp;<\/p>\n<\/div>\n<div>\n<div><img decoding=\"async\" src=\"https:\/\/fraguru.com\/mdimg\/sastojci\/t.1325.jpg\" alt=\"\" \/><\/div>\n<div><span>Nympheal\u2122<\/span><\/div>\n<p>&nbsp;<\/p>\n<p>&nbsp;<\/p>\n<\/div>\n<div>\n<div><img decoding=\"async\" src=\"https:\/\/fraguru.com\/mdimg\/sastojci\/t.909.jpg\" alt=\"\" \/><\/div>\n<div><span>Uva de Oreg\u00f3n<\/span><\/div>\n<p>&nbsp;<\/p>\n<p><strong><span style=\"color: #1b1919;font-size: 18px\">Notas base<\/span><\/strong><\/p>\n<\/div>\n<\/div>\n<div>\n<div>\n<div><img decoding=\"async\" src=\"https:\/\/fraguru.com\/mdimg\/sastojci\/t.4.jpg\" alt=\"\" \/><\/div>\n<div><span>Almizcle<\/span><\/div>\n<p>&nbsp;<\/p>\n<p>&nbsp;<\/p>\n<\/div>\n<div>\n<div><img decoding=\"async\" src=\"https:\/\/fraguru.com\/mdimg\/sastojci\/t.563.jpg\" alt=\"\" \/><\/div>\n<div><span>Ambrox\u00e1n<\/span><\/div>\n<p>&nbsp;<\/p>\n<p>&nbsp;<\/p>\n<\/div>\n<div>\n<div><img decoding=\"async\" src=\"https:\/\/fraguru.com\/mdimg\/sastojci\/t.697.jpg\" alt=\"\" \/><\/div>\n<div><span>Akigalawood<\/span><\/div>\n<p>&nbsp;<\/p>\n<p>&nbsp;<\/p>\n<\/div>\n<div>\n<div><img decoding=\"async\" src=\"https:\/\/fraguru.com\/mdimg\/sastojci\/t.74.jpg\" alt=\"\" \/><\/div>\n<div>Vainilla<\/div>\n<div>\n<p><span>\u00a1Prep\u00e1rate para una\u00a0<\/span><em><span>magn\u00edfica<\/span><\/em><span>\u00a0experiencia olfativa ! Tan pronto como lo roc\u00edas, est\u00e1s envuelto en una explosi\u00f3n de\u00a0<\/span><strong><span>c\u00edtricos con melocot\u00f3n jugoso<\/span><\/strong><span>\u00a0y aldeh\u00eddico, algo realmente\u00a0<\/span><em><span>diferente a<\/span><\/em><span>\u00a0todo lo que hayas olido antes.<\/span><\/p>\n<p><span>Vers\u00e1til y de gran duraci\u00f3n, este perfume es perfecto para cualquier ocasi\u00f3n, apoder\u00e1ndose del ambiente y exudando su presencia. No pierdas la oportunidad de destacar con la esencia cautivadora de\u00a0<\/span><strong><span>VALAYA<\/span><\/strong><span>\u00a0. \u00a1Deja tu huella!<\/span><\/p>\n<\/div>\n<div><\/div>\n<\/div>\n<\/div>\n","protected":false},"excerpt":{"rendered":"<p>VALAYA PARFUMS DE MARLY Brand Collection N\u00b0 367 es una fragancia Floral Frutal para mujeres. Las Notas de Salida son:<\/p>\n","protected":false},"featured_media":80386,"comment_status":"open","ping_status":"closed","template":"","meta":{"nf_dc_page":""},"product_brand":[],"product_cat":[84],"product_tag":[],"class_list":{"0":"post-80383","1":"product","2":"type-product","3":"status-publish","4":"has-post-thumbnail","6":"product_cat-perfumeria","8":"first","9":"outofstock","10":"shipping-taxable","11":"purchasable","12":"product-type-simple"},"_links":{"self":[{"href":"https:\/\/brandss.com.py\/index\/wp-json\/wp\/v2\/product\/80383","targetHints":{"allow":["GET"]}}],"collection":[{"href":"https:\/\/brandss.com.py\/index\/wp-json\/wp\/v2\/product"}],"about":[{"href":"https:\/\/brandss.com.py\/index\/wp-json\/wp\/v2\/types\/product"}],"replies":[{"embeddable":true,"href":"https:\/\/brandss.com.py\/index\/wp-json\/wp\/v2\/comments?post=80383"}],"version-history":[{"count":2,"href":"https:\/\/brandss.com.py\/index\/wp-json\/wp\/v2\/product\/80383\/revisions"}],"predecessor-version":[{"id":88853,"href":"https:\/\/brandss.com.py\/index\/wp-json\/wp\/v2\/product\/80383\/revisions\/88853"}],"wp:featuredmedia":[{"embeddable":true,"href":"https:\/\/brandss.com.py\/index\/wp-json\/wp\/v2\/media\/80386"}],"wp:attachment":[{"href":"https:\/\/brandss.com.py\/index\/wp-json\/wp\/v2\/media?parent=80383"}],"wp:term":[{"taxonomy":"product_brand","embeddable":true,"href":"https:\/\/brandss.com.py\/index\/wp-json\/wp\/v2\/product_brand?post=80383"},{"taxonomy":"product_cat","embeddable":true,"href":"https:\/\/brandss.com.py\/index\/wp-json\/wp\/v2\/product_cat?post=80383"},{"taxonomy":"product_tag","embeddable":true,"href":"https:\/\/brandss.com.py\/index\/wp-json\/wp\/v2\/product_tag?post=80383"}],"curies":[{"name":"wp","href":"https:\/\/api.w.org\/{rel}","templated":true}]}}