{"id":80399,"date":"2025-04-19T13:49:04","date_gmt":"2025-04-19T13:49:04","guid":{"rendered":"https:\/\/brandss.com.py\/index\/?post_type=product&#038;p=80399"},"modified":"2026-03-19T16:33:01","modified_gmt":"2026-03-19T16:33:01","slug":"perfume-femenino-brand-collection-dream-n-267-good-girl-supreme-edp-25ml","status":"publish","type":"product","link":"https:\/\/brandss.com.py\/index\/producto\/perfume-femenino-brand-collection-dream-n-267-good-girl-supreme-edp-25ml\/","title":{"rendered":"PERFUME FEMENINO BRAND COLLECTION DREAM N\u00b0 267 GOOD GIRL SUPREME EDP 25ML"},"content":{"rendered":"<p><img loading=\"lazy\" decoding=\"async\" class=\"\" src=\"https:\/\/brandcollectionperfume.com\/cdn\/shop\/files\/Untitled_design_1.png?v=1687781756&amp;width=500\" alt=\"Terms of Service \u2013 YouSmellSoGood\" width=\"109\" height=\"61\" \/><\/p>\n<h1>DREAM N\u00b0 267 GOOD GIRL SUPREME<\/h1>\n<p><span>Es una fragancia que irradia poder y fascinaci\u00f3n, capturando la esencia de la feminidad segura y empoderada. Con una mezcla envolvente de notas florales y gourmand, esta fragancia es la elecci\u00f3n ideal para las mujeres que desean irradiar audacia y confianza en s\u00ed mismas.<\/span><\/p>\n<p><span>La apertura <\/span><span>es una explosi\u00f3n de notas frutales vibrantes, como almendra y caf\u00e9, que infunden a la fragancia energ\u00eda y vitalidad. Poco despu\u00e9s, emergen delicadas notas florales de jazm\u00edn sambac y nardos, que aportan una feminidad sorprendente y una elegancia irresistible.<\/span><\/p>\n<p><span>En el coraz\u00f3n<\/span><span> el cacao toma protagonismo, envolviendo los sentidos con su dulzura e intensidad caracter\u00edsticas. Esta nota se complementa con acordes gourmand de vainilla, que proporcionan una sensaci\u00f3n reconfortante y suave.<\/span><\/p>\n<p><span>La base de la fragancia, compuesta por notas amaderadas de haba tonka y s\u00e1ndalo, da profundidad y estructura al perfume. El toque final de pachul\u00ed a\u00f1ade un toque de misterio y sofisticaci\u00f3n, dejando una impresi\u00f3n duradera y sorprendente.<\/span><\/p>\n<p><span>La Botella es una oda a la audacia y la feminidad, con sus l\u00edneas suaves y forma de tac\u00f3n alto que simboliza la confianza y el poder. El color dorado del frasco evoca lujo y audacia, reflejando la esencia de la mujer que usa esta fragancia.<\/span><\/p>\n<h3>Notas Olfativas<\/h3>\n<p><span>Experimenta la poderosa sensaci\u00f3n de <\/span>Good Girl Supreme y emprende un viaje de confianza en ti misma y feminidad. Celebra tu poder y transmite tu audacia al mundo con esta fragancia inolvidable. Con Good Girl Supreme<span>\u00a0te conviertes en la encarnaci\u00f3n de la confianza y el poder.<\/span><\/p>\n<p><strong><span>Notas de salida:<\/span><\/strong><span> Almendra, Caf\u00e9.<\/span><br \/>\n<strong><span>Notas de coraz\u00f3n:<\/span><\/strong><span> jazm\u00edn sambac, nardos.<\/span><br \/>\n<strong><span>Notas de fondo:<\/span><\/strong><span> cacao, vainilla, haba tonka, s\u00e1ndalo, pachul\u00ed.<\/span><\/p>\n","protected":false},"excerpt":{"rendered":"<p>DREAM N\u00b0 267 GOOD GIRL SUPREME Es una fragancia que irradia poder y fascinaci\u00f3n, capturando la esencia de la feminidad<\/p>\n","protected":false},"featured_media":80400,"comment_status":"open","ping_status":"closed","template":"","meta":{"nf_dc_page":""},"product_brand":[],"product_cat":[84],"product_tag":[],"class_list":{"0":"post-80399","1":"product","2":"type-product","3":"status-publish","4":"has-post-thumbnail","6":"product_cat-perfumeria","8":"first","9":"outofstock","10":"shipping-taxable","11":"purchasable","12":"product-type-simple"},"_links":{"self":[{"href":"https:\/\/brandss.com.py\/index\/wp-json\/wp\/v2\/product\/80399","targetHints":{"allow":["GET"]}}],"collection":[{"href":"https:\/\/brandss.com.py\/index\/wp-json\/wp\/v2\/product"}],"about":[{"href":"https:\/\/brandss.com.py\/index\/wp-json\/wp\/v2\/types\/product"}],"replies":[{"embeddable":true,"href":"https:\/\/brandss.com.py\/index\/wp-json\/wp\/v2\/comments?post=80399"}],"version-history":[{"count":1,"href":"https:\/\/brandss.com.py\/index\/wp-json\/wp\/v2\/product\/80399\/revisions"}],"predecessor-version":[{"id":80403,"href":"https:\/\/brandss.com.py\/index\/wp-json\/wp\/v2\/product\/80399\/revisions\/80403"}],"wp:featuredmedia":[{"embeddable":true,"href":"https:\/\/brandss.com.py\/index\/wp-json\/wp\/v2\/media\/80400"}],"wp:attachment":[{"href":"https:\/\/brandss.com.py\/index\/wp-json\/wp\/v2\/media?parent=80399"}],"wp:term":[{"taxonomy":"product_brand","embeddable":true,"href":"https:\/\/brandss.com.py\/index\/wp-json\/wp\/v2\/product_brand?post=80399"},{"taxonomy":"product_cat","embeddable":true,"href":"https:\/\/brandss.com.py\/index\/wp-json\/wp\/v2\/product_cat?post=80399"},{"taxonomy":"product_tag","embeddable":true,"href":"https:\/\/brandss.com.py\/index\/wp-json\/wp\/v2\/product_tag?post=80399"}],"curies":[{"name":"wp","href":"https:\/\/api.w.org\/{rel}","templated":true}]}}