{"id":80404,"date":"2025-04-19T14:23:59","date_gmt":"2025-04-19T14:23:59","guid":{"rendered":"https:\/\/brandss.com.py\/index\/?post_type=product&#038;p=80404"},"modified":"2025-05-10T13:34:06","modified_gmt":"2025-05-10T13:34:06","slug":"perfume-femenino-brand-collection-dream-n-269-chance-eau-fraiche-edp-25ml","status":"publish","type":"product","link":"https:\/\/brandss.com.py\/index\/producto\/perfume-femenino-brand-collection-dream-n-269-chance-eau-fraiche-edp-25ml\/","title":{"rendered":"PERFUME FEMENINO BRAND COLLECTION DREAM N\u00b0 269 CHANCE EAU FRA\u00ceCHE EDP 25ML"},"content":{"rendered":"<p><img loading=\"lazy\" decoding=\"async\" class=\"\" src=\"https:\/\/brandcollectionperfume.com\/cdn\/shop\/files\/Untitled_design_1.png?v=1687781756&amp;width=500\" alt=\"Terms of Service \u2013 YouSmellSoGood\" width=\"141\" height=\"79\" \/><\/p>\n<h1>DREAM N\u00b0 269 CHANCE EAU FRA\u00ceCHE<\/h1>\n<p><span>Es una fragancia delicada y \u00fanica, dise\u00f1ada para mujeres que exudan ligereza y elegancia en cada paso. Con una composici\u00f3n fresca y sofisticada, esta creaci\u00f3n destaca por su suavidad, manteniendo la feminidad y la pasi\u00f3n en su esencia. Desde la primera pulverizaci\u00f3n, <\/span><span>revela una experiencia olfativa refrescante y envolvente, ideal para quienes desean transmitir sentimientos de libertad y alegr\u00eda.<\/span><\/p>\n<p><span>Al comenzar el viaje olfativo <\/span><span>le dan la bienvenida notas frescas y c\u00edtricas de\u00a0<\/span>lim\u00f3n,\u00a0cedro\u00a0y\u00a0cidra. El lim\u00f3n\u00a0aporta una explosi\u00f3n de frescura, mientras que\u00a0la cidra\u00a0a\u00f1ade una ligereza sutil y\u00a0el cedro proporciona una base amaderada, equilibrando perfectamente la frescura\u00a0de<span>\u00a0las notas altas con una profundidad amaderada. La combinaci\u00f3n de estas notas crea una apertura energizante y vibrante que exuda una sensaci\u00f3n de renovaci\u00f3n.<\/span><\/p>\n<p><span>En el coraz\u00f3n de la fragancia, la composici\u00f3n<\/span><span>\u00a0adquiere una suavidad envolvente con\u00a0<\/span>jacinto de agua, que aporta un toque acu\u00e1tico y refrescante.\u00a0La pimienta rosa\u00a0a\u00f1ade\u00a0un toque ligero y especiado que aporta un toque de audacia e intensidad al coraz\u00f3n floral. Las notas\u00a0de jazm\u00edn<span>\u00a0completan este coraz\u00f3n con su elegancia cl\u00e1sica, creando un equilibrio perfecto entre la frescura de la apertura y la sofisticaci\u00f3n de las flores.<\/span><\/p>\n<p><span>La base<\/span><span>\u00a0est\u00e1 marcada por la riqueza y profundidad de las notas de\u00a0<\/span>pachul\u00ed\u00a0(u\u00a0oriza\u00a0),\u00a0almizcle blanco,\u00a0vetiver,\u00a0madera de teca,\u00a0iris\u00a0y\u00a0\u00e1mbar. El pachul\u00ed\u00a0aporta una suavidad terrosa, mientras que\u00a0el almizcle blanco a\u00f1ade\u00a0un<span>\u00a0toque de frescura y delicadeza. El vetiver\u00a0aporta una base amaderada y terrosa, combinada con la suavidad de\u00a0la madera de teca\u00a0y\u00a0la ligereza floral del\u00a0iris. El toque final de\u00a0\u00e1mbar\u00a0aporta una sensaci\u00f3n c\u00e1lida y envolvente, haciendo la fragancia inolvidable.<\/span><\/p>\n<p>Con su frasco elegante y moderno, 269 Chance Eau Fra\u00eeche es m\u00e1s que un perfume; es una experiencia sensorial que refleja una mujer ligera, alegre y vivaz, que ama la naturaleza y valora los momentos simples de la vida, sin dejar de lado su esencia sofisticada.<\/p>\n<h3>Notas Olfativas<\/h3>\n<p>269 Chance Eau Fra\u00eeche<span>\u00a0es ideal para mujeres que valoran la sofisticaci\u00f3n y la delicadeza, pero que tambi\u00e9n tienen una profunda conexi\u00f3n con la naturaleza y la libertad. Su aroma transmite frescura y juventud, a la vez que destila feminidad y pasi\u00f3n. La fragancia es perfecta para muchas ocasiones, siendo la elecci\u00f3n ideal para quienes desean sentirse renovados y seguros en cualquier momento del d\u00eda.<\/span><\/p>\n<p><strong><span>Notas de salida:<\/span><\/strong><span> Lim\u00f3n, cedro y cidra.<\/span><\/p>\n<p><strong><span>Notas de coraz\u00f3n:<\/span><\/strong><span> Jacinto de agua, pimienta rosa y jazm\u00edn.<\/span><\/p>\n<p><strong><span>Notas de fondo:<\/span><\/strong><span>\u00a0Almizcle blanco, pachul\u00ed, vetiver, madera de teca, iris y \u00e1mbar.<\/span><\/p>\n","protected":false},"excerpt":{"rendered":"<p>DREAM N\u00b0 269 CHANCE EAU FRA\u00ceCHE Es una fragancia delicada y \u00fanica, dise\u00f1ada para mujeres que exudan ligereza y elegancia<\/p>\n","protected":false},"featured_media":80405,"comment_status":"open","ping_status":"closed","template":"","meta":{"nf_dc_page":""},"product_brand":[],"product_cat":[84],"product_tag":[],"class_list":{"0":"post-80404","1":"product","2":"type-product","3":"status-publish","4":"has-post-thumbnail","6":"product_cat-perfumeria","8":"first","9":"instock","10":"shipping-taxable","11":"purchasable","12":"product-type-simple"},"_links":{"self":[{"href":"https:\/\/brandss.com.py\/index\/wp-json\/wp\/v2\/product\/80404","targetHints":{"allow":["GET"]}}],"collection":[{"href":"https:\/\/brandss.com.py\/index\/wp-json\/wp\/v2\/product"}],"about":[{"href":"https:\/\/brandss.com.py\/index\/wp-json\/wp\/v2\/types\/product"}],"replies":[{"embeddable":true,"href":"https:\/\/brandss.com.py\/index\/wp-json\/wp\/v2\/comments?post=80404"}],"version-history":[{"count":1,"href":"https:\/\/brandss.com.py\/index\/wp-json\/wp\/v2\/product\/80404\/revisions"}],"predecessor-version":[{"id":80409,"href":"https:\/\/brandss.com.py\/index\/wp-json\/wp\/v2\/product\/80404\/revisions\/80409"}],"wp:featuredmedia":[{"embeddable":true,"href":"https:\/\/brandss.com.py\/index\/wp-json\/wp\/v2\/media\/80405"}],"wp:attachment":[{"href":"https:\/\/brandss.com.py\/index\/wp-json\/wp\/v2\/media?parent=80404"}],"wp:term":[{"taxonomy":"product_brand","embeddable":true,"href":"https:\/\/brandss.com.py\/index\/wp-json\/wp\/v2\/product_brand?post=80404"},{"taxonomy":"product_cat","embeddable":true,"href":"https:\/\/brandss.com.py\/index\/wp-json\/wp\/v2\/product_cat?post=80404"},{"taxonomy":"product_tag","embeddable":true,"href":"https:\/\/brandss.com.py\/index\/wp-json\/wp\/v2\/product_tag?post=80404"}],"curies":[{"name":"wp","href":"https:\/\/api.w.org\/{rel}","templated":true}]}}