{"id":80410,"date":"2025-04-19T14:48:44","date_gmt":"2025-04-19T14:48:44","guid":{"rendered":"https:\/\/brandss.com.py\/index\/?post_type=product&#038;p=80410"},"modified":"2026-02-13T10:59:42","modified_gmt":"2026-02-13T10:59:42","slug":"perfume-unisex-brand-collection-dream-n-270-lost-cherry-edp-25ml","status":"publish","type":"product","link":"https:\/\/brandss.com.py\/index\/producto\/perfume-unisex-brand-collection-dream-n-270-lost-cherry-edp-25ml\/","title":{"rendered":"PERFUME UNISEX BRAND COLLECTION DREAM N\u00b0 270 LOST CHERRY EDP 25ML"},"content":{"rendered":"<p><img loading=\"lazy\" decoding=\"async\" class=\"\" src=\"https:\/\/brandcollectionperfume.com\/cdn\/shop\/files\/Untitled_design_1.png?v=1687781756&amp;width=500\" alt=\"Terms of Service \u2013 YouSmellSoGood\" width=\"141\" height=\"79\" \/><\/p>\n<h1>DREAM N\u00b0 270 LOST CHERRY<\/h1>\n<p><span>Es una creaci\u00f3n \u00fanica que mezcla audacia y sofisticaci\u00f3n, presentando una fragancia <\/span>floral ambarada para compartir<span>\u00a0que agrada tanto a hombres como a mujeres. Con notas que juegan con la dulzura y la intensidad, este perfume crea una experiencia sensorial inolvidable, siendo un verdadero viaje olfativo para quienes buscan explorar el contraste entre la dulzura y la atracci\u00f3n.<\/span><\/p>\n<p><span>Inspirada en el concepto de un dulce tentador e insaciable, <\/span>Lost Cherry\u00a0comienza con la exuberancia de la\u00a0ex\u00f3tica cereza negra. Su pulpa madura y brillante se combina con la intensidad de un licor de cereza, creando una apertura\u00a0deliciosa y envolvente. El toque de\u00a0almendra amarga\u00a0aporta un contraste sutil, a\u00f1adiendo un elemento de profundidad y complejidad a la fragancia. Esta mezcla de notas altas evoca una sensaci\u00f3n de\u00a0lujo e indulgencia<span>, transportando el sentido del olfato a un lugar de puro placer.<\/span><\/p>\n<p><span>A medida que se desarrolla el perfume, el coraz\u00f3n floral comienza a emerger, revelando\u00a0<\/span>acordes dicot\u00f3micos\u00a0que se entrelazan de manera fascinante.\u00a0La rosa turca\u00a0y\u00a0el jazm\u00edn sambac\u00a0forman la base floral de este perfume, aportando una riqueza terrosa y sofisticaci\u00f3n que equilibra la dulzura de las notas frutales. El jarabe de griotte, con su\u00a0voluptuosa maceraci\u00f3n de cerezas\u00a0, intensifica la experiencia de indulgencia y placer, mientras que las flores exudan una\u00a0discreta sensualidad<span>\u00a0que atrae y encanta.<\/span><\/p>\n<p><span>La base<\/span><span>\u00a0revela una profundidad notable con una mezcla de ingredientes que dejan una\u00a0<\/span>impresi\u00f3n duradera.\u00a0B\u00e1lsamo del Per\u00fa,\u00a0Tonka Tostada,\u00a0S\u00e1ndalo,\u00a0Vetiver\u00a0y\u00a0Cedro\u00a0se unen para crear un final\u00a0rico y envolvente, que transforma la fragancia en una verdadera firma olfativa. La combinaci\u00f3n de estas notas proporciona un toque\u00a0c\u00e1lido y acogedor, a\u00f1adiendo un car\u00e1cter\u00a0robusto y sofisticado<span>\u00a0a la composici\u00f3n.<\/span><\/p>\n<p>Lost Cherry<span>\u00a0es una verdadera expresi\u00f3n de contrastes y complejidad, capaz de involucrar los sentidos de una manera profunda y \u00fanica. Su evoluci\u00f3n de dulce a \u00e1cido, de brillante a oscuro, hace de este perfume una verdadera obra de arte olfativo.<\/span><\/p>\n<p><span>Ideal para mujeres y tambi\u00e9n hombres que buscan una fragancia con <\/span>personalidad e intensidad, \u00a0Lost Cherry\u00a0es perfecto para ocasiones especiales y momentos en los que quieras dejar una\u00a0impresi\u00f3n inolvidable. El elegante y sofisticado frasco refleja el\u00a0lujo\u00a0y\u00a0el encanto\u00a0de esta creaci\u00f3n, convirti\u00e9ndola en una pieza fundamental en el armario de todo aquel que quiera a\u00f1adir una dosis de\u00a0indulgencia y atractivo<span>\u00a0a su estilo.<\/span><\/p>\n<h3>Notas Olfativas<\/h3>\n<p>Lost Cherry es una\u00a0experiencia olfativa rica y compleja<span>, ideal para quienes quieran explorar el mundo de contrastes entre dulzura e intensidad, luz y oscuridad, creando una marca \u00fanica e inolvidable.<\/span><\/p>\n<p>&nbsp;<\/p>\n<p><strong><span>Notas de salida:<\/span><\/strong><span> almendra amarga, cereza negra y licor de cereza.<\/span><\/p>\n<p><strong><span>Notas de coraz\u00f3n:<\/span><\/strong><span> cereza \u00e1cida, ciruela, rosa turca y jazm\u00edn sambac.<\/span><\/p>\n<p><strong><span>Notas de fondo:<\/span><\/strong><span>\u00a0haba tonka, vainilla, canela, b\u00e1lsamo del Per\u00fa, benju\u00ed, s\u00e1ndalo, clavo, cedro, pachul\u00ed y vetiver.<\/span><\/p>\n","protected":false},"excerpt":{"rendered":"<p>DREAM N\u00b0 270 LOST CHERRY Es una creaci\u00f3n \u00fanica que mezcla audacia y sofisticaci\u00f3n, presentando una fragancia floral ambarada para<\/p>\n","protected":false},"featured_media":80411,"comment_status":"open","ping_status":"closed","template":"","meta":{"nf_dc_page":""},"product_brand":[],"product_cat":[84],"product_tag":[],"class_list":{"0":"post-80410","1":"product","2":"type-product","3":"status-publish","4":"has-post-thumbnail","6":"product_cat-perfumeria","8":"first","9":"instock","10":"shipping-taxable","11":"purchasable","12":"product-type-simple"},"_links":{"self":[{"href":"https:\/\/brandss.com.py\/index\/wp-json\/wp\/v2\/product\/80410","targetHints":{"allow":["GET"]}}],"collection":[{"href":"https:\/\/brandss.com.py\/index\/wp-json\/wp\/v2\/product"}],"about":[{"href":"https:\/\/brandss.com.py\/index\/wp-json\/wp\/v2\/types\/product"}],"replies":[{"embeddable":true,"href":"https:\/\/brandss.com.py\/index\/wp-json\/wp\/v2\/comments?post=80410"}],"version-history":[{"count":1,"href":"https:\/\/brandss.com.py\/index\/wp-json\/wp\/v2\/product\/80410\/revisions"}],"predecessor-version":[{"id":80414,"href":"https:\/\/brandss.com.py\/index\/wp-json\/wp\/v2\/product\/80410\/revisions\/80414"}],"wp:featuredmedia":[{"embeddable":true,"href":"https:\/\/brandss.com.py\/index\/wp-json\/wp\/v2\/media\/80411"}],"wp:attachment":[{"href":"https:\/\/brandss.com.py\/index\/wp-json\/wp\/v2\/media?parent=80410"}],"wp:term":[{"taxonomy":"product_brand","embeddable":true,"href":"https:\/\/brandss.com.py\/index\/wp-json\/wp\/v2\/product_brand?post=80410"},{"taxonomy":"product_cat","embeddable":true,"href":"https:\/\/brandss.com.py\/index\/wp-json\/wp\/v2\/product_cat?post=80410"},{"taxonomy":"product_tag","embeddable":true,"href":"https:\/\/brandss.com.py\/index\/wp-json\/wp\/v2\/product_tag?post=80410"}],"curies":[{"name":"wp","href":"https:\/\/api.w.org\/{rel}","templated":true}]}}