{"id":80427,"date":"2025-04-19T17:59:08","date_gmt":"2025-04-19T17:59:08","guid":{"rendered":"https:\/\/brandss.com.py\/index\/?post_type=product&#038;p=80427"},"modified":"2025-07-14T10:12:38","modified_gmt":"2025-07-14T10:12:38","slug":"perfume-femenino-brand-collection-dream-n-276-yulong-edp-25ml","status":"publish","type":"product","link":"https:\/\/brandss.com.py\/index\/producto\/perfume-femenino-brand-collection-dream-n-276-yulong-edp-25ml\/","title":{"rendered":"PERFUME FEMENINO BRAND COLLECTION DREAM N\u00b0 276 YULONG EDP 25ML"},"content":{"rendered":"<p><img loading=\"lazy\" decoding=\"async\" class=\"\" src=\"https:\/\/brandcollectionperfume.com\/cdn\/shop\/files\/Untitled_design_1.png?v=1687781756&amp;width=500\" alt=\"Terms of Service \u2013 YouSmellSoGood\" width=\"123\" height=\"69\" \/><\/p>\n<h1>DREAM N\u00b0 276 YULONG<\/h1>\n<p><span>Es una fragancia sofisticada y cautivadora, perfecta para mujeres que buscan dejar una impresi\u00f3n impactante y elegante. Sus notas de salida son frescas y vigorizantes, con una combinaci\u00f3n armoniosa de <\/span>mandarina,\u00a0petitgrain\u00a0y\u00a0cardamomo, que evocan una sensaci\u00f3n de\u00a0energ\u00eda\u00a0y\u00a0vitalidad<span>. Este toque c\u00edtrico aporta una sensaci\u00f3n de frescura que capta inmediatamente la atenci\u00f3n y prepara el escenario para el desarrollo de la fragancia.<\/span><\/p>\n<p><span>A medida que el perfume se desarrolla, el coraz\u00f3n revela un\u00a0<\/span>sofisticado bouquet floral, compuesto de\u00a0t\u00e9 verde,\u00a0t\u00e9 negro,\u00a0flor de naranja\u00a0y\u00a0jazm\u00edn, que aportan\u00a0encanto y suavidad <span>a la fragancia. Estas notas florales combinan perfectamente, creando una sensaci\u00f3n de elegancia y feminidad, ideal para una mujer que destaca por su gracia y confianza.<\/span><\/p>\n<p><span>La base<\/span><span>\u00a0es rica y refinada, con\u00a0<\/span>vetiver,\u00a0ambrette\u00a0e\u00a0iris, que le dan profundidad y notable durabilidad a la fragancia. Estas notas amaderadas y florales aportan una sensaci\u00f3n de\u00a0sofisticaci\u00f3n\u00a0y\u00a0exclusividad<span>, haciendo que el perfume perdure por largas horas, acompa\u00f1\u00e1ndote en todos los momentos del d\u00eda.<\/span><\/p>\n<p><span>Ideal para ocasiones especiales o para quienes buscan crear una impresi\u00f3n duradera,\u00a0<\/span>Yulong<span>\u00a0es la elecci\u00f3n perfecta para quienes aprecian la\u00a0<\/span>elegancia refinada\u00a0y\u00a0la belleza sutil <span>de una fragancia impactante. Su combinaci\u00f3n \u00fanica de notas frescas, florales y amaderadas crea una experiencia olfativa \u00fanica, envolvente e irresistible.<\/span><\/p>\n<h3>Notas Olfativas<\/h3>\n<p>Yulong es una elecci\u00f3n perfecta para aquellas mujeres que desean irradiar\u00a0sofisticaci\u00f3n\u00a0y\u00a0confianza<span> en cualquier ocasi\u00f3n. Con una fragancia cautivadora y duradera, es ideal para quienes buscan destacar de forma discreta pero llamativa.<\/span><\/p>\n<p>&nbsp;<\/p>\n<p data-pm-slice=\"0 0 []\"><strong><span>Notas de salida:<\/span><\/strong><span> Mandarina, Petitgrain y Cardamomo.<\/span><\/p>\n<p><strong><span>Notas de coraz\u00f3n:<\/span><\/strong><span> T\u00e9 Verde, T\u00e9 Negro, Flor de Azahar y Jazm\u00edn.<\/span><\/p>\n<p><strong><span>Notas de fondo:<\/span><\/strong><span>\u00a0Vetiver, Ambrette e Iris.<\/span><\/p>\n","protected":false},"excerpt":{"rendered":"<p>DREAM N\u00b0 276 YULONG Es una fragancia sofisticada y cautivadora, perfecta para mujeres que buscan dejar una impresi\u00f3n impactante y<\/p>\n","protected":false},"featured_media":80428,"comment_status":"open","ping_status":"closed","template":"","meta":{"nf_dc_page":""},"product_brand":[],"product_cat":[84],"product_tag":[],"class_list":{"0":"post-80427","1":"product","2":"type-product","3":"status-publish","4":"has-post-thumbnail","6":"product_cat-perfumeria","8":"first","9":"instock","10":"shipping-taxable","11":"purchasable","12":"product-type-simple"},"_links":{"self":[{"href":"https:\/\/brandss.com.py\/index\/wp-json\/wp\/v2\/product\/80427","targetHints":{"allow":["GET"]}}],"collection":[{"href":"https:\/\/brandss.com.py\/index\/wp-json\/wp\/v2\/product"}],"about":[{"href":"https:\/\/brandss.com.py\/index\/wp-json\/wp\/v2\/types\/product"}],"replies":[{"embeddable":true,"href":"https:\/\/brandss.com.py\/index\/wp-json\/wp\/v2\/comments?post=80427"}],"version-history":[{"count":1,"href":"https:\/\/brandss.com.py\/index\/wp-json\/wp\/v2\/product\/80427\/revisions"}],"predecessor-version":[{"id":80430,"href":"https:\/\/brandss.com.py\/index\/wp-json\/wp\/v2\/product\/80427\/revisions\/80430"}],"wp:featuredmedia":[{"embeddable":true,"href":"https:\/\/brandss.com.py\/index\/wp-json\/wp\/v2\/media\/80428"}],"wp:attachment":[{"href":"https:\/\/brandss.com.py\/index\/wp-json\/wp\/v2\/media?parent=80427"}],"wp:term":[{"taxonomy":"product_brand","embeddable":true,"href":"https:\/\/brandss.com.py\/index\/wp-json\/wp\/v2\/product_brand?post=80427"},{"taxonomy":"product_cat","embeddable":true,"href":"https:\/\/brandss.com.py\/index\/wp-json\/wp\/v2\/product_cat?post=80427"},{"taxonomy":"product_tag","embeddable":true,"href":"https:\/\/brandss.com.py\/index\/wp-json\/wp\/v2\/product_tag?post=80427"}],"curies":[{"name":"wp","href":"https:\/\/api.w.org\/{rel}","templated":true}]}}