{"id":80431,"date":"2025-04-19T18:37:21","date_gmt":"2025-04-19T18:37:21","guid":{"rendered":"https:\/\/brandss.com.py\/index\/?post_type=product&#038;p=80431"},"modified":"2025-05-10T13:32:55","modified_gmt":"2025-05-10T13:32:55","slug":"perfume-femenino-brand-collection-dream-n-278-wild-bluebell-edp-25ml","status":"publish","type":"product","link":"https:\/\/brandss.com.py\/index\/producto\/perfume-femenino-brand-collection-dream-n-278-wild-bluebell-edp-25ml\/","title":{"rendered":"PERFUME FEMENINO BRAND COLLECTION DREAM N\u00b0 278 WILD BLUEBELL EDP 25ML"},"content":{"rendered":"<p><img loading=\"lazy\" decoding=\"async\" class=\"\" src=\"https:\/\/brandcollectionperfume.com\/cdn\/shop\/files\/Untitled_design_1.png?v=1687781756&amp;width=500\" alt=\"Terms of Service \u2013 YouSmellSoGood\" width=\"114\" height=\"64\" \/><\/p>\n<h1>DREAM N\u00b0 278 WILD BLUEBELL<\/h1>\n<p>Una fragancia afrutada con matices florales. Se adapta perfectamente a cualquier ocasi\u00f3n, desde situaciones cotidianas hasta aquellos momentos m\u00e1s especiales. Un perfume ideal para quienes tienen un estilo rom\u00e1ntico y cl\u00e1sico, pero que tambi\u00e9n les gusta sentirse cautivados. \u00a1\u00a1\u00a1Un perfume con una frescura maravillosa!!!<\/p>\n<h3>Notas Olfativas<\/h3>\n<p><span><strong>Notas de Salida:<\/strong> campanilla, gota de roc\u00edo, hojas verdes y clavo.\u00a0<\/span><\/p>\n<p><span><strong>Notas de Coraz\u00f3n:<\/strong> Caqui y Melocot\u00f3n.<\/span><\/p>\n<p><span><strong>Notas de fondo:<\/strong> almizcle y notas polvorientas.<\/span><\/p>\n","protected":false},"excerpt":{"rendered":"<p>DREAM N\u00b0 278 WILD BLUEBELL Una fragancia afrutada con matices florales. Se adapta perfectamente a cualquier ocasi\u00f3n, desde situaciones cotidianas<\/p>\n","protected":false},"featured_media":80432,"comment_status":"open","ping_status":"closed","template":"","meta":{"nf_dc_page":""},"product_brand":[],"product_cat":[84],"product_tag":[],"class_list":{"0":"post-80431","1":"product","2":"type-product","3":"status-publish","4":"has-post-thumbnail","6":"product_cat-perfumeria","8":"first","9":"instock","10":"shipping-taxable","11":"purchasable","12":"product-type-simple"},"_links":{"self":[{"href":"https:\/\/brandss.com.py\/index\/wp-json\/wp\/v2\/product\/80431","targetHints":{"allow":["GET"]}}],"collection":[{"href":"https:\/\/brandss.com.py\/index\/wp-json\/wp\/v2\/product"}],"about":[{"href":"https:\/\/brandss.com.py\/index\/wp-json\/wp\/v2\/types\/product"}],"replies":[{"embeddable":true,"href":"https:\/\/brandss.com.py\/index\/wp-json\/wp\/v2\/comments?post=80431"}],"version-history":[{"count":1,"href":"https:\/\/brandss.com.py\/index\/wp-json\/wp\/v2\/product\/80431\/revisions"}],"predecessor-version":[{"id":80436,"href":"https:\/\/brandss.com.py\/index\/wp-json\/wp\/v2\/product\/80431\/revisions\/80436"}],"wp:featuredmedia":[{"embeddable":true,"href":"https:\/\/brandss.com.py\/index\/wp-json\/wp\/v2\/media\/80432"}],"wp:attachment":[{"href":"https:\/\/brandss.com.py\/index\/wp-json\/wp\/v2\/media?parent=80431"}],"wp:term":[{"taxonomy":"product_brand","embeddable":true,"href":"https:\/\/brandss.com.py\/index\/wp-json\/wp\/v2\/product_brand?post=80431"},{"taxonomy":"product_cat","embeddable":true,"href":"https:\/\/brandss.com.py\/index\/wp-json\/wp\/v2\/product_cat?post=80431"},{"taxonomy":"product_tag","embeddable":true,"href":"https:\/\/brandss.com.py\/index\/wp-json\/wp\/v2\/product_tag?post=80431"}],"curies":[{"name":"wp","href":"https:\/\/api.w.org\/{rel}","templated":true}]}}