{"id":80437,"date":"2025-04-19T19:03:10","date_gmt":"2025-04-19T19:03:10","guid":{"rendered":"https:\/\/brandss.com.py\/index\/?post_type=product&#038;p=80437"},"modified":"2025-08-16T19:18:58","modified_gmt":"2025-08-16T19:18:58","slug":"perfume-masculino-brand-collection-dream-n-285-good-job-edp-25ml","status":"publish","type":"product","link":"https:\/\/brandss.com.py\/index\/producto\/perfume-masculino-brand-collection-dream-n-285-good-job-edp-25ml\/","title":{"rendered":"PERFUME MASCULINO BRAND COLLECTION DREAM N\u00b0 285 GOOD JOB EDP 25ML"},"content":{"rendered":"<p><img loading=\"lazy\" decoding=\"async\" class=\"\" src=\"https:\/\/brandcollectionperfume.com\/cdn\/shop\/files\/Untitled_design_1.png?v=1687781756&amp;width=500\" alt=\"Terms of Service \u2013 YouSmellSoGood\" width=\"117\" height=\"66\" \/><\/p>\n<h1>DREAM N\u00b0 285 GOOD JOB<\/h1>\n<p><span>Es un perfume masculino que destaca por su llamativa proyecci\u00f3n e impresionante longevidad. La fragancia es muy apreciada por su capacidad de dejar una impresi\u00f3n duradera, haciendo que quien la usa sea f\u00e1cilmente visible dondequiera que est\u00e9. Considerada controvertida, pero igualmente amada, G<\/span>ood Job<span>\u00a0ha conquistado un espacio tanto en el universo masculino como en el femenino, siendo una elecci\u00f3n audaz y llena de personalidad. Este perfume ofrece una experiencia \u00fanica, que sin duda vale la pena experimentar para cualquiera que busque algo innovador y de alto impacto.<\/span><\/p>\n<p><span>Con una composici\u00f3n de notas amaderadas orientales, <\/span><span>es una fragancia que celebra la audacia y la confianza de los hombres modernos, frescos y urbanos. Es un perfume que no teme destacar, proyectando una imagen de sofisticaci\u00f3n y autenticidad. La fragancia fue creada para hombres que se expresan con intensidad, que no tienen miedo de ser notados y que valoran la individualidad. Con un perfil olfativo \u00fanico, el perfume traduce perfectamente estas caracter\u00edsticas.<\/span><\/p>\n<p><span>Al aplicar<\/span><span>\u00a0la primera impresi\u00f3n es de frescura y energ\u00eda, gracias a las notas de salida compuestas de Bergamota y Flor de Azahar. La bergamota aporta una explosi\u00f3n c\u00edtrica y vibrante, que despierta los sentidos y da a la fragancia una apertura fresca y envolvente. La Flor de Azahar aporta una delicada suavidad floral, equilibrando la intensidad de la Bergamota y proporcionando una sensaci\u00f3n de frescura provocativa. Juntas, estas notas iniciales crean una entrada poderosa y refrescante, con un toque de sofisticaci\u00f3n.<\/span><\/p>\n<p><span>A medida que evoluciona<\/span><span>, su evoluci\u00f3n olfativa revela un cuerpo m\u00e1s picante y c\u00e1lido. La canela, con su toque ex\u00f3tico y envolvente, emerge como nota de coraz\u00f3n, impregnando el perfume de un matiz especiado que a\u00f1ade complejidad y profundidad a la fragancia. La canela, una especia llena de car\u00e1cter, aporta una calidez envolvente, perfectamente equilibrada por la suavidad de las notas de salida. Este toque picante y c\u00e1lido es lo que le da al perfume su verdadera personalidad, creando un fascinante contraste con la frescura inicial.<\/span><\/p>\n<p><span>En la base<\/span><span>\u00a0las notas de \u00e1mbar y almizcle se combinan de forma envolvente, creando una base c\u00e1lida y sensual que deja una impresi\u00f3n duradera en la piel. El \u00e1mbar aporta una sensaci\u00f3n de riqueza y profundidad con su car\u00e1cter ambarado y resinoso, mientras que el almizcle a\u00f1ade una suavidad envolvente y un toque de misterio. Estas notas se fusionan con la calidez de las notas c\u00e1lidas del Haba Tonka, que completan la base de la fragancia con una dulzura amaderada y un toque de calidez acogedora.<\/span><\/p>\n<p><span>La combinaci\u00f3n de notas c\u00edtricas, especiadas y amaderadas<\/span><span>\u00a0crea un equilibrio perfecto entre frescura e intensidad, convirti\u00e9ndolo en un perfume ideal para hombres que buscan destacar de una manera \u00fanica y llena de personalidad. Su proyecci\u00f3n es uno de los aspectos m\u00e1s elogiados, ya que el perfume es f\u00e1cilmente percibido por quienes te rodean, y su longevidad hace que permanezca presente durante todo el d\u00eda, sin perder fuerza ni intensidad.<\/span><\/p>\n<p>285 Good Job<span> es m\u00e1s que una fragancia; es una verdadera declaraci\u00f3n de estilo y personalidad. Es una elecci\u00f3n perfecta para hombres modernos y seguros que aprecian un aroma que refleje su individualidad y atractivo. Su audaz combinaci\u00f3n de notas c\u00edtricas, especiadas y amaderadas hace que este perfume destaque como una de las opciones m\u00e1s atrevidas y sofisticadas para quienes buscan algo que se convierta en una extensi\u00f3n de su propia identidad.<\/span><\/p>\n<h3>Notas Olfativas<\/h3>\n<p>285 Good Job es un perfume que combina frescura, especias y madera de manera impecable. Su capacidad de proyecci\u00f3n y durabilidad la convierte en una opci\u00f3n ideal para aquellos hombres que no temen dejar huella, ya sea de d\u00eda o de noche. Si buscas un perfume con personalidad, intensidad y sofisticaci\u00f3n,\u00a0285 Good Job<span>\u00a0es la elecci\u00f3n correcta.<\/span><\/p>\n<p>&nbsp;<\/p>\n<p><strong><span>Notas de salida:<\/span><\/strong><span> Flor de naranja, mandarina, bergamota y lim\u00f3n de Amalfi.<\/span><\/p>\n<p><strong><span>Notas de coraz\u00f3n:<\/span><\/strong><span> Canela, Heliotropo, Jazm\u00edn, Cardamomo y Lirio de los Valles.<\/span><\/p>\n<p><strong><span>Notas de fondo:<\/span><\/strong><span>\u00a0vainilla, haba tonka, s\u00e1ndalo, pachul\u00ed, miel, tabaco y vetiver.<\/span><\/p>\n","protected":false},"excerpt":{"rendered":"<p>DREAM N\u00b0 285 GOOD JOB Es un perfume masculino que destaca por su llamativa proyecci\u00f3n e impresionante longevidad. La fragancia<\/p>\n","protected":false},"featured_media":80438,"comment_status":"open","ping_status":"closed","template":"","meta":{"nf_dc_page":""},"product_brand":[],"product_cat":[84],"product_tag":[],"class_list":{"0":"post-80437","1":"product","2":"type-product","3":"status-publish","4":"has-post-thumbnail","6":"product_cat-perfumeria","8":"first","9":"instock","10":"shipping-taxable","11":"purchasable","12":"product-type-simple"},"_links":{"self":[{"href":"https:\/\/brandss.com.py\/index\/wp-json\/wp\/v2\/product\/80437","targetHints":{"allow":["GET"]}}],"collection":[{"href":"https:\/\/brandss.com.py\/index\/wp-json\/wp\/v2\/product"}],"about":[{"href":"https:\/\/brandss.com.py\/index\/wp-json\/wp\/v2\/types\/product"}],"replies":[{"embeddable":true,"href":"https:\/\/brandss.com.py\/index\/wp-json\/wp\/v2\/comments?post=80437"}],"version-history":[{"count":1,"href":"https:\/\/brandss.com.py\/index\/wp-json\/wp\/v2\/product\/80437\/revisions"}],"predecessor-version":[{"id":80441,"href":"https:\/\/brandss.com.py\/index\/wp-json\/wp\/v2\/product\/80437\/revisions\/80441"}],"wp:featuredmedia":[{"embeddable":true,"href":"https:\/\/brandss.com.py\/index\/wp-json\/wp\/v2\/media\/80438"}],"wp:attachment":[{"href":"https:\/\/brandss.com.py\/index\/wp-json\/wp\/v2\/media?parent=80437"}],"wp:term":[{"taxonomy":"product_brand","embeddable":true,"href":"https:\/\/brandss.com.py\/index\/wp-json\/wp\/v2\/product_brand?post=80437"},{"taxonomy":"product_cat","embeddable":true,"href":"https:\/\/brandss.com.py\/index\/wp-json\/wp\/v2\/product_cat?post=80437"},{"taxonomy":"product_tag","embeddable":true,"href":"https:\/\/brandss.com.py\/index\/wp-json\/wp\/v2\/product_tag?post=80437"}],"curies":[{"name":"wp","href":"https:\/\/api.w.org\/{rel}","templated":true}]}}