{"id":80471,"date":"2025-04-21T12:43:13","date_gmt":"2025-04-21T12:43:13","guid":{"rendered":"https:\/\/brandss.com.py\/index\/?post_type=product&#038;p=80471"},"modified":"2025-08-25T10:35:12","modified_gmt":"2025-08-25T10:35:12","slug":"perfume-femenino-brand-collection-n-379-gucci-bloom-intense-25ml","status":"publish","type":"product","link":"https:\/\/brandss.com.py\/index\/producto\/perfume-femenino-brand-collection-n-379-gucci-bloom-intense-25ml\/","title":{"rendered":"PERFUME FEMENINO BRAND COLLECTION N\u00b0 379 GUCCI BLOOM INTENSE EDP 25ML"},"content":{"rendered":"<p><img loading=\"lazy\" decoding=\"async\" class=\"\" src=\"https:\/\/brandcollectionperfume.com\/cdn\/shop\/files\/Untitled_design_1.png?v=1687781756&amp;width=600\" alt=\"YouSmellSoGood\" width=\"328\" height=\"185\" \/><\/p>\n<h1>GUCCI BLOOM INTENSE<\/h1>\n<p class=\"\" data-start=\"269\" data-end=\"731\">D\u00e9jate envolver por la esencia vibrante y embriagadora de esta fragancia floral profundamente femenina, una celebraci\u00f3n de la intensidad, la sofisticaci\u00f3n y la belleza natural de la mujer. Esta creaci\u00f3n olfativa se abre con un estallido luminoso y jugoso de <strong data-start=\"527\" data-end=\"542\">pera madura<\/strong>, suavemente especiado por el toque c\u00e1lido del <strong data-start=\"589\" data-end=\"601\">jengibre<\/strong>, y envuelto en la frescura chispeante de la <strong data-start=\"646\" data-end=\"659\">mandarina<\/strong>. Una introducci\u00f3n audaz y sensual que invita a un viaje olfativo \u00fanico.<\/p>\n<p class=\"\" data-start=\"733\" data-end=\"1149\">En el coraz\u00f3n, florece una opulenta sinfon\u00eda floral que captura la esencia de un jard\u00edn en plena noche. La intensidad cremosa del <strong data-start=\"863\" data-end=\"880\">jazm\u00edn sambac<\/strong> se mezcla con el misterio de la <strong data-start=\"913\" data-end=\"930\">dama de noche<\/strong>, revelando una feminidad magn\u00e9tica y envolvente. El <strong data-start=\"983\" data-end=\"993\">nardos<\/strong>, con su aroma narc\u00f3tico y aterciopelado, se entrelaza con la delicadeza de la <strong data-start=\"1072\" data-end=\"1090\">flor de azahar<\/strong>, aportando una calidez luminosa y profundamente rom\u00e1ntica.<\/p>\n<p class=\"\" data-start=\"1151\" data-end=\"1390\">Las notas de fondo revelan una dimensi\u00f3n terrosa y sensual, gracias a la riqueza del <strong data-start=\"1236\" data-end=\"1247\">pachul\u00ed<\/strong>, el car\u00e1cter h\u00famedo y verde del <strong data-start=\"1280\" data-end=\"1289\">musgo<\/strong>, y un inesperado matiz ex\u00f3tico de <strong data-start=\"1324\" data-end=\"1340\">coco cremoso<\/strong>, que a\u00f1ade una suavidad envolvente y persistente.<\/p>\n<p class=\"\" data-start=\"1392\" data-end=\"1658\">Una fragancia pensada para mujeres que no temen destacar, que se sienten c\u00f3modas en su piel y que desean dejar una huella duradera all\u00ed por donde pasan. Perfecta para la noche o para ocasiones especiales en las que se busca un aroma floral con car\u00e1cter e intensidad.<\/p>\n","protected":false},"excerpt":{"rendered":"<p>GUCCI BLOOM INTENSE D\u00e9jate envolver por la esencia vibrante y embriagadora de esta fragancia floral profundamente femenina, una celebraci\u00f3n de<\/p>\n","protected":false},"featured_media":80475,"comment_status":"open","ping_status":"closed","template":"","meta":{"nf_dc_page":""},"product_brand":[],"product_cat":[84],"product_tag":[],"class_list":{"0":"post-80471","1":"product","2":"type-product","3":"status-publish","4":"has-post-thumbnail","6":"product_cat-perfumeria","8":"first","9":"instock","10":"shipping-taxable","11":"purchasable","12":"product-type-simple"},"_links":{"self":[{"href":"https:\/\/brandss.com.py\/index\/wp-json\/wp\/v2\/product\/80471","targetHints":{"allow":["GET"]}}],"collection":[{"href":"https:\/\/brandss.com.py\/index\/wp-json\/wp\/v2\/product"}],"about":[{"href":"https:\/\/brandss.com.py\/index\/wp-json\/wp\/v2\/types\/product"}],"replies":[{"embeddable":true,"href":"https:\/\/brandss.com.py\/index\/wp-json\/wp\/v2\/comments?post=80471"}],"version-history":[{"count":2,"href":"https:\/\/brandss.com.py\/index\/wp-json\/wp\/v2\/product\/80471\/revisions"}],"predecessor-version":[{"id":88856,"href":"https:\/\/brandss.com.py\/index\/wp-json\/wp\/v2\/product\/80471\/revisions\/88856"}],"wp:featuredmedia":[{"embeddable":true,"href":"https:\/\/brandss.com.py\/index\/wp-json\/wp\/v2\/media\/80475"}],"wp:attachment":[{"href":"https:\/\/brandss.com.py\/index\/wp-json\/wp\/v2\/media?parent=80471"}],"wp:term":[{"taxonomy":"product_brand","embeddable":true,"href":"https:\/\/brandss.com.py\/index\/wp-json\/wp\/v2\/product_brand?post=80471"},{"taxonomy":"product_cat","embeddable":true,"href":"https:\/\/brandss.com.py\/index\/wp-json\/wp\/v2\/product_cat?post=80471"},{"taxonomy":"product_tag","embeddable":true,"href":"https:\/\/brandss.com.py\/index\/wp-json\/wp\/v2\/product_tag?post=80471"}],"curies":[{"name":"wp","href":"https:\/\/api.w.org\/{rel}","templated":true}]}}