{"id":80483,"date":"2025-04-21T14:12:35","date_gmt":"2025-04-21T14:12:35","guid":{"rendered":"https:\/\/brandss.com.py\/index\/?post_type=product&#038;p=80483"},"modified":"2025-08-25T10:40:32","modified_gmt":"2025-08-25T10:40:32","slug":"80483","status":"publish","type":"product","link":"https:\/\/brandss.com.py\/index\/producto\/80483\/","title":{"rendered":"PERFUME FEMENINO BRAND COLLECTION N\u00b0 380 BACCARAT ROUGE 540 EXTRAIT EDP 25ML"},"content":{"rendered":"<h1><img loading=\"lazy\" decoding=\"async\" class=\"\" src=\"https:\/\/brandcollectionperfume.com\/cdn\/shop\/files\/Untitled_design_1.png?v=1687781756&amp;width=600\" alt=\"YouSmellSoGood\" width=\"296\" height=\"167\" \/><\/h1>\n<h1><strong>Baccarat Rouge &#8211;\u00a0<\/strong><\/h1>\n<p><strong>Brand Collection 380 &#8211; Baccarat Rouge &#8211; 25ml<\/strong>\u00a0es una fragancia sofisticada que captura la esencia del lujo y celebra el refinamiento de la alta perfumer\u00eda. Con una armoniosa combinaci\u00f3n de notas amaderadas, florales y orientales, esta fragancia es ideal para hombres y mujeres que buscan transmitir un aura de elegancia y sofisticaci\u00f3n.<\/p>\n<p>La apertura de\u00a0<strong>Brand Collection 380 &#8211; Baccarat Rouge &#8211; 25ml<\/strong>\u00a0est\u00e1 dominada por notas resplandecientes, como el azafr\u00e1n y el jazm\u00edn, que introducen una sensaci\u00f3n de luminosidad y riqueza a la fragancia. Luego, el coraz\u00f3n revela una fusi\u00f3n de \u00e1mbar gris y resinas que profundizan e intensifican la composici\u00f3n.<\/p>\n<p>En el coraz\u00f3n de\u00a0<strong>Brand Collection 380 &#8211; Baccarat Rouge &#8211; 25ml<\/strong>\u00a0, la sorprendente presencia del cedro se une a los acordes orientales, envolviendo los sentidos en un aura de misterio y lujo. Esta combinaci\u00f3n se ve realzada por un toque dulce y c\u00e1lido de almendras.<\/p>\n<p>La base de\u00a0<strong>Brand Collection 380 \u2013 Baccarat Rouge \u2013 25ml<\/strong>\u00a0est\u00e1 compuesta por notas intensas y envolventes, que aportan profundidad y persistencia a la fragancia. El toque final de musgo de roble y pino a\u00f1ade un aire de majestuosidad y durabilidad.<\/p>\n<p>La botella\u00a0<strong>de la Colecci\u00f3n Brand 380 &#8211; Baccarat Rouge &#8211; 25 ml<\/strong>\u00a0es un objeto de arte, con sus l\u00edneas limpias y su distintivo color rub\u00ed. La transparencia del cristal refleja la pureza y el brillo de la fragancia, mientras que su silueta robusta y majestuosa expresa la fuerza y \u200b\u200bel poder de esta creaci\u00f3n olfativa.<\/p>\n<p>Experimente la lujosa sensaci\u00f3n de\u00a0<strong>Brand Collection 380 &#8211; Baccarat Rouge &#8211; 25ml<\/strong>\u00a0y emb\u00e1rquese en un viaje de elegancia y refinamiento. Con esta fragancia te convertir\u00e1s en la encarnaci\u00f3n del glamour y la sofisticaci\u00f3n.<\/p>\n<p><strong>Pir\u00e1mide olfativa<\/strong><\/p>\n<p data-pm-slice=\"0 0 []\"><strong>Notas de salida:<\/strong>\u00a0almendra amarga y azafr\u00e1n;<\/p>\n<p><strong>Notas de Coraz\u00f3n:<\/strong>\u00a0Jazm\u00edn egipcio y cedro;<\/p>\n<p><strong>Notas de fondo:<\/strong>\u00a0\u00e1mbar gris, notas amaderadas y almizcle.<\/p>\n","protected":false},"excerpt":{"rendered":"<p>Baccarat Rouge &#8211;\u00a0 Brand Collection 380 &#8211; Baccarat Rouge &#8211; 25ml\u00a0es una fragancia sofisticada que captura la esencia del lujo<\/p>\n","protected":false},"featured_media":80485,"comment_status":"open","ping_status":"closed","template":"","meta":{"nf_dc_page":""},"product_brand":[],"product_cat":[84],"product_tag":[],"class_list":{"0":"post-80483","1":"product","2":"type-product","3":"status-publish","4":"has-post-thumbnail","6":"product_cat-perfumeria","8":"first","9":"instock","10":"shipping-taxable","11":"purchasable","12":"product-type-simple"},"_links":{"self":[{"href":"https:\/\/brandss.com.py\/index\/wp-json\/wp\/v2\/product\/80483","targetHints":{"allow":["GET"]}}],"collection":[{"href":"https:\/\/brandss.com.py\/index\/wp-json\/wp\/v2\/product"}],"about":[{"href":"https:\/\/brandss.com.py\/index\/wp-json\/wp\/v2\/types\/product"}],"replies":[{"embeddable":true,"href":"https:\/\/brandss.com.py\/index\/wp-json\/wp\/v2\/comments?post=80483"}],"version-history":[{"count":4,"href":"https:\/\/brandss.com.py\/index\/wp-json\/wp\/v2\/product\/80483\/revisions"}],"predecessor-version":[{"id":88857,"href":"https:\/\/brandss.com.py\/index\/wp-json\/wp\/v2\/product\/80483\/revisions\/88857"}],"wp:featuredmedia":[{"embeddable":true,"href":"https:\/\/brandss.com.py\/index\/wp-json\/wp\/v2\/media\/80485"}],"wp:attachment":[{"href":"https:\/\/brandss.com.py\/index\/wp-json\/wp\/v2\/media?parent=80483"}],"wp:term":[{"taxonomy":"product_brand","embeddable":true,"href":"https:\/\/brandss.com.py\/index\/wp-json\/wp\/v2\/product_brand?post=80483"},{"taxonomy":"product_cat","embeddable":true,"href":"https:\/\/brandss.com.py\/index\/wp-json\/wp\/v2\/product_cat?post=80483"},{"taxonomy":"product_tag","embeddable":true,"href":"https:\/\/brandss.com.py\/index\/wp-json\/wp\/v2\/product_tag?post=80483"}],"curies":[{"name":"wp","href":"https:\/\/api.w.org\/{rel}","templated":true}]}}