{"id":80526,"date":"2025-04-21T18:13:31","date_gmt":"2025-04-21T18:13:31","guid":{"rendered":"https:\/\/brandss.com.py\/index\/?post_type=product&#038;p=80526"},"modified":"2025-10-27T14:09:52","modified_gmt":"2025-10-27T14:09:52","slug":"perfume-femenino-chanel-coco-mademoiselle-intense-edp-100ml","status":"publish","type":"product","link":"https:\/\/brandss.com.py\/index\/producto\/perfume-femenino-chanel-coco-mademoiselle-intense-edp-100ml\/","title":{"rendered":"PERFUME FEMENINO CHANEL COCO MADEMOISELLE INTENSE EDP 100ML"},"content":{"rendered":"<p><img loading=\"lazy\" decoding=\"async\" class=\"\" src=\"https:\/\/1000marcas.net\/wp-content\/uploads\/2019\/12\/logo-Chanel.png\" alt=\"Logo de Chanel: la historia y el significado del logotipo, la marca y el  s\u00edmbolo. | png, vector\" width=\"100\" height=\"56\" \/><\/p>\n<h1>COCO MADEMOISELLE INTENSE<\/h1>\n<p><span>Coco Mademoiselle Intense es la personificaci\u00f3n de la elegancia y la sofisticaci\u00f3n. Una versi\u00f3n m\u00e1s profunda y audaz de la cl\u00e1sica fragancia Coco Mademoiselle, este Eau de Parfum Intense combina vibrantes notas c\u00edtricas con ricas y c\u00e1lidas maderas para crear una fragancia cautivadora que perdura todo el d\u00eda. La poderosa combinaci\u00f3n de naranja siciliana y bergamota de Calabria se equilibra con el coraz\u00f3n de pachul\u00ed, rosa y jazm\u00edn, evocando una sensaci\u00f3n de encanto atemporal. Las notas de fondo de \u00e1mbar, haba tonka y vainilla le otorgan a la fragancia una profundidad y sensualidad irresistibles, perfectas para quienes desean dejar una huella imborrable.<img loading=\"lazy\" decoding=\"async\" class=\"alignright\" src=\"https:\/\/www.chanel.com\/puls-img\/c_limit,w_974\/q_auto:good,dpr_auto,f_auto\/1739202268955-onepdpeditopushdesktopmobile01974x1298px2jpg_1299x974.jpg\" width=\"384\" height=\"512\" \/><\/span><\/p>\n<p><span>Ya sea que salgas para una ocasi\u00f3n especial o simplemente disfrutes de un momento de lujo, Coco Mademoiselle Intense es el accesorio definitivo que irradia confianza y encanto.<\/span><\/p>\n<p style=\"font-weight: 400\">Coco Mademoiselle EDP Intense es perfecto para cualquier ocasi\u00f3n; su car\u00e1cter intenso deja una huella imborrable. Esta vers\u00e1til fragancia es ideal para mujeres seguras de s\u00ed mismas que aprecian un aroma sensual y profundo que realza su presencia en cualquier ambiente. Apl\u00edcala generosamente en las mu\u00f1ecas, detr\u00e1s de las orejas y en la parte posterior de las rodillas para una estela a\u00fan m\u00e1s intensa.<\/p>\n<p style=\"font-weight: 400\">Dise\u00f1ado para quienes exudan carisma y una doble personalidad (libre y entra\u00f1able, traviesa y provocadora), este Eau de Parfum ofrece una estela y una longevidad impresionantes.<\/p>\n<h3>Notas Olfativas<\/h3>\n<blockquote>\n<p class=\"text-center\">\u00a1Surge una nueva personalidad de Coco Madmoiselle!<\/p>\n<\/blockquote>\n<p>La calidez de las notas de\u00a0<b>\u00e1mbar\u00a0<\/b>se unen al embriagador aroma\u00a0<b>del haba tonka\u00a0<\/b>y la<b>vainilla de Madagascar\u00a0<\/b>; envolviendo sus sentidos en un aura de sensualidad y feminidad.<\/p>\n<p><img loading=\"lazy\" decoding=\"async\" class=\"alignleft\" src=\"https:\/\/perfumedubai.com\/cdn\/shop\/files\/Chanel-COCO-MADEMOISELLE-Intense_720x@2x.jpg?v=1728911810\" width=\"474\" height=\"474\" \/><\/p>\n<p style=\"font-weight: 400\">\nD\u00e9jate seducir por el cautivador encanto de\u00a0Chanel Coco Mademoiselle Eau de Parfum Intense, una fragancia ambarada y amaderada para mujer que encarna la esencia de un esp\u00edritu libre y cautivador. Creada por el perfumista Olivier Polge, esta intensa interpretaci\u00f3n revela a una mujer juguetona y rebelde, con la audacia de reinventarse.<\/p>\n<p style=\"font-weight: 400\">\n<ul style=\"font-weight: 400\">\n<li><b><strong>Notas de salida:<\/strong><\/b>\u00a0naranja siciliana, bergamota de Calabria y lim\u00f3n.<\/li>\n<li><b><strong>Notas de coraz\u00f3n:<\/strong><\/b> rosa, jazm\u00edn.<\/li>\n<li><b><strong>Notas de fondo:<\/strong><\/b> pachul\u00ed, vainilla, haba tonka.<\/li>\n<\/ul>\n","protected":false},"excerpt":{"rendered":"<p>COCO MADEMOISELLE INTENSE Coco Mademoiselle Intense es la personificaci\u00f3n de la elegancia y la sofisticaci\u00f3n. Una versi\u00f3n m\u00e1s profunda y<\/p>\n","protected":false},"featured_media":80533,"comment_status":"open","ping_status":"closed","template":"","meta":{"nf_dc_page":""},"product_brand":[],"product_cat":[84],"product_tag":[],"class_list":{"0":"post-80526","1":"product","2":"type-product","3":"status-publish","4":"has-post-thumbnail","6":"product_cat-perfumeria","8":"first","9":"outofstock","10":"shipping-taxable","11":"purchasable","12":"product-type-simple"},"_links":{"self":[{"href":"https:\/\/brandss.com.py\/index\/wp-json\/wp\/v2\/product\/80526","targetHints":{"allow":["GET"]}}],"collection":[{"href":"https:\/\/brandss.com.py\/index\/wp-json\/wp\/v2\/product"}],"about":[{"href":"https:\/\/brandss.com.py\/index\/wp-json\/wp\/v2\/types\/product"}],"replies":[{"embeddable":true,"href":"https:\/\/brandss.com.py\/index\/wp-json\/wp\/v2\/comments?post=80526"}],"version-history":[{"count":1,"href":"https:\/\/brandss.com.py\/index\/wp-json\/wp\/v2\/product\/80526\/revisions"}],"predecessor-version":[{"id":80546,"href":"https:\/\/brandss.com.py\/index\/wp-json\/wp\/v2\/product\/80526\/revisions\/80546"}],"wp:featuredmedia":[{"embeddable":true,"href":"https:\/\/brandss.com.py\/index\/wp-json\/wp\/v2\/media\/80533"}],"wp:attachment":[{"href":"https:\/\/brandss.com.py\/index\/wp-json\/wp\/v2\/media?parent=80526"}],"wp:term":[{"taxonomy":"product_brand","embeddable":true,"href":"https:\/\/brandss.com.py\/index\/wp-json\/wp\/v2\/product_brand?post=80526"},{"taxonomy":"product_cat","embeddable":true,"href":"https:\/\/brandss.com.py\/index\/wp-json\/wp\/v2\/product_cat?post=80526"},{"taxonomy":"product_tag","embeddable":true,"href":"https:\/\/brandss.com.py\/index\/wp-json\/wp\/v2\/product_tag?post=80526"}],"curies":[{"name":"wp","href":"https:\/\/api.w.org\/{rel}","templated":true}]}}