{"id":80549,"date":"2025-04-21T18:34:19","date_gmt":"2025-04-21T18:34:19","guid":{"rendered":"https:\/\/brandss.com.py\/index\/?post_type=product&#038;p=80549"},"modified":"2025-05-10T13:41:42","modified_gmt":"2025-05-10T13:41:42","slug":"perfume-unisex-brand-collection-n-393-toy-2-edp-25ml","status":"publish","type":"product","link":"https:\/\/brandss.com.py\/index\/producto\/perfume-unisex-brand-collection-n-393-toy-2-edp-25ml\/","title":{"rendered":"PERFUME UNISEX BRAND COLLECTION N\u00b0 393 TOY 2 EDP 25ML"},"content":{"rendered":"<p><img loading=\"lazy\" decoding=\"async\" class=\"\" src=\"https:\/\/brandcollectionperfume.com\/cdn\/shop\/files\/Untitled_design_1.png?v=1687781756&amp;width=600\" alt=\"YouSmellSoGood\" width=\"453\" height=\"255\" \/><\/p>\n<h1><strong data-start=\"256\" data-end=\"345\">Una fragancia unisex fresca, sofisticada y con un toque divertido que rompe esquemas.<\/strong><\/h1>\n<p class=\"\" data-start=\"347\" data-end=\"818\">Descubr\u00ed una esencia que combina lo l\u00fadico con la elegancia en una fragancia moderna y sin etiquetas. El <strong data-start=\"452\" data-end=\"479\">Brand Collection N\u00b0 393<\/strong>, inspirado en el encantador <strong data-start=\"508\" data-end=\"543\">Toy 2 Eau de Parfum de Moschino<\/strong>, es una propuesta olfativa \u00fanica que invita a expresarte con libertad, autenticidad y estilo propio. Dise\u00f1ada para personalidades audaces, alegres y creativas, esta fragancia unisex es perfecta para quienes valoran el dise\u00f1o, la frescura y la originalidad en un solo frasco.<\/p>\n<p class=\"\" data-start=\"820\" data-end=\"1318\">Desde el primer instante, esta fragancia se presenta vibrante y luminosa gracias a sus <strong data-start=\"907\" data-end=\"953\">notas de salida de manzana verde crujiente<\/strong> y <strong data-start=\"956\" data-end=\"976\">mandarina jugosa<\/strong>, que aportan un frescor chispeante y juvenil. Esta apertura frutal da paso a un coraz\u00f3n floral equilibrado, donde florecen la <strong data-start=\"1103\" data-end=\"1120\">peon\u00eda blanca<\/strong>, el <strong data-start=\"1125\" data-end=\"1140\">jazm\u00edn puro<\/strong> y la delicada <strong data-start=\"1155\" data-end=\"1167\">magnolia<\/strong>, creando un bouquet et\u00e9reo que aporta suavidad, elegancia y sofisticaci\u00f3n, sin dejar de ser vers\u00e1til y accesible tanto para mujeres como para hombres.<\/p>\n<p class=\"\" data-start=\"1320\" data-end=\"1657\">El fondo se compone de una base suave y envolvente, gracias al <strong data-start=\"1383\" data-end=\"1402\">almizcle blanco<\/strong>, el <strong data-start=\"1407\" data-end=\"1423\">\u00e1mbar c\u00e1lido<\/strong> y el <strong data-start=\"1429\" data-end=\"1448\">s\u00e1ndalo cremoso<\/strong>, que aportan profundidad, sensualidad y una fijaci\u00f3n duradera que se funde con la piel de forma armoniosa. El resultado es una estela limpia, moderna y adictiva que acompa\u00f1a todo el d\u00eda sin volverse invasiva.<\/p>\n<p class=\"\" data-start=\"1659\" data-end=\"1951\">Su presentaci\u00f3n en formato de <strong data-start=\"1689\" data-end=\"1698\">25 ml<\/strong> es ideal para llevar siempre con vos: en la cartera, el bolso o incluso el bolsillo, para que nunca te falte ese toque de frescura y personalidad a donde vayas. Perfecto para el d\u00eda a d\u00eda, ocasiones especiales o para regalar a alguien con estilo \u00fanico.<\/p>\n<p class=\"\" data-start=\"1953\" data-end=\"2178\"><strong data-start=\"1953\" data-end=\"1980\">Brand Collection N\u00b0 393<\/strong> no es solo un perfume, es una declaraci\u00f3n de individualidad y alegr\u00eda. Un aroma para quienes encuentran belleza en lo inesperado y eligen vivir la vida con una sonrisa, sin seguir reglas ni moldes.<\/p>\n<p class=\"\" data-start=\"2185\" data-end=\"2316\">\n","protected":false},"excerpt":{"rendered":"<p>Una fragancia unisex fresca, sofisticada y con un toque divertido que rompe esquemas. Descubr\u00ed una esencia que combina lo l\u00fadico<\/p>\n","protected":false},"featured_media":80551,"comment_status":"open","ping_status":"closed","template":"","meta":{"nf_dc_page":""},"product_brand":[],"product_cat":[84],"product_tag":[],"class_list":{"0":"post-80549","1":"product","2":"type-product","3":"status-publish","4":"has-post-thumbnail","6":"product_cat-perfumeria","8":"first","9":"instock","10":"shipping-taxable","11":"purchasable","12":"product-type-simple"},"_links":{"self":[{"href":"https:\/\/brandss.com.py\/index\/wp-json\/wp\/v2\/product\/80549","targetHints":{"allow":["GET"]}}],"collection":[{"href":"https:\/\/brandss.com.py\/index\/wp-json\/wp\/v2\/product"}],"about":[{"href":"https:\/\/brandss.com.py\/index\/wp-json\/wp\/v2\/types\/product"}],"replies":[{"embeddable":true,"href":"https:\/\/brandss.com.py\/index\/wp-json\/wp\/v2\/comments?post=80549"}],"version-history":[{"count":1,"href":"https:\/\/brandss.com.py\/index\/wp-json\/wp\/v2\/product\/80549\/revisions"}],"predecessor-version":[{"id":80554,"href":"https:\/\/brandss.com.py\/index\/wp-json\/wp\/v2\/product\/80549\/revisions\/80554"}],"wp:featuredmedia":[{"embeddable":true,"href":"https:\/\/brandss.com.py\/index\/wp-json\/wp\/v2\/media\/80551"}],"wp:attachment":[{"href":"https:\/\/brandss.com.py\/index\/wp-json\/wp\/v2\/media?parent=80549"}],"wp:term":[{"taxonomy":"product_brand","embeddable":true,"href":"https:\/\/brandss.com.py\/index\/wp-json\/wp\/v2\/product_brand?post=80549"},{"taxonomy":"product_cat","embeddable":true,"href":"https:\/\/brandss.com.py\/index\/wp-json\/wp\/v2\/product_cat?post=80549"},{"taxonomy":"product_tag","embeddable":true,"href":"https:\/\/brandss.com.py\/index\/wp-json\/wp\/v2\/product_tag?post=80549"}],"curies":[{"name":"wp","href":"https:\/\/api.w.org\/{rel}","templated":true}]}}