{"id":80559,"date":"2025-04-21T18:58:13","date_gmt":"2025-04-21T18:58:13","guid":{"rendered":"https:\/\/brandss.com.py\/index\/?post_type=product&#038;p=80559"},"modified":"2025-11-03T16:36:55","modified_gmt":"2025-11-03T16:36:55","slug":"perfume-masculino-jean-paul-gaultier-le-beau-edt-125ml","status":"publish","type":"product","link":"https:\/\/brandss.com.py\/index\/producto\/perfume-masculino-jean-paul-gaultier-le-beau-edt-125ml\/","title":{"rendered":"PERFUME MASCULINO JEAN PAUL GAULTIER LE BEAU EDT 125ML"},"content":{"rendered":"<p><img loading=\"lazy\" decoding=\"async\" class=\"\" src=\"https:\/\/1000marcas.net\/wp-content\/uploads\/2020\/02\/logo-Jean-Paul-Gaultier.png\" alt=\"Jean-Paul Gaultier Logo - s\u00edmbolo, significado logotipo, historia, PNG\" width=\"130\" height=\"73\" \/><\/p>\n<h1>LE BEAU EDT<\/h1>\n<p>Para el hombre contempor\u00e1neo y seductor. Jean Paul Gaultier Le Beau Male es una fragancia fresca como una gota de agua helada cayendo sobre un cuerpo caliente. Sensual, despierta los sentidos y revela el potencial er\u00f3tico de cada hombre.<\/p>\n<p>Le Beau Male, de Jean Paul Gaultier, es un perfume Foug\u00e8re Arom\u00e1tico con un desenfado irresistible. Ideal para los d\u00edas de calor, tiene un poder de atracci\u00f3n tonificante que deja la piel imantada, atrayendo miradas de deseo.<\/p>\n<p>&nbsp;<\/p>\n<h3>Notas Olfativas<\/h3>\n<h3><img loading=\"lazy\" decoding=\"async\" class=\"alignleft\" src=\"https:\/\/aromatica.cr\/cdn\/shop\/files\/Jean-Paul-Gaultier-Le-Beau-EDT-para-hombre-100-ml-Aromatica-CR-232881694.jpg?v=1731434413&amp;width=823\" width=\"587\" height=\"587\" \/><\/h3>\n<p class=\"whitespace-pre-wrap break-words\">Jean Paul Gaultier Le Beau es una fragancia oriental amaderada que evoca sensualidad tropical y moderna. La apertura es fresca y brillante, donde la bergamota aporta un destello c\u00edtrico luminoso y energ\u00e9tico que despierta los sentidos. En el coraz\u00f3n, el coco proporciona una nota tropical cremosa y ex\u00f3tica, aportando un toque de para\u00edso tropical con su dulzura natural y suave que evoca playas soleadas y momentos de seducci\u00f3n. La base es c\u00e1lida y seductora, donde la haba tonka brinda notas almendradas y dulces con matices de vainilla, creando una estela adictiva y sensual que perdura en la piel.<\/p>\n<p class=\"whitespace-pre-wrap break-words\">Es una fragancia perfecta para uso diario y ocasiones casuales en clima c\u00e1lido, ideal para hombres que buscan un aroma moderno y seductor con un toque tropical distintivo y masculino.<\/p>\n<p>Le Beau Eau de Toilette Jean Paul Gaultier, lanzada en 2019, est\u00e1 clasificada como una fragancia para hombres y pertenece a la familia Oriental. Quentin Bisch y Sonia Constant han trabajado en ella.<\/p>\n<p>Le Beau Eau de Toilette pertenece a la colecci\u00f3n Le Beau.<\/p>\n<ul class=\"-mt-1 [li&gt;&amp;]:mt-2 list-disc space-y-2 pl-8\" style=\"padding-left: 2rem;font-family: Roboto, sans-serif;font-size: 16.8px;font-style: normal;font-weight: 400;letter-spacing: 0.63px;text-align: start;text-indent: 0px;text-transform: none;background-color: #ffffff\">\n<li class=\"whitespace-normal break-words\"><strong>Notas de salida:<\/strong> Bergamota.<\/li>\n<li class=\"whitespace-normal break-words\"><strong>Notas de coraz\u00f3n:<\/strong> Coco.<\/li>\n<li class=\"whitespace-normal break-words\"><strong>Notas de fondo:<\/strong> Haba Tonka.<\/li>\n<\/ul>\n","protected":false},"excerpt":{"rendered":"<p>LE BEAU EDT Para el hombre contempor\u00e1neo y seductor. Jean Paul Gaultier Le Beau Male es una fragancia fresca como<\/p>\n","protected":false},"featured_media":80560,"comment_status":"open","ping_status":"closed","template":"","meta":{"nf_dc_page":""},"product_brand":[127],"product_cat":[84],"product_tag":[1253],"class_list":{"0":"post-80559","1":"product","2":"type-product","3":"status-publish","4":"has-post-thumbnail","6":"product_brand-jean-paul-gaultier","7":"product_cat-perfumeria","8":"product_tag-1253","10":"first","11":"instock","12":"shipping-taxable","13":"purchasable","14":"product-type-simple"},"_links":{"self":[{"href":"https:\/\/brandss.com.py\/index\/wp-json\/wp\/v2\/product\/80559","targetHints":{"allow":["GET"]}}],"collection":[{"href":"https:\/\/brandss.com.py\/index\/wp-json\/wp\/v2\/product"}],"about":[{"href":"https:\/\/brandss.com.py\/index\/wp-json\/wp\/v2\/types\/product"}],"replies":[{"embeddable":true,"href":"https:\/\/brandss.com.py\/index\/wp-json\/wp\/v2\/comments?post=80559"}],"version-history":[{"count":1,"href":"https:\/\/brandss.com.py\/index\/wp-json\/wp\/v2\/product\/80559\/revisions"}],"predecessor-version":[{"id":80569,"href":"https:\/\/brandss.com.py\/index\/wp-json\/wp\/v2\/product\/80559\/revisions\/80569"}],"wp:featuredmedia":[{"embeddable":true,"href":"https:\/\/brandss.com.py\/index\/wp-json\/wp\/v2\/media\/80560"}],"wp:attachment":[{"href":"https:\/\/brandss.com.py\/index\/wp-json\/wp\/v2\/media?parent=80559"}],"wp:term":[{"taxonomy":"product_brand","embeddable":true,"href":"https:\/\/brandss.com.py\/index\/wp-json\/wp\/v2\/product_brand?post=80559"},{"taxonomy":"product_cat","embeddable":true,"href":"https:\/\/brandss.com.py\/index\/wp-json\/wp\/v2\/product_cat?post=80559"},{"taxonomy":"product_tag","embeddable":true,"href":"https:\/\/brandss.com.py\/index\/wp-json\/wp\/v2\/product_tag?post=80559"}],"curies":[{"name":"wp","href":"https:\/\/api.w.org\/{rel}","templated":true}]}}