{"id":80570,"date":"2025-04-21T19:18:11","date_gmt":"2025-04-21T19:18:11","guid":{"rendered":"https:\/\/brandss.com.py\/index\/?post_type=product&#038;p=80570"},"modified":"2026-04-11T10:43:35","modified_gmt":"2026-04-11T10:43:35","slug":"perfume-femenino-moschino-toy-2-edp-100ml","status":"publish","type":"product","link":"https:\/\/brandss.com.py\/index\/producto\/perfume-femenino-moschino-toy-2-edp-100ml\/","title":{"rendered":"PERFUME FEMENINO MOSCHINO TOY 2 EDP 100ML"},"content":{"rendered":"<p><img loading=\"lazy\" decoding=\"async\" class=\"\" src=\"https:\/\/1000logos.net\/wp-content\/uploads\/2021\/05\/Moschino-logo.png\" alt=\"Moschino Logo and symbol, meaning, history, PNG, brand\" width=\"108\" height=\"61\" \/><\/p>\n<h1>TOY 2<\/h1>\n<p>\u00a1El infame osito de peluche de Moschino vuelve conToy 2 Eau de Parfum!<\/p>\n<blockquote><p>\u00a1Suave y alegre!<\/p><\/blockquote>\n<p>Se trata de un aroma alegre, juvenil, fresco y puro que transmite una sensaci\u00f3n de libertad indescriptible. Se trata de un oso de peluche esmerilado en vidrio transparente que permite ver el contenido de un envase de l\u00edneas rectas que destaca el nombre de la marca en la parte superior. Un packaging capaz de transmitir una elegancia, ternura, belleza y delicadeza sin igual, aspectos de la mujer Moschino.<\/p>\n<p>&nbsp;<\/p>\n<p><img loading=\"lazy\" decoding=\"async\" class=\"alignleft\" src=\"https:\/\/perfugroupar.vtexassets.com\/arquivos\/ids\/179890-1200-auto?v=638005720879830000&amp;width=1200&amp;height=auto&amp;aspect=true\" width=\"664\" height=\"664\" \/><\/p>\n<h3><\/h3>\n<h3>Notas Olfativas<\/h3>\n<p>&nbsp;<\/p>\n<p>Un aroma repleto de dualidades y contraposiciones en el que se combinan aromas vivos y c\u00edtricos, con destellos frescos florales y la calidez de las maderas. Sus notas son: Mandarina, Manzana, Magnolia, Peon\u00eda, Grosella Blanca, Jazm\u00edn, S\u00e1ndalo, Amberwood y Almizcle.<br \/>\nPor sus matices olfativos, es una elecci\u00f3n adecuada para cualquier momento del d\u00eda y de uso atemporal.<br \/>\nSus notas disponen de una magn\u00edfica fijaci\u00f3n y durabilidad sobre la piel.<\/p>\n<div id=\"description\" class=\"collapse in product\">\n<p>En esta nueva fragancia las notas florales emergen combinadas con las amaderadas revelando una faceta alegre y suave.<\/p>\n<p>El frasco en forma de oso de peluche, aparece m\u00e1s sofisticado en cristal esmerilado y detalles en dorado.<\/p>\n<p>&nbsp;<\/p>\n<\/div>\n<div id=\"howTo\" class=\"collapse in product\">\n<p><b>Notas de salida<\/b>: Magnolia, manzana Granny Smith, naranja mandarina.<\/p>\n<p><strong>Notas de\u00a0coraz\u00f3n:<\/strong> Peon\u00eda, Grosella blanca, P\u00e9talos de jazm\u00edn.<\/p>\n<p><strong>Notas de\u00a0fondo:<\/strong> S\u00e1ndalo, Almizcle, Maderas de \u00e1mbar.<\/p>\n<\/div>\n","protected":false},"excerpt":{"rendered":"<p>TOY 2 \u00a1El infame osito de peluche de Moschino vuelve conToy 2 Eau de Parfum! \u00a1Suave y alegre! Se trata<\/p>\n","protected":false},"featured_media":80571,"comment_status":"open","ping_status":"closed","template":"","meta":{"nf_dc_page":""},"product_brand":[1257],"product_cat":[84],"product_tag":[3068],"class_list":{"0":"post-80570","1":"product","2":"type-product","3":"status-publish","4":"has-post-thumbnail","6":"product_brand-moschino","7":"product_cat-perfumeria","8":"product_tag-3068","10":"first","11":"instock","12":"sale","13":"shipping-taxable","14":"purchasable","15":"product-type-simple"},"_links":{"self":[{"href":"https:\/\/brandss.com.py\/index\/wp-json\/wp\/v2\/product\/80570","targetHints":{"allow":["GET"]}}],"collection":[{"href":"https:\/\/brandss.com.py\/index\/wp-json\/wp\/v2\/product"}],"about":[{"href":"https:\/\/brandss.com.py\/index\/wp-json\/wp\/v2\/types\/product"}],"replies":[{"embeddable":true,"href":"https:\/\/brandss.com.py\/index\/wp-json\/wp\/v2\/comments?post=80570"}],"version-history":[{"count":1,"href":"https:\/\/brandss.com.py\/index\/wp-json\/wp\/v2\/product\/80570\/revisions"}],"predecessor-version":[{"id":80575,"href":"https:\/\/brandss.com.py\/index\/wp-json\/wp\/v2\/product\/80570\/revisions\/80575"}],"wp:featuredmedia":[{"embeddable":true,"href":"https:\/\/brandss.com.py\/index\/wp-json\/wp\/v2\/media\/80571"}],"wp:attachment":[{"href":"https:\/\/brandss.com.py\/index\/wp-json\/wp\/v2\/media?parent=80570"}],"wp:term":[{"taxonomy":"product_brand","embeddable":true,"href":"https:\/\/brandss.com.py\/index\/wp-json\/wp\/v2\/product_brand?post=80570"},{"taxonomy":"product_cat","embeddable":true,"href":"https:\/\/brandss.com.py\/index\/wp-json\/wp\/v2\/product_cat?post=80570"},{"taxonomy":"product_tag","embeddable":true,"href":"https:\/\/brandss.com.py\/index\/wp-json\/wp\/v2\/product_tag?post=80570"}],"curies":[{"name":"wp","href":"https:\/\/api.w.org\/{rel}","templated":true}]}}