{"id":80576,"date":"2025-04-22T11:46:03","date_gmt":"2025-04-22T11:46:03","guid":{"rendered":"https:\/\/brandss.com.py\/index\/?post_type=product&#038;p=80576"},"modified":"2026-03-11T12:28:49","modified_gmt":"2026-03-11T12:28:49","slug":"perfume-femenino-moschino-cheap-chic-edt-100ml","status":"publish","type":"product","link":"https:\/\/brandss.com.py\/index\/producto\/perfume-femenino-moschino-cheap-chic-edt-100ml\/","title":{"rendered":"PERFUME FEMENINO MOSCHINO CHEAP &amp; CHIC EDT 100ML"},"content":{"rendered":"<p><img loading=\"lazy\" decoding=\"async\" class=\"\" src=\"https:\/\/1000logos.net\/wp-content\/uploads\/2021\/05\/Moschino-logo.png\" alt=\"Moschino Logo and symbol, meaning, history, PNG, brand\" width=\"121\" height=\"68\" \/><\/p>\n<h1>CHEAP &amp; CHIC<\/h1>\n<p>Los opuestos se atraen y el eau de toilette para mujer Moschino Cheap &amp; Chic lo demuestra. El frasco moderno y extravagante esconde una fragancia que gustar\u00e1 tanto a las rebeldes alocadas como a las damas elegantes. En la composici\u00f3n arom\u00e1tica se unen las notas c\u00e1lidas con las frutas frescas y los delicados acordes florales con las notas m\u00e1s intensas.<img loading=\"lazy\" decoding=\"async\" class=\"alignleft\" src=\"https:\/\/www.perfumisimo.cl\/cdn\/shop\/files\/moschino-cheap-and-chic-edt-100ml-mujer-toilette-perfumisimo-perfumes-y-colonias-694.jpg?v=1693065710&amp;width=800\" width=\"555\" height=\"555\" \/><\/p>\n<p><span>Es una fragancia floral femenina, un bouquet donde la rosa y la violeta son las protagonistas. Fresca y elegante, esta fragancia tambi\u00e9n es maravillosamente peculiar, como se espera de la&#8230;\u00a0<\/span><strong>Moschino<\/strong><span> casa. La fragancia es un torrente de sorprendente frescura que te dar\u00e1 energ\u00eda durante muchas horas. Fragancia floral. Aroma c\u00edtrico.<\/p>\n<p><\/span><\/p>\n<p>Cheap &amp; Chic de Moschino es un \u201cEau de Toilette\u201d femenino, que hace honor a una de las m\u00e1s conocidas mundialmente historias de amor: Popeye y Olivia. Un amor divertido, entra\u00f1able e inocente, que marco grandes momentos en la infancia de muchos y la juventud de otros.<\/p>\n<p>El frasco de Moschino Cheap &amp; Chic, ahora un icono de la perfumer\u00eda, est\u00e1 inspirado en las extravagantes proporciones del personaje de dibujos animados Olive Oyl. Es este contraste, entre el inusual frasco y su aroma atemporal, lo que convierte a esta fragancia en un icono de la l\u00ednea de perfumes Moschino. Es apto para todas las edades y ocasiones, pero es especialmente perfecto para quienes tienen sentido del humor.<\/p>\n<p>&nbsp;<\/p>\n<h3>Notas Olfativas<\/h3>\n<p>&nbsp;<\/p>\n<p>El eau de toilette para mujer Moschino Cheap &amp; Chic se lanz\u00f3 al mercado en el a\u00f1o 2005. Moschino es una casa de moda italiana, famosa por su moda original. Y precisamente el estilo divertido de la marca se puede observar tambi\u00e9n en el frasco de esta fragancia. Se abre con una explosi\u00f3n c\u00edtrica y estimulante de yuzu, bergamota y petitgrain. A medida que los c\u00edtricos se suavizan, un bouquet floral cobra protagonismo: la rosa intensamente rom\u00e1ntica y la violeta dulce y h\u00fameda se unen al jazm\u00edn opulento y la peon\u00eda fresca, en una magn\u00edfica composici\u00f3n que se siente a la vez cl\u00e1sica y atemporalmente femenina. A medida que la fragancia se asienta m\u00e1s cerca de la piel, la salida c\u00edtrica y el coraz\u00f3n floral se desvanecen; el suave almizcle y la c\u00e1lida y acogedora vainilla se imponen en un fondo reconfortante y sutil.<\/p>\n<p><span><strong>Notas de salida:<\/strong> yuzu, bergamota, petit grain, palo de rosa de Brasil.<\/span><br \/>\n<span><strong>Notas de coraz\u00f3n:<\/strong> ciclamen, rosa, nen\u00fafar, peon\u00eda, violeta, jazm\u00edn.<\/span><br \/>\n<span><strong>Notas de fondo:<\/strong> almizcle, iris, vetiver, \u00e1mbar gris, orqu\u00eddea, s\u00e1ndalo, haba tonka, vainilla.<\/span><\/p>\n","protected":false},"excerpt":{"rendered":"<p>CHEAP &amp; CHIC Los opuestos se atraen y el eau de toilette para mujer Moschino Cheap &amp; Chic lo demuestra.<\/p>\n","protected":false},"featured_media":80577,"comment_status":"open","ping_status":"closed","template":"","meta":{"nf_dc_page":""},"product_brand":[1257],"product_cat":[84],"product_tag":[1256],"class_list":{"0":"post-80576","1":"product","2":"type-product","3":"status-publish","4":"has-post-thumbnail","6":"product_brand-moschino","7":"product_cat-perfumeria","8":"product_tag-1256","10":"first","11":"outofstock","12":"shipping-taxable","13":"purchasable","14":"product-type-simple"},"_links":{"self":[{"href":"https:\/\/brandss.com.py\/index\/wp-json\/wp\/v2\/product\/80576","targetHints":{"allow":["GET"]}}],"collection":[{"href":"https:\/\/brandss.com.py\/index\/wp-json\/wp\/v2\/product"}],"about":[{"href":"https:\/\/brandss.com.py\/index\/wp-json\/wp\/v2\/types\/product"}],"replies":[{"embeddable":true,"href":"https:\/\/brandss.com.py\/index\/wp-json\/wp\/v2\/comments?post=80576"}],"version-history":[{"count":1,"href":"https:\/\/brandss.com.py\/index\/wp-json\/wp\/v2\/product\/80576\/revisions"}],"predecessor-version":[{"id":80581,"href":"https:\/\/brandss.com.py\/index\/wp-json\/wp\/v2\/product\/80576\/revisions\/80581"}],"wp:featuredmedia":[{"embeddable":true,"href":"https:\/\/brandss.com.py\/index\/wp-json\/wp\/v2\/media\/80577"}],"wp:attachment":[{"href":"https:\/\/brandss.com.py\/index\/wp-json\/wp\/v2\/media?parent=80576"}],"wp:term":[{"taxonomy":"product_brand","embeddable":true,"href":"https:\/\/brandss.com.py\/index\/wp-json\/wp\/v2\/product_brand?post=80576"},{"taxonomy":"product_cat","embeddable":true,"href":"https:\/\/brandss.com.py\/index\/wp-json\/wp\/v2\/product_cat?post=80576"},{"taxonomy":"product_tag","embeddable":true,"href":"https:\/\/brandss.com.py\/index\/wp-json\/wp\/v2\/product_tag?post=80576"}],"curies":[{"name":"wp","href":"https:\/\/api.w.org\/{rel}","templated":true}]}}