{"id":80629,"date":"2025-04-22T17:26:05","date_gmt":"2025-04-22T17:26:05","guid":{"rendered":"https:\/\/brandss.com.py\/index\/?post_type=product&#038;p=80629"},"modified":"2026-03-11T12:36:03","modified_gmt":"2026-03-11T12:36:03","slug":"perfume-masculino-versace-eros-edt-100ml","status":"publish","type":"product","link":"https:\/\/brandss.com.py\/index\/producto\/perfume-masculino-versace-eros-edt-100ml\/","title":{"rendered":"PERFUME MASCULINO VERSACE EROS EDT 100ML"},"content":{"rendered":"<p><img loading=\"lazy\" decoding=\"async\" class=\"\" src=\"https:\/\/1000logos.net\/wp-content\/uploads\/2017\/02\/Versace-Logosu.png\" alt=\"Versace logo and symbol, meaning, history, PNG, brand\" width=\"79\" height=\"44\" \/><\/p>\n<h1>EROS<\/h1>\n<p>Es una fragancia para el hombre fuerte, apasionado y seguro de s\u00ed mismo. Eros interpreta lo sublime de la masculinidad a trav\u00e9s de un aura luminosa, con una combinaci\u00f3n intensa y vibrante que resplandece con una sensualidad adictiva, realzando su intensidad y poder.<img loading=\"lazy\" decoding=\"async\" class=\"alignleft\" src=\"https:\/\/static.sweetcare.com\/img\/prd\/488\/v-638200526911645303\/versace-011428vg-1.webp\" width=\"325\" height=\"325\" \/><\/p>\n<p class=\"fb-cpy-bold\">La presentaci\u00f3n t\u00edpica de &#8220;<strong>Versace Eros<\/strong>&#8221; es elegante y llamativa, es reconocido por su estilo moderno y atemporal, lo que lo convierte en un objeto de deseo para muchos aficionados a la perfumer\u00eda. con un frasco de vidrio s\u00f3lido y un dise\u00f1o inspirado en la mitolog\u00eda griega, con la cabeza de Medusa en relieve en el centro.<\/p>\n<p>Es la interpretaci\u00f3n sublime de la masculinidad a trav\u00e9s de un aura luminosa con un frescor intenso, vibrante y luminoso.<\/p>\n<blockquote>\n<p class=\"text-center\">Una masculinidad sublime combinada con un frescor intenso.<\/p>\n<\/blockquote>\n<p><strong>Eros\u00a0<\/strong>interpreta lo sublime masculino a trav\u00e9s de un aura luminosa con una combinaci\u00f3n intensa, vibrante y brillante de hojas de menta fresca, ralladura de lim\u00f3n italiano y manzana verde. Una sensualidad adictiva acentuada por notas orientales, intrigantes y envolventes como frijoles tonka, \u00e1mbar amrboxano, flor de geranio y vainilla se funde con una virilidad picante simbolizada por maderas, como la madera de cedro de Atlas y Virginia, mientras que el vetiver y el musgo de roble proporcionan intensidad y potencia.<\/p>\n<p>&nbsp;<\/p>\n<h3>Notas Olfativas<\/h3>\n<div style=\"width: 1080px;\" class=\"wp-video\"><video class=\"wp-video-shortcode\" id=\"video-80629-1\" width=\"1080\" height=\"1350\" preload=\"metadata\" controls=\"controls\"><source type=\"video\/mp4\" src=\"https:\/\/brandss.com.py\/index\/wp-content\/uploads\/2025\/04\/EROS_HOMME_8s_4-5_noLOGO.mp4?_=1\" \/><a href=\"https:\/\/brandss.com.py\/index\/wp-content\/uploads\/2025\/04\/EROS_HOMME_8s_4-5_noLOGO.mp4\">https:\/\/brandss.com.py\/index\/wp-content\/uploads\/2025\/04\/EROS_HOMME_8s_4-5_noLOGO.mp4<\/a><\/video><\/div>\n<p>Eros Eau de Toilette desprende un aura cautivadora: sensual sobre la piel, tranquilizadoramente viril. Esta fragancia encarna al seductor triunfante y extravagante.<\/p>\n<p>Se obtiene un aura luminosa con un frescor intenso, vibrante y resplandeciente de la combinaci\u00f3n de hojas de menta,<br \/>\nlim\u00f3n italiano, ralladura de lim\u00f3n y manzana verde. C\u00e1scara de lim\u00f3n y manzana verde italianas.<\/p>\n<p>Las notas orientales, intrigantes y envolventes como las habas tonka, el ambrox\u00e1n (\u00e1mbar), la flor de geranio y la vainilla aportan una sensualidad adictiva.<\/p>\n<p>Una en\u00e9rgica virilidad simbolizada por maderas como el cedro de Atlas y Virginia, el vetiver y el musgo de roble, que proporcionan intensidad y potencia.<\/p>\n<div id=\"description\" class=\"collapse in product\">\n<div><\/div>\n<\/div>\n<div id=\"howTo\" class=\"collapse in product\">\n<p><strong>Notas de salida<\/strong>: Hojas de menta, manzana verde, ralladura de lim\u00f3n siciliano<\/p>\n<p><strong>Notas de<\/strong>\u00a0coraz\u00f3n: Haba tonka, Geranio, Ambroxan<\/p>\n<p><strong>Notas<\/strong>\u00a0de fondo: Vainilla, V\u00e9tiver, Musgo de roble, Cedro de Virginia, Cedro del Atlas<\/p>\n<\/div>\n","protected":false},"excerpt":{"rendered":"<p>EROS Es una fragancia para el hombre fuerte, apasionado y seguro de s\u00ed mismo. Eros interpreta lo sublime de la<\/p>\n","protected":false},"featured_media":80631,"comment_status":"open","ping_status":"closed","template":"","meta":{"nf_dc_page":""},"product_brand":[121],"product_cat":[84],"product_tag":[2053],"class_list":{"0":"post-80629","1":"product","2":"type-product","3":"status-publish","4":"has-post-thumbnail","6":"product_brand-versace","7":"product_cat-perfumeria","8":"product_tag-2053","10":"first","11":"outofstock","12":"shipping-taxable","13":"purchasable","14":"product-type-simple"},"_links":{"self":[{"href":"https:\/\/brandss.com.py\/index\/wp-json\/wp\/v2\/product\/80629","targetHints":{"allow":["GET"]}}],"collection":[{"href":"https:\/\/brandss.com.py\/index\/wp-json\/wp\/v2\/product"}],"about":[{"href":"https:\/\/brandss.com.py\/index\/wp-json\/wp\/v2\/types\/product"}],"replies":[{"embeddable":true,"href":"https:\/\/brandss.com.py\/index\/wp-json\/wp\/v2\/comments?post=80629"}],"version-history":[{"count":1,"href":"https:\/\/brandss.com.py\/index\/wp-json\/wp\/v2\/product\/80629\/revisions"}],"predecessor-version":[{"id":80636,"href":"https:\/\/brandss.com.py\/index\/wp-json\/wp\/v2\/product\/80629\/revisions\/80636"}],"wp:featuredmedia":[{"embeddable":true,"href":"https:\/\/brandss.com.py\/index\/wp-json\/wp\/v2\/media\/80631"}],"wp:attachment":[{"href":"https:\/\/brandss.com.py\/index\/wp-json\/wp\/v2\/media?parent=80629"}],"wp:term":[{"taxonomy":"product_brand","embeddable":true,"href":"https:\/\/brandss.com.py\/index\/wp-json\/wp\/v2\/product_brand?post=80629"},{"taxonomy":"product_cat","embeddable":true,"href":"https:\/\/brandss.com.py\/index\/wp-json\/wp\/v2\/product_cat?post=80629"},{"taxonomy":"product_tag","embeddable":true,"href":"https:\/\/brandss.com.py\/index\/wp-json\/wp\/v2\/product_tag?post=80629"}],"curies":[{"name":"wp","href":"https:\/\/api.w.org\/{rel}","templated":true}]}}