{"id":80643,"date":"2025-04-22T18:57:24","date_gmt":"2025-04-22T18:57:24","guid":{"rendered":"https:\/\/brandss.com.py\/index\/?post_type=product&#038;p=80643"},"modified":"2026-03-11T12:35:56","modified_gmt":"2026-03-11T12:35:56","slug":"perfume-masculino-versace-eros-parfum-100ml","status":"publish","type":"product","link":"https:\/\/brandss.com.py\/index\/producto\/perfume-masculino-versace-eros-parfum-100ml\/","title":{"rendered":"PERFUME MASCULINO VERSACE EROS PARFUM 100ML"},"content":{"rendered":"<p><img loading=\"lazy\" decoding=\"async\" class=\"\" src=\"https:\/\/1000logos.net\/wp-content\/uploads\/2017\/02\/Versace-Logosu.png\" alt=\"Versace logo and symbol, meaning, history, PNG, brand\" width=\"134\" height=\"75\" \/><\/p>\n<h1>EROS PARFUM<\/h1>\n<p>Eros Parfum es una fragancia seductora inspirada en el cl\u00e1sico dios griego del amor. Sus notas seguras y masculinas encarnan la sensualidad y el poder. La fragancia se presenta en un frasco azul transparente, adornado con una Medusa central, grabados de Greca y detalles dorados en el tap\u00f3n.<img loading=\"lazy\" decoding=\"async\" class=\"alignleft\" src=\"https:\/\/media.falabella.com\/falabellaCO\/72790872_6\/w=1500,h=1500,fit=pad\" width=\"564\" height=\"564\" \/><\/p>\n<p>Eros Parfum es una fragancia de contrastes. Las chispeantes notas c\u00edtricas de la mandarina y el lim\u00f3n, realzadas por la vigorizante c\u00e1scara de litsea cubeba, abren esta fragancia.<\/p>\n<p>Surge un coraz\u00f3n cautivador, donde se entrelazan elementos arom\u00e1ticos y orientales. Las m\u00edsticas notas amaderadas a\u00f1aden profundidad e intriga, creando una sensualidad adictiva. Los ingredientes interact\u00faan de una forma din\u00e1mica y cautivadora.<\/p>\n<p>Cada nota est\u00e1 bellamente realzada, culminando en una fragancia armoniosa e inolvidable.<\/p>\n<h3><\/h3>\n<h3>Notas Olfativas<\/h3>\n<p>&nbsp;<\/p>\n<p>El perfume Versace Eros es una fragancia de la familia olfativa \u00e1mbar foug\u00e8re para hombres.<\/p>\n<ul>\n<li><strong>Notas de salida:<\/strong> lim\u00f3n italiano, mandarina italiana, litsea cubeba, elemi, pimienta negra, orpur de Madagascar.<\/li>\n<li><strong>Notas de coraz\u00f3n:<\/strong> Pomarose, geranio egipcio, lavanda, salvia sclarea.<\/li>\n<li><strong>Notas de fondo:<\/strong> benju\u00ed cashmeran, pachul\u00ed Coeur Indonesia, vainilla, vetiver de Hait\u00ed.<\/li>\n<\/ul>\n","protected":false},"excerpt":{"rendered":"<p>EROS PARFUM Eros Parfum es una fragancia seductora inspirada en el cl\u00e1sico dios griego del amor. Sus notas seguras y<\/p>\n","protected":false},"featured_media":80648,"comment_status":"open","ping_status":"closed","template":"","meta":{"nf_dc_page":""},"product_brand":[121],"product_cat":[84],"product_tag":[2054],"class_list":{"0":"post-80643","1":"product","2":"type-product","3":"status-publish","4":"has-post-thumbnail","6":"product_brand-versace","7":"product_cat-perfumeria","8":"product_tag-2054","10":"first","11":"outofstock","12":"shipping-taxable","13":"purchasable","14":"product-type-simple"},"_links":{"self":[{"href":"https:\/\/brandss.com.py\/index\/wp-json\/wp\/v2\/product\/80643","targetHints":{"allow":["GET"]}}],"collection":[{"href":"https:\/\/brandss.com.py\/index\/wp-json\/wp\/v2\/product"}],"about":[{"href":"https:\/\/brandss.com.py\/index\/wp-json\/wp\/v2\/types\/product"}],"replies":[{"embeddable":true,"href":"https:\/\/brandss.com.py\/index\/wp-json\/wp\/v2\/comments?post=80643"}],"version-history":[{"count":1,"href":"https:\/\/brandss.com.py\/index\/wp-json\/wp\/v2\/product\/80643\/revisions"}],"predecessor-version":[{"id":80652,"href":"https:\/\/brandss.com.py\/index\/wp-json\/wp\/v2\/product\/80643\/revisions\/80652"}],"wp:featuredmedia":[{"embeddable":true,"href":"https:\/\/brandss.com.py\/index\/wp-json\/wp\/v2\/media\/80648"}],"wp:attachment":[{"href":"https:\/\/brandss.com.py\/index\/wp-json\/wp\/v2\/media?parent=80643"}],"wp:term":[{"taxonomy":"product_brand","embeddable":true,"href":"https:\/\/brandss.com.py\/index\/wp-json\/wp\/v2\/product_brand?post=80643"},{"taxonomy":"product_cat","embeddable":true,"href":"https:\/\/brandss.com.py\/index\/wp-json\/wp\/v2\/product_cat?post=80643"},{"taxonomy":"product_tag","embeddable":true,"href":"https:\/\/brandss.com.py\/index\/wp-json\/wp\/v2\/product_tag?post=80643"}],"curies":[{"name":"wp","href":"https:\/\/api.w.org\/{rel}","templated":true}]}}