{"id":80653,"date":"2025-04-22T19:17:37","date_gmt":"2025-04-22T19:17:37","guid":{"rendered":"https:\/\/brandss.com.py\/index\/?post_type=product&#038;p=80653"},"modified":"2026-05-04T12:40:10","modified_gmt":"2026-05-04T12:40:10","slug":"perfume-masculino-paco-rabanne-1-million-elixir-parfum-intense-100ml","status":"publish","type":"product","link":"https:\/\/brandss.com.py\/index\/producto\/perfume-masculino-paco-rabanne-1-million-elixir-parfum-intense-100ml\/","title":{"rendered":"PERFUME MASCULINO PACO RABANNE 1 MILLION ELIXIR PARFUM INTENSE 100ML"},"content":{"rendered":"<p><img loading=\"lazy\" decoding=\"async\" class=\"\" src=\"https:\/\/cdn.freebiesupply.com\/logos\/large\/2x\/paco-rabanne-1-logo-png-transparent.png\" alt=\"Paco Rabanne Logo PNG Transparent &amp; SVG Vector - Freebie Supply\" width=\"89\" height=\"89\" \/><\/p>\n<h1>1 MILLION ELIXIR PARFUM INTENSE<\/h1>\n<p>Descubra el nuevo 1 Million Elixir, la m\u00e1xima expresi\u00f3n de intensidad de Million, una nueva fragancia guiada por el deseo de conseguir una calidad extraordinaria.<\/p>\n<p>El ic\u00f3nico lingote de oro de 1 Million se presenta ahora en una versi\u00f3n atrevida, distinguida y sofisticada. Una joya artesanal que refleja las diferentes facetas de la fragancia. El s\u00edmbolo de una nueva fuerza: s\u00f3lido, intenso y enigm\u00e1tico. One Million Elixir, la m\u00e1xima expresi\u00f3n de intensidad de Million, la nueva fragancia de Paco Rabanne guiada por el deseo de conseguir una calidad extraordinaria, para vivir apasionadamente.<\/p>\n<p>Sus ingredientes cuidadosamente seleccionados, la rosa de Damasco, el osmanthus y las habas tonkas salvajes, hacen destacar esta composici\u00f3n magistral por la calidad inigualable de sus materias primas. Profundamente sensuales, la nota licorosa de davana vibra con la fuerza de la suave madera y las semillas de vainilla negra. La sensualidad suprema se combina con la energ\u00eda del duradero absoluto de vainilla.<\/p>\n","protected":false},"excerpt":{"rendered":"<p>1 MILLION ELIXIR PARFUM INTENSE Descubra el nuevo 1 Million Elixir, la m\u00e1xima expresi\u00f3n de intensidad de Million, una nueva<\/p>\n","protected":false},"featured_media":80654,"comment_status":"open","ping_status":"closed","template":"","meta":{"nf_dc_page":""},"product_brand":[126],"product_cat":[84],"product_tag":[1260],"class_list":{"0":"post-80653","1":"product","2":"type-product","3":"status-publish","4":"has-post-thumbnail","6":"product_brand-paco-rabanne","7":"product_cat-perfumeria","8":"product_tag-1260","10":"first","11":"instock","12":"sale","13":"shipping-taxable","14":"purchasable","15":"product-type-simple"},"_links":{"self":[{"href":"https:\/\/brandss.com.py\/index\/wp-json\/wp\/v2\/product\/80653","targetHints":{"allow":["GET"]}}],"collection":[{"href":"https:\/\/brandss.com.py\/index\/wp-json\/wp\/v2\/product"}],"about":[{"href":"https:\/\/brandss.com.py\/index\/wp-json\/wp\/v2\/types\/product"}],"replies":[{"embeddable":true,"href":"https:\/\/brandss.com.py\/index\/wp-json\/wp\/v2\/comments?post=80653"}],"version-history":[{"count":1,"href":"https:\/\/brandss.com.py\/index\/wp-json\/wp\/v2\/product\/80653\/revisions"}],"predecessor-version":[{"id":80659,"href":"https:\/\/brandss.com.py\/index\/wp-json\/wp\/v2\/product\/80653\/revisions\/80659"}],"wp:featuredmedia":[{"embeddable":true,"href":"https:\/\/brandss.com.py\/index\/wp-json\/wp\/v2\/media\/80654"}],"wp:attachment":[{"href":"https:\/\/brandss.com.py\/index\/wp-json\/wp\/v2\/media?parent=80653"}],"wp:term":[{"taxonomy":"product_brand","embeddable":true,"href":"https:\/\/brandss.com.py\/index\/wp-json\/wp\/v2\/product_brand?post=80653"},{"taxonomy":"product_cat","embeddable":true,"href":"https:\/\/brandss.com.py\/index\/wp-json\/wp\/v2\/product_cat?post=80653"},{"taxonomy":"product_tag","embeddable":true,"href":"https:\/\/brandss.com.py\/index\/wp-json\/wp\/v2\/product_tag?post=80653"}],"curies":[{"name":"wp","href":"https:\/\/api.w.org\/{rel}","templated":true}]}}