{"id":80660,"date":"2025-04-23T12:43:17","date_gmt":"2025-04-23T12:43:17","guid":{"rendered":"https:\/\/brandss.com.py\/index\/?post_type=product&#038;p=80660"},"modified":"2025-05-10T13:38:21","modified_gmt":"2025-05-10T13:38:21","slug":"perfume-femenino-brand-collection-dream-n-314-lv-on-the-beach-edp-25ml","status":"publish","type":"product","link":"https:\/\/brandss.com.py\/index\/producto\/perfume-femenino-brand-collection-dream-n-314-lv-on-the-beach-edp-25ml\/","title":{"rendered":"PERFUME FEMENINO BRAND COLLECTION DREAM N\u00b0 314 LV ON THE BEACH EDP 25ML"},"content":{"rendered":"<p><img loading=\"lazy\" decoding=\"async\" class=\"\" src=\"https:\/\/brandcollectionperfume.com\/cdn\/shop\/files\/Untitled_design_1.png?v=1687781756&amp;width=600\" alt=\"YouSmellSoGood\" width=\"126\" height=\"71\" \/><\/p>\n<h1>DREAM N\u00b0 314 LV ON THE BEACH<\/h1>\n<p><span>Es una celebraci\u00f3n olfativa del esplendor de una puesta de sol junto al mar. Imag\u00ednate en una playa tranquila, donde el sol se pone suavemente en el horizonte, pintando el cielo con tonos naranjas y dorados. Es exactamente esta atm\u00f3sfera la que este perfume busca capturar y transmitir a trav\u00e9s de sus notas meticulosamente seleccionadas.<\/span><\/p>\n<p><span>Desde el momento en que aplicas<\/span><span>, te transportas a un entorno id\u00edlico, donde cada nota juega un papel crucial en la narrativa sensorial. La mandarina, presente en las notas de salida, irradia una energ\u00eda vibrante y efervescente, como los \u00faltimos rayos de sol bailando sobre las olas del mar. Esta mandarina es la estrella que gu\u00eda nuestros sentidos a un estado de alegr\u00eda y ligereza, preludio perfecto de lo que est\u00e1 por venir.<\/span><\/p>\n<p><span>A medida que se desarrolla el aroma, la dulzura jugosa de la pera emerge delicadamente, agregando una capa de frescura afrutada que recuerda la sensaci\u00f3n de morder una fruta madura en un c\u00e1lido d\u00eda de verano. Es un momento de pura indulgencia sensorial, donde cada inhalaci\u00f3n revela nuevas facetas de esta experiencia olfativa \u00fanica.<\/span><\/p>\n<p><span>Luego llegamos a las notas de coraz\u00f3n y de fondo, donde la ambreta y el benju\u00ed juegan un papel crucial. Ambrette aporta una profundidad et\u00e9rea, como si capturara el crep\u00fasculo en una botella, mientras que el benju\u00ed, con su suavidad bals\u00e1mica y su ligero toque de vainilla, envuelve la piel como un abrazo reconfortante. Es como si el perfume se transformara en un suave velo que se funde con la calidez de la piel, creando una sensaci\u00f3n de intimidad y bienestar.<\/span><\/p>\n<p>314 LV On The Beach<span> es m\u00e1s que una fragancia; es una experiencia sensorial completa. Cada elemento ha sido cuidadosamente elegido para evocar no s\u00f3lo el aroma del verano y los atardeceres, sino tambi\u00e9n las emociones y recuerdos que estos preciosos momentos pueden inspirar. Es la esencia de un d\u00eda perfecto en la playa, capturada en una elegante botella.<\/span><\/p>\n<p><span>A lo largo del d\u00eda, a medida que el perfume se despliega sobre tu piel, descubres nuevos matices y facetas que antes estaban ocultas, como peque\u00f1os tesoros esperando a ser descubiertos. Es un viaje olfativo que se adapta a tu ritmo, evocando recuerdos de paseos junto al mar, risas bajo el sol y la serenidad del crep\u00fasculo.<\/span><\/p>\n<p><span>As\u00ed que cada vez que usas<\/span> 314 LV On The Beach<span>, no solo aplicas una fragancia refinada, sino que tambi\u00e9n te conectas con una historia de belleza natural y momentos preciosos. Es la celebraci\u00f3n de la sencillez y la sofisticaci\u00f3n, encapsulada en cada gota de este perfume que te transporta al momento m\u00e1gico en el que el sol se despide, pintando el cielo con colores inolvidables.<\/span><\/p>\n<p>&nbsp;<\/p>\n<h3>Notas Olfativas<\/h3>\n<p>&nbsp;<\/p>\n<p>314 LV On The Beach<span>\u00a0y d\u00e9jate llevar por la magia de un atardecer junto al mar, donde cada aroma es un suave recordatorio de la belleza ef\u00edmera y eterna que nos rodea. Esto no es s\u00f3lo un perfume; Es una experiencia sensorial que eleva el esp\u00edritu y despierta los sentidos a la maravilla del mundo que nos rodea.<\/span><\/p>\n<p>&nbsp;<\/p>\n<p><strong><span>Notas de salida:\u00a0<\/span><\/strong><span> mandarina y almizcle.<\/span><br \/>\n<strong><span>Notas de coraz\u00f3n:\u00a0<\/span><\/strong><span> Pera.<\/span><br \/>\n<strong><span>Notas de fondo:\u00a0<\/span><\/strong><span>\u00a0Ambreta y benju\u00ed.<\/span><\/p>\n","protected":false},"excerpt":{"rendered":"<p>DREAM N\u00b0 314 LV ON THE BEACH Es una celebraci\u00f3n olfativa del esplendor de una puesta de sol junto al<\/p>\n","protected":false},"featured_media":80661,"comment_status":"open","ping_status":"closed","template":"","meta":{"nf_dc_page":""},"product_brand":[],"product_cat":[84],"product_tag":[],"class_list":{"0":"post-80660","1":"product","2":"type-product","3":"status-publish","4":"has-post-thumbnail","6":"product_cat-perfumeria","8":"first","9":"instock","10":"shipping-taxable","11":"purchasable","12":"product-type-simple"},"_links":{"self":[{"href":"https:\/\/brandss.com.py\/index\/wp-json\/wp\/v2\/product\/80660","targetHints":{"allow":["GET"]}}],"collection":[{"href":"https:\/\/brandss.com.py\/index\/wp-json\/wp\/v2\/product"}],"about":[{"href":"https:\/\/brandss.com.py\/index\/wp-json\/wp\/v2\/types\/product"}],"replies":[{"embeddable":true,"href":"https:\/\/brandss.com.py\/index\/wp-json\/wp\/v2\/comments?post=80660"}],"version-history":[{"count":1,"href":"https:\/\/brandss.com.py\/index\/wp-json\/wp\/v2\/product\/80660\/revisions"}],"predecessor-version":[{"id":80666,"href":"https:\/\/brandss.com.py\/index\/wp-json\/wp\/v2\/product\/80660\/revisions\/80666"}],"wp:featuredmedia":[{"embeddable":true,"href":"https:\/\/brandss.com.py\/index\/wp-json\/wp\/v2\/media\/80661"}],"wp:attachment":[{"href":"https:\/\/brandss.com.py\/index\/wp-json\/wp\/v2\/media?parent=80660"}],"wp:term":[{"taxonomy":"product_brand","embeddable":true,"href":"https:\/\/brandss.com.py\/index\/wp-json\/wp\/v2\/product_brand?post=80660"},{"taxonomy":"product_cat","embeddable":true,"href":"https:\/\/brandss.com.py\/index\/wp-json\/wp\/v2\/product_cat?post=80660"},{"taxonomy":"product_tag","embeddable":true,"href":"https:\/\/brandss.com.py\/index\/wp-json\/wp\/v2\/product_tag?post=80660"}],"curies":[{"name":"wp","href":"https:\/\/api.w.org\/{rel}","templated":true}]}}