{"id":80667,"date":"2025-04-23T13:26:48","date_gmt":"2025-04-23T13:26:48","guid":{"rendered":"https:\/\/brandss.com.py\/index\/?post_type=product&#038;p=80667"},"modified":"2026-03-28T16:23:22","modified_gmt":"2026-03-28T16:23:22","slug":"perfume-unisex-lattafa-raed-gold-edp-100ml","status":"publish","type":"product","link":"https:\/\/brandss.com.py\/index\/producto\/perfume-unisex-lattafa-raed-gold-edp-100ml\/","title":{"rendered":"PERFUME UNISEX LATTAFA RAED GOLD LUXE EDP 100ML"},"content":{"rendered":"<p><img loading=\"lazy\" decoding=\"async\" class=\"\" src=\"https:\/\/myscentjourney.s3.us-east-2.amazonaws.com\/2022\/02\/14\/29KIascent_j_marca_1644871114_202.png\" alt=\"MSJ::LATTAFA\" width=\"224\" height=\"265\" \/><\/p>\n<h1>RAED GOLD<\/h1>\n<p class=\"\" data-start=\"246\" data-end=\"271\"><strong data-start=\"246\" data-end=\"271\">C\u00f3digo: 6291107456065<\/strong><\/p>\n<p class=\"\" data-start=\"273\" data-end=\"656\"><strong data-start=\"273\" data-end=\"287\">Ra\u2019ed Luxe<\/strong> de <strong data-start=\"291\" data-end=\"302\">Lattafa<\/strong> es una fragancia moderna, chispeante y elegante que equilibra a la perfecci\u00f3n la <strong data-start=\"384\" data-end=\"440\">frescura vibrante con una calidez suave y envolvente<\/strong>. Aunque su car\u00e1cter principal es masculino, su perfil vers\u00e1til y contempor\u00e1neo lo convierte tambi\u00e9n en una excelente elecci\u00f3n para mujeres que buscan perfumes frescos con un toque distintivamente c\u00e1lido y especiado.<\/p>\n<p class=\"\" data-start=\"658\" data-end=\"1025\">Desde el primer instante, <strong data-start=\"684\" data-end=\"698\">Ra\u2019ed Luxe<\/strong> se presenta con una apertura refrescante y luminosa gracias a las notas afrutadas de <strong data-start=\"784\" data-end=\"792\">pi\u00f1a<\/strong> y <strong data-start=\"795\" data-end=\"805\">sand\u00eda<\/strong>, acompa\u00f1adas por la elegancia sutil del <strong data-start=\"846\" data-end=\"856\">jazm\u00edn<\/strong> y la frescura verde del <strong data-start=\"881\" data-end=\"903\">enebro de Virginia<\/strong>. Esta combinaci\u00f3n crea una salida revitalizante que marca el inicio de una experiencia olfativa energ\u00e9tica y sofisticada.<\/p>\n<p class=\"\" data-start=\"1027\" data-end=\"1395\">En su coraz\u00f3n, la fragancia se vuelve m\u00e1s arom\u00e1tica y especiada con la <strong data-start=\"1098\" data-end=\"1109\">lavanda<\/strong>, la <strong data-start=\"1114\" data-end=\"1124\">salvia<\/strong>, las <strong data-start=\"1130\" data-end=\"1148\">notas herbales<\/strong> y un toque c\u00e1lido de <strong data-start=\"1170\" data-end=\"1180\">canela<\/strong>, aportando profundidad y car\u00e1cter al perfume. Es una transici\u00f3n perfecta que equilibra lo fresco con lo amaderado y especiado, ideal para quienes buscan una fragancia que evolucione de forma elegante sobre la piel.<\/p>\n<p class=\"\" data-start=\"1397\" data-end=\"1753\">Finalmente, en las notas de fondo, <strong data-start=\"1432\" data-end=\"1446\">Ra\u2019ed Luxe<\/strong> se asienta con una mezcla inusual y magn\u00e9tica de <strong data-start=\"1496\" data-end=\"1505\">hielo<\/strong>, <strong data-start=\"1507\" data-end=\"1518\">vetiver<\/strong>, <strong data-start=\"1520\" data-end=\"1529\">\u00e1mbar<\/strong>, <strong data-start=\"1531\" data-end=\"1540\">fresa<\/strong> y <strong data-start=\"1543\" data-end=\"1555\">vainilla<\/strong>, aportando una base cremosa, ligeramente dulce y con un toque fr\u00edo muy original. Este contraste entre el dulzor y la frescura helada hace que la fragancia destaque por su originalidad y modernidad.<\/p>\n<h3 class=\"\" data-start=\"1755\" data-end=\"1779\"><strong data-start=\"1759\" data-end=\"1778\">Notas Olfativas<\/strong>:<\/h3>\n<ul data-start=\"1780\" data-end=\"1972\">\n<li class=\"\" data-start=\"1780\" data-end=\"1845\">\n<p class=\"\" data-start=\"1782\" data-end=\"1845\"><strong data-start=\"1782\" data-end=\"1802\">Notas de salida:<\/strong> enebro de Virginia, pi\u00f1a, sand\u00eda, jazm\u00edn<\/p>\n<\/li>\n<li class=\"\" data-start=\"1846\" data-end=\"1911\">\n<p class=\"\" data-start=\"1848\" data-end=\"1911\"><strong data-start=\"1848\" data-end=\"1869\">Notas de coraz\u00f3n:<\/strong> lavanda, salvia, notas herbales, canela<\/p>\n<\/li>\n<li class=\"\" data-start=\"1912\" data-end=\"1972\">\n<p class=\"\" data-start=\"1914\" data-end=\"1972\"><strong data-start=\"1914\" data-end=\"1933\">Notas de fondo:<\/strong> hielo, vetiver, \u00e1mbar, fresa, vainilla<\/p>\n<\/li>\n<\/ul>\n<h3 class=\"\" data-start=\"1974\" data-end=\"2004\"><strong data-start=\"1978\" data-end=\"2003\">Detalles del producto<\/strong>:<\/h3>\n<ul data-start=\"2005\" data-end=\"2184\">\n<li class=\"\" data-start=\"2005\" data-end=\"2027\">\n<p class=\"\" data-start=\"2007\" data-end=\"2027\"><strong data-start=\"2007\" data-end=\"2017\">Marca:<\/strong> Lattafa<\/p>\n<\/li>\n<li class=\"\" data-start=\"2028\" data-end=\"2055\">\n<p class=\"\" data-start=\"2030\" data-end=\"2055\"><strong data-start=\"2030\" data-end=\"2042\">Edici\u00f3n:<\/strong> Ra\u2019ed Luxe<\/p>\n<\/li>\n<li class=\"\" data-start=\"2056\" data-end=\"2083\">\n<p class=\"\" data-start=\"2058\" data-end=\"2083\"><strong data-start=\"2058\" data-end=\"2067\">Tipo:<\/strong> Eau de Parfum<\/p>\n<\/li>\n<li class=\"\" data-start=\"2084\" data-end=\"2116\">\n<p class=\"\" data-start=\"2086\" data-end=\"2116\"><strong data-start=\"2086\" data-end=\"2097\">G\u00e9nero:<\/strong> Masculino\/Unisex<\/p>\n<\/li>\n<li class=\"\" data-start=\"2117\" data-end=\"2142\">\n<p class=\"\" data-start=\"2119\" data-end=\"2142\"><strong data-start=\"2119\" data-end=\"2133\">Contenido:<\/strong> 100 ml<\/p>\n<\/li>\n<li class=\"\" data-start=\"2143\" data-end=\"2184\">\n<p class=\"\" data-start=\"2145\" data-end=\"2184\"><strong data-start=\"2145\" data-end=\"2168\">C\u00f3digo de producto:<\/strong> 6291107456065<\/p>\n<\/li>\n<\/ul>\n<p class=\"\" data-start=\"2186\" data-end=\"2431\"><strong data-start=\"2186\" data-end=\"2200\">Ra\u2019ed Luxe<\/strong> es una opci\u00f3n perfecta para quienes buscan una fragancia moderna, juvenil y equilibrada entre lo fresco y lo dulce, ideal para el uso diario o para ocasiones especiales donde se quiere destacar con un aroma diferente y cautivador.<\/p>\n<p>&nbsp;<\/p>\n","protected":false},"excerpt":{"rendered":"<p>RAED GOLD C\u00f3digo: 6291107456065 Ra\u2019ed Luxe de Lattafa es una fragancia moderna, chispeante y elegante que equilibra a la perfecci\u00f3n<\/p>\n","protected":false},"featured_media":80670,"comment_status":"open","ping_status":"closed","template":"","meta":{"nf_dc_page":""},"product_brand":[109],"product_cat":[84],"product_tag":[679],"class_list":{"0":"post-80667","1":"product","2":"type-product","3":"status-publish","4":"has-post-thumbnail","6":"product_brand-lattafa","7":"product_cat-perfumeria","8":"product_tag-679","10":"first","11":"instock","12":"sale","13":"shipping-taxable","14":"purchasable","15":"product-type-simple"},"_links":{"self":[{"href":"https:\/\/brandss.com.py\/index\/wp-json\/wp\/v2\/product\/80667","targetHints":{"allow":["GET"]}}],"collection":[{"href":"https:\/\/brandss.com.py\/index\/wp-json\/wp\/v2\/product"}],"about":[{"href":"https:\/\/brandss.com.py\/index\/wp-json\/wp\/v2\/types\/product"}],"replies":[{"embeddable":true,"href":"https:\/\/brandss.com.py\/index\/wp-json\/wp\/v2\/comments?post=80667"}],"version-history":[{"count":3,"href":"https:\/\/brandss.com.py\/index\/wp-json\/wp\/v2\/product\/80667\/revisions"}],"predecessor-version":[{"id":87806,"href":"https:\/\/brandss.com.py\/index\/wp-json\/wp\/v2\/product\/80667\/revisions\/87806"}],"wp:featuredmedia":[{"embeddable":true,"href":"https:\/\/brandss.com.py\/index\/wp-json\/wp\/v2\/media\/80670"}],"wp:attachment":[{"href":"https:\/\/brandss.com.py\/index\/wp-json\/wp\/v2\/media?parent=80667"}],"wp:term":[{"taxonomy":"product_brand","embeddable":true,"href":"https:\/\/brandss.com.py\/index\/wp-json\/wp\/v2\/product_brand?post=80667"},{"taxonomy":"product_cat","embeddable":true,"href":"https:\/\/brandss.com.py\/index\/wp-json\/wp\/v2\/product_cat?post=80667"},{"taxonomy":"product_tag","embeddable":true,"href":"https:\/\/brandss.com.py\/index\/wp-json\/wp\/v2\/product_tag?post=80667"}],"curies":[{"name":"wp","href":"https:\/\/api.w.org\/{rel}","templated":true}]}}