{"id":80668,"date":"2025-04-23T13:31:56","date_gmt":"2025-04-23T13:31:56","guid":{"rendered":"https:\/\/brandss.com.py\/index\/?post_type=product&#038;p=80668"},"modified":"2025-08-23T18:32:19","modified_gmt":"2025-08-23T18:32:19","slug":"perfume-femenino-brand-collection-dream-n-316-scandal-gold-edp-25ml","status":"publish","type":"product","link":"https:\/\/brandss.com.py\/index\/producto\/perfume-femenino-brand-collection-dream-n-316-scandal-gold-edp-25ml\/","title":{"rendered":"PERFUME FEMENINO BRAND COLLECTION DREAM N\u00b0 316 SCANDAL GOLD EDP 25ML"},"content":{"rendered":"<p><img loading=\"lazy\" decoding=\"async\" class=\"\" src=\"https:\/\/brandcollectionperfume.com\/cdn\/shop\/files\/Untitled_design_1.png?v=1687781756&amp;width=500\" alt=\"Terms of Service \u2013 YouSmellSoGood\" width=\"153\" height=\"86\" \/><\/p>\n<h1>DREAM N\u00b0 316 SCANDAL GOLD<\/h1>\n<p><span>Es una fragancia que hace una declaraci\u00f3n audaz y llamativa. Un <\/span>perfume chipre femenino, creado para dominar los sentidos y dejar una impresi\u00f3n que nunca se olvidar\u00e1. Su m\u00e1xima intensidad y capacidad para transformar cualquier ambiente lo convierten en una opci\u00f3n irresistible para las mujeres que quieren destacar, derrochar poder y encarnar la elegancia de forma audaz.\u00a0Scandal Gold\u00a0es una aut\u00e9ntica explosi\u00f3n de elegancia parisina, envuelta en\u00a0oro\u00a0y\u00a0lujo<span>, creando una experiencia sensorial cautivadora e inconfundible.<\/span><\/p>\n<p><span>El packaging de <\/span>316 Scandal Gold 25ml\u00a0ya refleja la intensidad de la fragancia. La botella recubierta de oro y acompa\u00f1ada de detalles brillantes es una aut\u00e9ntica obra de arte, que llama la atenci\u00f3n al instante. Su presencia es grandiosa, reflejando el car\u00e1cter imponente de la fragancia que contiene.\u00a0Scandal Gold<span>\u00a0es como el sol que brilla en la noche: dif\u00edcil de ignorar e imposible de olvidar.<\/span><\/p>\n<p><span>Al aplicar<\/span><span>, la primera impresi\u00f3n es un toque de dulzura envuelto en especias intensas. Las notas de salida de <\/span>miel,\u00a0azafr\u00e1n\u00a0y\u00a0cardamomo<span>\u00a0crean una apertura dulce y c\u00e1lida que cautiva r\u00e1pidamente los sentidos. La mezcla de miel y especias a\u00f1ade una complejidad fascinante a la fragancia, preparando el escenario para un desarrollo m\u00e1s profundo y envolvente.<\/span><\/p>\n<p><span>En el coraz\u00f3n<\/span><span>\u00a0la fragancia revela una combinaci\u00f3n de notas florales y ex\u00f3ticas. El aceite\u00a0<\/span>de nagarmota\u00a0o\u00a0cipriol\u00a0,\u00a0la rosa\u00a0y\u00a0el jazm\u00edn sambac<span>\u00a0se entrelazan con una armon\u00eda intensa y seductora. El toque ex\u00f3tico del cipriol a\u00f1ade una profundidad \u00fanica a la fragancia, mientras que la rosa y el jazm\u00edn sambac, con su elegancia y sofisticaci\u00f3n, equilibran la audacia de la composici\u00f3n. Juntas, estas notas crean un coraz\u00f3n floral poderoso e irresistible que es a la vez delicado y fuerte.<\/span><\/p>\n<p><span>La base<\/span><span>\u00a0es donde la fragancia gana su permanencia y profundidad.\u00a0<\/span>S\u00e1ndalo,\u00a0cuero\u00a0y\u00a0pachul\u00ed\u00a0son las notas que terminan la composici\u00f3n, proporcionando una base amaderada y terrosa que se funde con el cuero para crear una sensaci\u00f3n de\u00a0lujo\u00a0y\u00a0sofisticaci\u00f3n. Estas notas intensas aseguran que la fragancia permanezca contigo durante todo el d\u00eda, dejando una\u00a0impresi\u00f3n memorable.<\/p>\n<p><span>Para aprovechar al m\u00e1ximo la experiencia de <\/span>316 Scandal Gold<span>, se recomienda aplicarlo en las zonas con mayor circulaci\u00f3n sangu\u00ednea, como las mu\u00f1ecas, detr\u00e1s de las orejas y en la nuca. Estas zonas intensifican la proyecci\u00f3n de la fragancia y ayudan a mantener la experiencia olfativa durante todo el d\u00eda, permitiendo que la fragancia evolucione de forma natural.<\/span><\/p>\n<h3>Notas Olfativas<\/h3>\n<p>316 Scandal Gold\u00a0es la elecci\u00f3n perfecta para la mujer atrevida, que no tiene miedo de hacerse notar y causar impacto. Con una composici\u00f3n intensa y cautivadora, esta fragancia es un verdadero esc\u00e1ndalo de\u00a0oro\u00a0y poder. Cuando eliges\u00a0Scandal Gold, no eliges solo un perfume, sino un\u00a0s\u00edmbolo de audacia, que hace sentir su presencia y conquista corazones.\u00a0316 Scandal Gold<span>\u00a0es la fragancia para mujeres que quieren dejar una huella de lujo y elegancia donde quiera que vayan.<\/span><\/p>\n<p>&nbsp;<\/p>\n<p><strong><span>Notas de salida:<\/span><\/strong><span> Azafr\u00e1n, miel y cardamomo.\u00a0<\/span><\/p>\n<p><strong><span>Notas de coraz\u00f3n:<\/span><\/strong><span> Aceite de Nagarmota o Cipriol, Rosa y Jazm\u00edn Sambac.<\/span><\/p>\n<p><strong><span>Notas de fondo:<\/span><\/strong><span>\u00a0S\u00e1ndalo, cuero y pachul\u00ed.<\/span><\/p>\n","protected":false},"excerpt":{"rendered":"<p>DREAM N\u00b0 316 SCANDAL GOLD Es una fragancia que hace una declaraci\u00f3n audaz y llamativa. Un perfume chipre femenino, creado<\/p>\n","protected":false},"featured_media":80675,"comment_status":"open","ping_status":"closed","template":"","meta":{"nf_dc_page":""},"product_brand":[],"product_cat":[84],"product_tag":[],"class_list":{"0":"post-80668","1":"product","2":"type-product","3":"status-publish","4":"has-post-thumbnail","6":"product_cat-perfumeria","8":"first","9":"outofstock","10":"shipping-taxable","11":"purchasable","12":"product-type-simple"},"_links":{"self":[{"href":"https:\/\/brandss.com.py\/index\/wp-json\/wp\/v2\/product\/80668","targetHints":{"allow":["GET"]}}],"collection":[{"href":"https:\/\/brandss.com.py\/index\/wp-json\/wp\/v2\/product"}],"about":[{"href":"https:\/\/brandss.com.py\/index\/wp-json\/wp\/v2\/types\/product"}],"replies":[{"embeddable":true,"href":"https:\/\/brandss.com.py\/index\/wp-json\/wp\/v2\/comments?post=80668"}],"version-history":[{"count":1,"href":"https:\/\/brandss.com.py\/index\/wp-json\/wp\/v2\/product\/80668\/revisions"}],"predecessor-version":[{"id":80680,"href":"https:\/\/brandss.com.py\/index\/wp-json\/wp\/v2\/product\/80668\/revisions\/80680"}],"wp:featuredmedia":[{"embeddable":true,"href":"https:\/\/brandss.com.py\/index\/wp-json\/wp\/v2\/media\/80675"}],"wp:attachment":[{"href":"https:\/\/brandss.com.py\/index\/wp-json\/wp\/v2\/media?parent=80668"}],"wp:term":[{"taxonomy":"product_brand","embeddable":true,"href":"https:\/\/brandss.com.py\/index\/wp-json\/wp\/v2\/product_brand?post=80668"},{"taxonomy":"product_cat","embeddable":true,"href":"https:\/\/brandss.com.py\/index\/wp-json\/wp\/v2\/product_cat?post=80668"},{"taxonomy":"product_tag","embeddable":true,"href":"https:\/\/brandss.com.py\/index\/wp-json\/wp\/v2\/product_tag?post=80668"}],"curies":[{"name":"wp","href":"https:\/\/api.w.org\/{rel}","templated":true}]}}