{"id":80687,"date":"2025-04-23T14:08:23","date_gmt":"2025-04-23T14:08:23","guid":{"rendered":"https:\/\/brandss.com.py\/index\/?post_type=product&#038;p=80687"},"modified":"2025-08-23T12:34:52","modified_gmt":"2025-08-23T12:34:52","slug":"perfume-femenino-brand-collection-n-009-212vip-edp-25ml","status":"publish","type":"product","link":"https:\/\/brandss.com.py\/index\/producto\/perfume-femenino-brand-collection-n-009-212vip-edp-25ml\/","title":{"rendered":"PERFUME FEMENINO BRAND COLLECTION N\u00b0 009 (212VIP) EDP  25ML"},"content":{"rendered":"<p><img loading=\"lazy\" decoding=\"async\" class=\"\" src=\"https:\/\/brandcollectionperfume.com\/cdn\/shop\/files\/Untitled_design_1.png?v=1687781756&amp;width=600\" alt=\"YouSmellSoGood\" width=\"353\" height=\"199\" \/><\/p>\n<h1 data-start=\"328\" data-end=\"378\"><strong data-start=\"328\" data-end=\"378\">Inspirado en: 212 VIP Ros\u00e9 de Carolina Herrera<\/strong><\/h1>\n<p class=\"\" data-start=\"380\" data-end=\"708\"><strong data-start=\"380\" data-end=\"424\">Dream Brand Collection No.009 \u2013 VIP Lady<\/strong> es una fragancia femenina glamorosa y moderna, <strong data-start=\"472\" data-end=\"532\">inspirada en el ic\u00f3nico 212 VIP Ros\u00e9 de Carolina Herrera<\/strong>. Este contratipo de alta calidad captura la esencia sofisticada y festiva del original, ideal para mujeres con esp\u00edritu libre, elegancia natural y una fuerte presencia social.<\/p>\n<p class=\"\" data-start=\"710\" data-end=\"1038\">Con su presentaci\u00f3n <strong data-start=\"730\" data-end=\"754\">Travel Size de 25 ml<\/strong>, este perfume es perfecto para llevarlo siempre con vos: en la cartera, en un viaje o simplemente para tenerlo a mano en tu d\u00eda a d\u00eda. Su frasco dorado, moderno y elegante, rinde homenaje al dise\u00f1o de lujo del perfume original, convirti\u00e9ndolo en una aut\u00e9ntica miniatura de colecci\u00f3n.<\/p>\n<p class=\"\" data-start=\"1040\" data-end=\"1354\">La fragancia abre con notas chispeantes y afrutadas, que pronto dan paso a un coraz\u00f3n floral elegante, sobre una base suave, sensual y ligeramente amaderada. El resultado es un perfume equilibrado, femenino y sofisticado, ideal para acompa\u00f1arte en eventos especiales o simplemente para sentirte VIP todos los d\u00edas.<\/p>\n<h3 class=\"\" data-start=\"1356\" data-end=\"1387\">Caracter\u00edsticas destacadas:<\/h3>\n<ul data-start=\"1388\" data-end=\"1758\">\n<li class=\"\" data-start=\"1388\" data-end=\"1442\">\n<p class=\"\" data-start=\"1390\" data-end=\"1442\"><strong data-start=\"1390\" data-end=\"1407\">Inspirado en:<\/strong> 212 VIP Ros\u00e9 de Carolina Herrera<\/p>\n<\/li>\n<li class=\"\" data-start=\"1443\" data-end=\"1498\">\n<p class=\"\" data-start=\"1445\" data-end=\"1498\"><strong data-start=\"1445\" data-end=\"1466\">Familia olfativa:<\/strong> Floral \u2013 Afrutada \u2013 Amaderada<\/p>\n<\/li>\n<li class=\"\" data-start=\"1499\" data-end=\"1550\">\n<p class=\"\" data-start=\"1501\" data-end=\"1550\"><strong data-start=\"1501\" data-end=\"1518\">Presentaci\u00f3n:<\/strong> Frasco de 25 ml (Travel Size)<\/p>\n<\/li>\n<li class=\"\" data-start=\"1551\" data-end=\"1589\">\n<p class=\"\" data-start=\"1553\" data-end=\"1589\"><strong data-start=\"1553\" data-end=\"1575\">Duraci\u00f3n estimada:<\/strong> 6 a 8 horas<\/p>\n<\/li>\n<li class=\"\" data-start=\"1590\" data-end=\"1650\">\n<p class=\"\" data-start=\"1592\" data-end=\"1650\"><strong data-start=\"1592\" data-end=\"1607\">Ideal para:<\/strong> Mujeres elegantes, modernas y con estilo<\/p>\n<\/li>\n<li class=\"\" data-start=\"1651\" data-end=\"1720\">\n<p class=\"\" data-start=\"1653\" data-end=\"1720\"><strong data-start=\"1653\" data-end=\"1674\">Formato port\u00e1til:<\/strong> perfecto para viajes o llevar en la cartera<\/p>\n<\/li>\n<li class=\"\" data-start=\"1721\" data-end=\"1758\">\n<p class=\"\" data-start=\"1723\" data-end=\"1758\"><strong data-start=\"1723\" data-end=\"1733\">Marca:<\/strong> Dream Brand Collection<\/p>\n<\/li>\n<\/ul>\n<p>&nbsp;<\/p>\n","protected":false},"excerpt":{"rendered":"<p>Inspirado en: 212 VIP Ros\u00e9 de Carolina Herrera Dream Brand Collection No.009 \u2013 VIP Lady es una fragancia femenina glamorosa<\/p>\n","protected":false},"featured_media":80690,"comment_status":"open","ping_status":"closed","template":"","meta":{"nf_dc_page":""},"product_brand":[],"product_cat":[84],"product_tag":[],"class_list":{"0":"post-80687","1":"product","2":"type-product","3":"status-publish","4":"has-post-thumbnail","6":"product_cat-perfumeria","8":"first","9":"outofstock","10":"shipping-taxable","11":"purchasable","12":"product-type-simple"},"_links":{"self":[{"href":"https:\/\/brandss.com.py\/index\/wp-json\/wp\/v2\/product\/80687","targetHints":{"allow":["GET"]}}],"collection":[{"href":"https:\/\/brandss.com.py\/index\/wp-json\/wp\/v2\/product"}],"about":[{"href":"https:\/\/brandss.com.py\/index\/wp-json\/wp\/v2\/types\/product"}],"replies":[{"embeddable":true,"href":"https:\/\/brandss.com.py\/index\/wp-json\/wp\/v2\/comments?post=80687"}],"version-history":[{"count":1,"href":"https:\/\/brandss.com.py\/index\/wp-json\/wp\/v2\/product\/80687\/revisions"}],"predecessor-version":[{"id":80691,"href":"https:\/\/brandss.com.py\/index\/wp-json\/wp\/v2\/product\/80687\/revisions\/80691"}],"wp:featuredmedia":[{"embeddable":true,"href":"https:\/\/brandss.com.py\/index\/wp-json\/wp\/v2\/media\/80690"}],"wp:attachment":[{"href":"https:\/\/brandss.com.py\/index\/wp-json\/wp\/v2\/media?parent=80687"}],"wp:term":[{"taxonomy":"product_brand","embeddable":true,"href":"https:\/\/brandss.com.py\/index\/wp-json\/wp\/v2\/product_brand?post=80687"},{"taxonomy":"product_cat","embeddable":true,"href":"https:\/\/brandss.com.py\/index\/wp-json\/wp\/v2\/product_cat?post=80687"},{"taxonomy":"product_tag","embeddable":true,"href":"https:\/\/brandss.com.py\/index\/wp-json\/wp\/v2\/product_tag?post=80687"}],"curies":[{"name":"wp","href":"https:\/\/api.w.org\/{rel}","templated":true}]}}