{"id":80696,"date":"2025-04-23T16:41:46","date_gmt":"2025-04-23T16:41:46","guid":{"rendered":"https:\/\/brandss.com.py\/index\/?post_type=product&#038;p=80696"},"modified":"2025-05-10T13:37:06","modified_gmt":"2025-05-10T13:37:06","slug":"perfume-femenino-brand-collection-dream-n-327-edp-25ml","status":"publish","type":"product","link":"https:\/\/brandss.com.py\/index\/producto\/perfume-femenino-brand-collection-dream-n-327-edp-25ml\/","title":{"rendered":"PERFUME FEMENINO BRAND COLLECTION DREAM N\u00b0 327 EDP 25ML"},"content":{"rendered":"<p><img loading=\"lazy\" decoding=\"async\" class=\"\" src=\"https:\/\/brandcollectionperfume.com\/cdn\/shop\/files\/Untitled_design_1.png?v=1687781756&amp;width=500\" alt=\"Terms of Service \u2013 YouSmellSoGood\" width=\"110\" height=\"62\" \/><\/p>\n<h1>DREAM N\u00b0 327<\/h1>\n<p><span>Es una fragancia sofisticada que celebra la elegancia y la feminidad. Esta exuberante fragancia floral captura la esencia de la naturaleza en su forma m\u00e1s encantadora. Con notas armoniosas de flores y un toque sutil de frutas, esta fragancia es una elecci\u00f3n sublime para las mujeres que desean expresar su gracia y refinamiento.<\/span><\/p>\n<p><span>La apertura<\/span><span>\u00a0florece con una explosi\u00f3n de notas c\u00edtricas frescas, como la bergamota, que a\u00f1ade un toque de vitalidad a la fragancia. Luego, la elegancia de las notas florales toma el relevo, con \u00e9nfasis en la rosa y el osmanto, que aportan un car\u00e1cter rom\u00e1ntico y sofisticado.<\/span><\/p>\n<p><span>En el coraz\u00f3n de esta fragancia, la magn\u00edfica presencia del jazm\u00edn aporta un toque de feminidad y suavidad, mientras que las notas de peon\u00eda a\u00f1aden una capa dulce y envolvente.<\/span><\/p>\n<p><span>La base<\/span><span>\u00a0est\u00e1 enriquecida con notas amaderadas y almizcle, que aportan profundidad y sensualidad a la fragancia. Esta base s\u00f3lida complementa la delicadeza de las notas florales, creando una impresi\u00f3n duradera y memorable.<\/span><\/p>\n<p><span>La botella <\/span><span>es una obra de arte en s\u00ed misma, con su elegante silueta y su tap\u00f3n en forma de flor, rindiendo homenaje a la flora en toda su belleza. El color suave del l\u00edquido evoca pureza y feminidad, convirti\u00e9ndolo en una adici\u00f3n encantadora a su colecci\u00f3n de perfumes.<\/span><\/p>\n<p><span>Experimenta la sensaci\u00f3n m\u00e1gica de <\/span>Dream N\u00b0327 \u00a0y d\u00e9jate envolver por el aura de elegancia y gracia. Utilice esta fragancia para celebrar su propia feminidad y transmitir un mensaje de sofisticaci\u00f3n. Con\u00a0Dream N\u00b0 327<span>, te convertir\u00e1s en la encarnaci\u00f3n del encanto y la belleza natural.<\/span><\/p>\n<p>&nbsp;<\/p>\n<h3>Notas Olfativas<\/h3>\n<p>&nbsp;<\/p>\n<p><span>Recuerda que la experiencia del perfume es personal y \u00fanica para cada persona. Te recomendamos probar\u00a0<\/span><strong><span>Dream N\u00b0 327 <\/span><\/strong><span>en tu propia piel para apreciar plenamente sus matices y adaptabilidad. Celebre su singularidad y difunda elegancia con esta fragancia extraordinaria e inspiradora.<\/span><\/p>\n<p>&nbsp;<\/p>\n<p data-pm-slice=\"0 0 []\"><strong><span>Notas de salida:<\/span><\/strong><span> flor de peral, bayas rojas y mandarina italiana.<\/span><\/p>\n<p><strong><span>Notas de coraz\u00f3n:<\/span><\/strong><span> Gardenia, Jazm\u00edn y Jazm\u00edn-Mango.<\/span><\/p>\n<p><strong><span>Notas de fondo:<\/span><\/strong><span>\u00a0az\u00facar moreno y pachul\u00ed.<\/span><\/p>\n","protected":false},"excerpt":{"rendered":"<p>DREAM N\u00b0 327 Es una fragancia sofisticada que celebra la elegancia y la feminidad. Esta exuberante fragancia floral captura la<\/p>\n","protected":false},"featured_media":80697,"comment_status":"open","ping_status":"closed","template":"","meta":{"nf_dc_page":""},"product_brand":[],"product_cat":[84],"product_tag":[],"class_list":{"0":"post-80696","1":"product","2":"type-product","3":"status-publish","4":"has-post-thumbnail","6":"product_cat-perfumeria","8":"first","9":"instock","10":"shipping-taxable","11":"purchasable","12":"product-type-simple"},"_links":{"self":[{"href":"https:\/\/brandss.com.py\/index\/wp-json\/wp\/v2\/product\/80696","targetHints":{"allow":["GET"]}}],"collection":[{"href":"https:\/\/brandss.com.py\/index\/wp-json\/wp\/v2\/product"}],"about":[{"href":"https:\/\/brandss.com.py\/index\/wp-json\/wp\/v2\/types\/product"}],"replies":[{"embeddable":true,"href":"https:\/\/brandss.com.py\/index\/wp-json\/wp\/v2\/comments?post=80696"}],"version-history":[{"count":1,"href":"https:\/\/brandss.com.py\/index\/wp-json\/wp\/v2\/product\/80696\/revisions"}],"predecessor-version":[{"id":80701,"href":"https:\/\/brandss.com.py\/index\/wp-json\/wp\/v2\/product\/80696\/revisions\/80701"}],"wp:featuredmedia":[{"embeddable":true,"href":"https:\/\/brandss.com.py\/index\/wp-json\/wp\/v2\/media\/80697"}],"wp:attachment":[{"href":"https:\/\/brandss.com.py\/index\/wp-json\/wp\/v2\/media?parent=80696"}],"wp:term":[{"taxonomy":"product_brand","embeddable":true,"href":"https:\/\/brandss.com.py\/index\/wp-json\/wp\/v2\/product_brand?post=80696"},{"taxonomy":"product_cat","embeddable":true,"href":"https:\/\/brandss.com.py\/index\/wp-json\/wp\/v2\/product_cat?post=80696"},{"taxonomy":"product_tag","embeddable":true,"href":"https:\/\/brandss.com.py\/index\/wp-json\/wp\/v2\/product_tag?post=80696"}],"curies":[{"name":"wp","href":"https:\/\/api.w.org\/{rel}","templated":true}]}}